{"id":59586,"date":"2024-05-20T13:50:35","date_gmt":"2024-05-20T13:50:35","guid":{"rendered":"https:\/\/skinstudio.ee\/?post_type=product&#038;p=59586"},"modified":"2026-03-25T12:15:25","modified_gmt":"2026-03-25T12:15:25","slug":"vital-c-hydrating-repair-creme","status":"publish","type":"product","link":"https:\/\/skinstudio.ee\/lv\/catalog\/image-skincare\/vital-c-hydrating-repair-creme\/","title":{"rendered":"Vital C Hydrating Repair Creme"},"content":{"rendered":"<p data-start=\"436\" data-end=\"811\">Bag\u0101tin\u0101t\u0101 <strong data-start=\"447\" data-end=\"481\">Vital C Hydrating Repair Creme<\/strong> formula dzi\u013ci baro un mitrina sausu, dehidr\u0113tu \u0101du, pal\u012bdzot atjaunot t\u0101s maigumu un komfortu nakts laik\u0101.<br data-start=\"588\" data-end=\"591\" \/>A, C un E vitam\u012bnu siner\u0123ija nodro\u0161ina sp\u0113c\u012bgu antioksidantu aizsardz\u012bbu, izl\u012bdzina \u0101das toni un pie\u0161\u0137ir \u0101dai dz\u012bv\u012bgumu un vesel\u012bgu mirdzumu. Kr\u0113m\u012bg\u0101 tekst\u016bra maigi ies\u016bcas \u0101d\u0101, padarot to gludu, elast\u012bgu un starojo\u0161u.<\/p>\n<p data-start=\"813\" data-end=\"1106\">Hialuronsk\u0101bes un keram\u012bdu kombin\u0101cija pal\u012bdz saglab\u0101t mitrumu, stiprina \u0101das aizsargbarjeru un pasarg\u0101 to no priek\u0161laic\u012bgas noveco\u0161an\u0101s un stresa.<br data-start=\"960\" data-end=\"963\" \/>Svaigais apels\u012bna arom\u0101ts p\u0101rv\u0113r\u0161 vakara \u0101das kop\u0161anas ritu\u0101lu par patiesu baud\u012bjumu, pal\u012bdzot \u0101dai atjaunoties un k\u013c\u016bt mirdzo\u0161ai l\u012bdz r\u012btam.<\/p>\n<p data-start=\"1108\" data-end=\"1127\"><strong data-start=\"1108\" data-end=\"1120\">Tilpums:<\/strong> 28 g \/ 57 g<\/p>\n","protected":false},"excerpt":{"rendered":"<p data-start=\"1259\" data-end=\"1297\">Mitrino\u0161s un atjaunojo\u0161s nakts kr\u0113ms<\/p>\n<h2 data-start=\"1299\" data-end=\"1580\"><strong data-start=\"1299\" data-end=\"1359\">\u012apa\u0161\u012bbas IMAGE Skincare &#8211; Vital C Hydrating Repair Creme<\/strong><\/h2>\n<p data-start=\"1299\" data-end=\"1580\">\u2714\ufe0f Samazina s\u012bk\u0101s grumbi\u0146as un krunci\u0146as<br data-start=\"1402\" data-end=\"1405\" \/>\u2714\ufe0f Nodro\u0161ina sp\u0113c\u012bgu antioksidantu aizsardz\u012bbu<br data-start=\"1451\" data-end=\"1454\" \/>\u2714\ufe0f Baro sausu, bl\u0101vu un noguru\u0161u \u0101du<br data-start=\"1490\" data-end=\"1493\" \/>\u2714\ufe0f Stiprina \u0101das barjeru un saglab\u0101 mitrumu<br data-start=\"1536\" data-end=\"1539\" \/>\u2714\ufe0f Padara \u0101du maigu, gludu un starojo\u0161u<\/p>\n","protected":false},"featured_media":59587,"template":"","meta":[],"pwb-brand":[1134],"product_brand":[],"product_cat":[737,739,753],"product_tag":[],"giftcard-category":[],"class_list":{"0":"post-59586","1":"product","2":"type-product","3":"status-publish","4":"has-post-thumbnail","6":"pwb-brand-image-skincare","7":"product_cat-mitrinasana","8":"product_cat-sausai-adai","9":"product_cat-travel-size-lv","10":"pa_suurus-28g-lv","11":"pa_suurus-57g-lv","13":"first","14":"instock","15":"taxable","16":"shipping-taxable","17":"purchasable","18":"product-type-variable"},"acf":[],"brands":[{"id":1134,"name":"Image Skincare","slug":"image-skincare"}],"_links":{"self":[{"href":"https:\/\/skinstudio.ee\/lv\/wp-json\/wp\/v2\/product\/59586","targetHints":{"allow":["GET"]}}],"collection":[{"href":"https:\/\/skinstudio.ee\/lv\/wp-json\/wp\/v2\/product"}],"about":[{"href":"https:\/\/skinstudio.ee\/lv\/wp-json\/wp\/v2\/types\/product"}],"version-history":[{"count":1,"href":"https:\/\/skinstudio.ee\/lv\/wp-json\/wp\/v2\/product\/59586\/revisions"}],"predecessor-version":[{"id":88113,"href":"https:\/\/skinstudio.ee\/lv\/wp-json\/wp\/v2\/product\/59586\/revisions\/88113"}],"wp:featuredmedia":[{"embeddable":true,"href":"https:\/\/skinstudio.ee\/lv\/wp-json\/wp\/v2\/media\/59587"}],"wp:attachment":[{"href":"https:\/\/skinstudio.ee\/lv\/wp-json\/wp\/v2\/media?parent=59586"}],"wp:term":[{"taxonomy":"pwb-brand","embeddable":true,"href":"https:\/\/skinstudio.ee\/lv\/wp-json\/wp\/v2\/pwb-brand?post=59586"},{"taxonomy":"product_brand","embeddable":true,"href":"https:\/\/skinstudio.ee\/lv\/wp-json\/wp\/v2\/product_brand?post=59586"},{"taxonomy":"product_cat","embeddable":true,"href":"https:\/\/skinstudio.ee\/lv\/wp-json\/wp\/v2\/product_cat?post=59586"},{"taxonomy":"product_tag","embeddable":true,"href":"https:\/\/skinstudio.ee\/lv\/wp-json\/wp\/v2\/product_tag?post=59586"},{"taxonomy":"giftcard-category","embeddable":true,"href":"https:\/\/skinstudio.ee\/lv\/wp-json\/wp\/v2\/giftcard-category?post=59586"}],"curies":[{"name":"wp","href":"https:\/\/api.w.org\/{rel}","templated":true}]}}