{"id":59596,"date":"2024-05-20T14:00:57","date_gmt":"2024-05-20T14:00:57","guid":{"rendered":"https:\/\/skinstudio.ee\/?post_type=product&#038;p=59596"},"modified":"2026-02-24T15:16:23","modified_gmt":"2026-02-24T15:16:23","slug":"vital-c-hydrating-enzyme-masque","status":"publish","type":"product","link":"https:\/\/skinstudio.ee\/lv\/catalog\/image-skincare\/vital-c-hydrating-enzyme-masque\/","title":{"rendered":"Vital C Hydrating Enzyme Masque"},"content":{"rendered":"<p data-start=\"442\" data-end=\"759\">Mitrino\u0161\u0101 un eksfoli\u0113jo\u0161\u0101 <strong data-start=\"468\" data-end=\"503\">Vital C Hydrating Enzyme Masque<\/strong> ar aug\u013cu enz\u012bmiem un C vitam\u012bnu maigi atjauno \u0101du, padarot to gludu, vienm\u0113r\u012bgu un starojo\u0161u.<br data-start=\"597\" data-end=\"600\" \/>Formula pal\u012bdz stiprin\u0101t kapil\u0101rus, uzlabo mikrocirkul\u0101ciju un atjauno vesel\u012bgu \u0101das mirdzumu. P\u0113c pirm\u0101s lieto\u0161anas \u0101da izskat\u0101s svaiga, gai\u0161a un atjaunota.<\/p>\n<p data-start=\"761\" data-end=\"1067\">Bag\u0101tin\u0101ta ar vitam\u012bniem un antioksidantiem, \u0161\u012b maska baro un aizsarg\u0101 \u0101du no apk\u0101rt\u0113j\u0101s vides ietekmes, savuk\u0101rt dab\u012bgie aug\u013cu enz\u012bmi maigi no\u0146em atmiru\u0161\u0101s \u0161\u016bnas, neradot kairin\u0101jumu.<br data-start=\"945\" data-end=\"948\" \/>Regul\u0101ra <strong data-start=\"957\" data-end=\"992\">Vital C Hydrating Enzyme Masque<\/strong> lieto\u0161ana pal\u012bdz uztur\u0113t vesel\u012bgu, starojo\u0161u un jaunekl\u012bgu \u0101das izskatu.<\/p>\n<p data-start=\"1069\" data-end=\"1088\"><strong data-start=\"1069\" data-end=\"1081\">Tilpums:<\/strong> 28 g \/ 57 g<\/p>\n","protected":false},"excerpt":{"rendered":"<p data-start=\"1239\" data-end=\"1253\">Enz\u012bmu maska<\/p>\n<h2 data-start=\"1255\" data-end=\"1535\"><strong data-start=\"1255\" data-end=\"1316\">\u012apa\u0161\u012bbas IMAGE Skincare &#8211; Vital C Hydrating Enzyme Masque<\/strong><\/h2>\n<p data-start=\"1255\" data-end=\"1535\">\u2714\ufe0f Maigi eksfoli\u0113 un atjauno \u0101du<br data-start=\"1351\" data-end=\"1354\" \/>\u2714\ufe0f Uzlabo \u0101das toni un pie\u0161\u0137ir mirdzumu<br data-start=\"1393\" data-end=\"1396\" \/>\u2714\ufe0f Stiprina kapil\u0101rus un uzlabo mikrocirkul\u0101ciju<br data-start=\"1444\" data-end=\"1447\" \/>\u2714\ufe0f Baro \u0101du ar vitam\u012bniem un antioksidantiem<br data-start=\"1491\" data-end=\"1494\" \/>\u2714\ufe0f Padara \u0101du gludu, maigu un starojo\u0161u<\/p>\n","protected":false},"featured_media":62417,"template":"","meta":[],"pwb-brand":[1134],"product_brand":[],"product_cat":[725,753],"product_tag":[],"giftcard-category":[],"class_list":{"0":"post-59596","1":"product","2":"type-product","3":"status-publish","4":"has-post-thumbnail","6":"pwb-brand-image-skincare","7":"product_cat-maskas","8":"product_cat-travel-size-lv","9":"pa_suurus-28g-lv","10":"pa_suurus-57g-lv","12":"first","13":"instock","14":"taxable","15":"shipping-taxable","16":"purchasable","17":"product-type-variable"},"acf":[],"brands":[{"id":1134,"name":"Image Skincare","slug":"image-skincare"}],"_links":{"self":[{"href":"https:\/\/skinstudio.ee\/lv\/wp-json\/wp\/v2\/product\/59596","targetHints":{"allow":["GET"]}}],"collection":[{"href":"https:\/\/skinstudio.ee\/lv\/wp-json\/wp\/v2\/product"}],"about":[{"href":"https:\/\/skinstudio.ee\/lv\/wp-json\/wp\/v2\/types\/product"}],"version-history":[{"count":1,"href":"https:\/\/skinstudio.ee\/lv\/wp-json\/wp\/v2\/product\/59596\/revisions"}],"predecessor-version":[{"id":83398,"href":"https:\/\/skinstudio.ee\/lv\/wp-json\/wp\/v2\/product\/59596\/revisions\/83398"}],"wp:featuredmedia":[{"embeddable":true,"href":"https:\/\/skinstudio.ee\/lv\/wp-json\/wp\/v2\/media\/62417"}],"wp:attachment":[{"href":"https:\/\/skinstudio.ee\/lv\/wp-json\/wp\/v2\/media?parent=59596"}],"wp:term":[{"taxonomy":"pwb-brand","embeddable":true,"href":"https:\/\/skinstudio.ee\/lv\/wp-json\/wp\/v2\/pwb-brand?post=59596"},{"taxonomy":"product_brand","embeddable":true,"href":"https:\/\/skinstudio.ee\/lv\/wp-json\/wp\/v2\/product_brand?post=59596"},{"taxonomy":"product_cat","embeddable":true,"href":"https:\/\/skinstudio.ee\/lv\/wp-json\/wp\/v2\/product_cat?post=59596"},{"taxonomy":"product_tag","embeddable":true,"href":"https:\/\/skinstudio.ee\/lv\/wp-json\/wp\/v2\/product_tag?post=59596"},{"taxonomy":"giftcard-category","embeddable":true,"href":"https:\/\/skinstudio.ee\/lv\/wp-json\/wp\/v2\/giftcard-category?post=59596"}],"curies":[{"name":"wp","href":"https:\/\/api.w.org\/{rel}","templated":true}]}}