{"id":59605,"date":"2024-05-20T14:13:42","date_gmt":"2024-05-20T14:13:42","guid":{"rendered":"https:\/\/skinstudio.ee\/?post_type=product&#038;p=59605"},"modified":"2025-12-29T09:56:30","modified_gmt":"2025-12-29T09:56:30","slug":"vital-c-hydrating-antioxidant-a-c-e-serum","status":"publish","type":"product","link":"https:\/\/skinstudio.ee\/lv\/catalog\/image-skincare\/vital-c-hydrating-antioxidant-a-c-e-serum\/","title":{"rendered":"Vital C Hydrating Antioxidant A C E Serum"},"content":{"rendered":"<p data-start=\"462\" data-end=\"869\">Koncentr\u0113tais <strong data-start=\"476\" data-end=\"521\">Vital C Hydrating Antioxidant A C E Serum<\/strong> apvieno tr\u012bs stabilas C vitam\u012bna formas ar A un E vitam\u012bniem, pal\u012bdzot stiprin\u0101t \u0101du, uzlabot t\u0101s tekst\u016bru un pie\u0161\u0137irt vesel\u012bgu mirdzumu.<br data-start=\"659\" data-end=\"662\" \/>Sp\u0113c\u012bg\u0101 augu izcelsmes antioksidantu kombin\u0101cija \u2013 za\u013c\u0101s t\u0113jas, ehin\u0101cijas un l\u0101cenes ekstrakti \u2013 pal\u012bdz samazin\u0101t pigment\u0101ciju, pie\u0161\u0137ir \u0101dai svaigumu un aizsarg\u0101 to no oksidat\u012bv\u0101 stresa un vides ietekmes.<\/p>\n<p data-start=\"871\" data-end=\"1167\">Viegl\u0101, z\u012bdain\u0101 tekst\u016bra \u0101tri ies\u016bcas, nodro\u0161inot intens\u012bvu mitrin\u0101\u0161anu un komfortu visas dienas garum\u0101. Serumu var lietot atsevi\u0161\u0137i vai sajaukt ar citiem IMAGE produktiem papildu baro\u0161anai un mitrin\u0101\u0161anai.<br data-start=\"1077\" data-end=\"1080\" \/>Lieliski piem\u0113rots ar\u012b v\u012brie\u0161iem \u0101das un b\u0101rdas kop\u0161anai, padarot \u0101du maigu un koptu.<\/p>\n<p data-start=\"1169\" data-end=\"1189\"><strong data-start=\"1169\" data-end=\"1181\">Tilpums:<\/strong> 30 ml<\/p>\n","protected":false},"excerpt":{"rendered":"<p data-start=\"1371\" data-end=\"1402\">Barojo\u0161s antioksidantu serums<\/p>\n<h2 data-start=\"1404\" data-end=\"1685\"><strong data-start=\"1404\" data-end=\"1475\">\u012apa\u0161\u012bbas IMAGE Skincare &#8211; Vital C Hydrating Antioxidant A C E Serum<\/strong><\/h2>\n<p data-start=\"1404\" data-end=\"1685\">\u2714\ufe0f Aizsarg\u0101 no br\u012bvajiem radik\u0101\u013ciem un oksidat\u012bv\u0101 stresa<br data-start=\"1534\" data-end=\"1537\" \/>\u2714\ufe0f Uzlabo \u0101das toni un mirdzumu<br data-start=\"1568\" data-end=\"1571\" \/>\u2714\ufe0f Dzi\u013ci mitrina un baro \u0101du<br data-start=\"1599\" data-end=\"1602\" \/>\u2714\ufe0f Veicina elast\u012bbu un vitalit\u0101ti<br data-start=\"1635\" data-end=\"1638\" \/>\u2714\ufe0f Satur sp\u0113c\u012bgu A, C un E vitam\u012bnu kompleksu<\/p>\n","protected":false},"featured_media":62402,"template":"","meta":[],"pwb-brand":[1134],"product_brand":[],"product_cat":[749,739,723],"product_tag":[],"giftcard-category":[],"class_list":{"0":"post-59605","1":"product","2":"type-product","3":"status-publish","4":"has-post-thumbnail","6":"pwb-brand-image-skincare","7":"product_cat-novecojosa-ada","8":"product_cat-sausai-adai","9":"product_cat-serumi","11":"first","12":"instock","13":"taxable","14":"shipping-taxable","15":"purchasable","16":"product-type-simple"},"acf":[],"brands":[{"id":1134,"name":"Image Skincare","slug":"image-skincare"}],"_links":{"self":[{"href":"https:\/\/skinstudio.ee\/lv\/wp-json\/wp\/v2\/product\/59605","targetHints":{"allow":["GET"]}}],"collection":[{"href":"https:\/\/skinstudio.ee\/lv\/wp-json\/wp\/v2\/product"}],"about":[{"href":"https:\/\/skinstudio.ee\/lv\/wp-json\/wp\/v2\/types\/product"}],"version-history":[{"count":0,"href":"https:\/\/skinstudio.ee\/lv\/wp-json\/wp\/v2\/product\/59605\/revisions"}],"wp:featuredmedia":[{"embeddable":true,"href":"https:\/\/skinstudio.ee\/lv\/wp-json\/wp\/v2\/media\/62402"}],"wp:attachment":[{"href":"https:\/\/skinstudio.ee\/lv\/wp-json\/wp\/v2\/media?parent=59605"}],"wp:term":[{"taxonomy":"pwb-brand","embeddable":true,"href":"https:\/\/skinstudio.ee\/lv\/wp-json\/wp\/v2\/pwb-brand?post=59605"},{"taxonomy":"product_brand","embeddable":true,"href":"https:\/\/skinstudio.ee\/lv\/wp-json\/wp\/v2\/product_brand?post=59605"},{"taxonomy":"product_cat","embeddable":true,"href":"https:\/\/skinstudio.ee\/lv\/wp-json\/wp\/v2\/product_cat?post=59605"},{"taxonomy":"product_tag","embeddable":true,"href":"https:\/\/skinstudio.ee\/lv\/wp-json\/wp\/v2\/product_tag?post=59605"},{"taxonomy":"giftcard-category","embeddable":true,"href":"https:\/\/skinstudio.ee\/lv\/wp-json\/wp\/v2\/giftcard-category?post=59605"}],"curies":[{"name":"wp","href":"https:\/\/api.w.org\/{rel}","templated":true}]}}