{"id":59615,"date":"2024-05-20T14:28:53","date_gmt":"2024-05-20T14:28:53","guid":{"rendered":"https:\/\/skinstudio.ee\/?post_type=product&#038;p=59615"},"modified":"2025-12-29T09:56:31","modified_gmt":"2025-12-29T09:56:31","slug":"vital-c-hydrating-overnight-masque","status":"publish","type":"product","link":"https:\/\/skinstudio.ee\/lv\/catalog\/image-skincare\/vital-c-hydrating-overnight-masque\/","title":{"rendered":"Vital C Hydrating Overnight Masque"},"content":{"rendered":"<div class=\"woocommerce-product-details__short-description\">\n<p data-start=\"442\" data-end=\"792\"><strong data-start=\"442\" data-end=\"480\">Vital C Hydrating Overnight Masque<\/strong> ar vitam\u012bniem un tr\u012bsk\u0101r\u0161u miner\u0101lu kompleksu baro, atjauno un pie\u0161\u0137ir \u0101dai ener\u0123iju miega laik\u0101, atst\u0101jot to mitrin\u0101tu, gludu un svaigu no r\u012bta.<br data-start=\"626\" data-end=\"629\" \/>Formula ar zilza\u013co a\u013c\u0123u ekstraktu, antioksidantiem un C vitam\u012bnu pal\u012bdz izl\u012bdzin\u0101t smalk\u0101s l\u012bnijas, uzlabot elast\u012bbu un pie\u0161\u0137ir \u0101dai vesel\u012bgu, starojo\u0161u izskatu.<\/p>\n<p data-start=\"794\" data-end=\"1086\">Viegl\u0101 g\u0113la tekst\u016bra \u0101tri ies\u016bcas, nepadarot \u0101du lip\u012bgu, saglab\u0101jot mitrumu un stiprinot \u0101das aizsargbarjeru visu nakti.<br data-start=\"914\" data-end=\"917\" \/>Maksim\u0101lai atjauno\u0161anai vari pievienot da\u017eus pilienus Vital C barojo\u0161\u0101 seruma vai lietot masku p\u0101rmai\u0146us ar Ageless Retinol Mask, lai uzlabotu \u0101das tvirtumu un tonusu.<\/p>\n<p data-start=\"1088\" data-end=\"1107\"><strong data-start=\"1088\" data-end=\"1100\">Tilpums:<\/strong> 57 g<\/p>\n<\/div>\n","protected":false},"excerpt":{"rendered":"<p data-start=\"1283\" data-end=\"1306\">Nakts mitrino\u0161\u0101 maska<\/p>\n<h2 data-start=\"1308\" data-end=\"1594\"><strong data-start=\"1308\" data-end=\"1372\">\u012apa\u0161\u012bbas IMAGE Skincare &#8211; Vital C Hydrating Overnight Masque<\/strong><\/h2>\n<p data-start=\"1308\" data-end=\"1594\">\u2714\ufe0f Piepilda \u0101du ar ener\u0123iju miega laik\u0101<br data-start=\"1414\" data-end=\"1417\" \/>\u2714\ufe0f Dzi\u013ci mitrina un atjauno \u0101du<br data-start=\"1448\" data-end=\"1451\" \/>\u2714\ufe0f Izl\u012bdzina smalk\u0101s l\u012bnijas un krunci\u0146as<br data-start=\"1492\" data-end=\"1495\" \/>\u2714\ufe0f Pie\u0161\u0137ir \u0101dai svaigumu un r\u012bta mirdzumu<br data-start=\"1536\" data-end=\"1539\" \/>\u2714\ufe0f Satur zilza\u013co a\u013c\u0123u ekstraktu un miner\u0101lu kompleksu<\/p>\n","protected":false},"featured_media":62432,"template":"","meta":[],"pwb-brand":[1134],"product_brand":[],"product_cat":[725,737],"product_tag":[],"giftcard-category":[],"class_list":{"0":"post-59615","1":"product","2":"type-product","3":"status-publish","4":"has-post-thumbnail","6":"pwb-brand-image-skincare","7":"product_cat-maskas","8":"product_cat-mitrinasana","10":"first","11":"instock","12":"taxable","13":"shipping-taxable","14":"purchasable","15":"product-type-simple"},"acf":[],"brands":[{"id":1134,"name":"Image Skincare","slug":"image-skincare"}],"_links":{"self":[{"href":"https:\/\/skinstudio.ee\/lv\/wp-json\/wp\/v2\/product\/59615","targetHints":{"allow":["GET"]}}],"collection":[{"href":"https:\/\/skinstudio.ee\/lv\/wp-json\/wp\/v2\/product"}],"about":[{"href":"https:\/\/skinstudio.ee\/lv\/wp-json\/wp\/v2\/types\/product"}],"version-history":[{"count":0,"href":"https:\/\/skinstudio.ee\/lv\/wp-json\/wp\/v2\/product\/59615\/revisions"}],"wp:featuredmedia":[{"embeddable":true,"href":"https:\/\/skinstudio.ee\/lv\/wp-json\/wp\/v2\/media\/62432"}],"wp:attachment":[{"href":"https:\/\/skinstudio.ee\/lv\/wp-json\/wp\/v2\/media?parent=59615"}],"wp:term":[{"taxonomy":"pwb-brand","embeddable":true,"href":"https:\/\/skinstudio.ee\/lv\/wp-json\/wp\/v2\/pwb-brand?post=59615"},{"taxonomy":"product_brand","embeddable":true,"href":"https:\/\/skinstudio.ee\/lv\/wp-json\/wp\/v2\/product_brand?post=59615"},{"taxonomy":"product_cat","embeddable":true,"href":"https:\/\/skinstudio.ee\/lv\/wp-json\/wp\/v2\/product_cat?post=59615"},{"taxonomy":"product_tag","embeddable":true,"href":"https:\/\/skinstudio.ee\/lv\/wp-json\/wp\/v2\/product_tag?post=59615"},{"taxonomy":"giftcard-category","embeddable":true,"href":"https:\/\/skinstudio.ee\/lv\/wp-json\/wp\/v2\/giftcard-category?post=59615"}],"curies":[{"name":"wp","href":"https:\/\/api.w.org\/{rel}","templated":true}]}}