{"id":59626,"date":"2024-05-20T14:44:29","date_gmt":"2024-05-20T14:44:29","guid":{"rendered":"https:\/\/skinstudio.ee\/?post_type=product&#038;p=59626"},"modified":"2026-02-24T15:10:42","modified_gmt":"2026-02-24T15:10:42","slug":"vital-c-hydrating-water-burst","status":"publish","type":"product","link":"https:\/\/skinstudio.ee\/lv\/catalog\/image-skincare\/vital-c-hydrating-water-burst\/","title":{"rendered":"Vital C Hydrating Water Burst"},"content":{"rendered":"<p data-start=\"481\" data-end=\"879\"><strong data-start=\"481\" data-end=\"514\">Vital C Hydrating Water Burst<\/strong> ir \u012bpa\u0161i viegls mitrino\u0161s gels, kas saskar\u0113 ar \u0101du p\u0101rv\u0113r\u0161as par atsvaidzino\u0161u antioksidantu flu\u012bdu.<br data-start=\"615\" data-end=\"618\" \/>Inovat\u012bv\u0101 Water Burst tehnolo\u0123ija aktiviz\u0113jas, kad gels tiek uzkl\u0101ts uz \u0101das, atbr\u012bvojot akt\u012bvo sast\u0101vda\u013cu vilni, kas dzi\u013ci mitrina, baro un atjauno \u0101du. Formula pal\u012bdz uzlabot elast\u012bbu, samazin\u0101t s\u012bkas krunci\u0146as un pasarg\u0101t \u0101du no priek\u0161laic\u012bgas noveco\u0161an\u0101s.<\/p>\n<p data-start=\"881\" data-end=\"1162\"><strong data-start=\"881\" data-end=\"914\">Vital C Hydrating Water Burst<\/strong> darbojas k\u0101 ener\u0123iju pie\u0161\u0137iro\u0161s \u0101das kop\u0161anas pastiprin\u0101t\u0101js, kas atsvaidzina un pie\u0161\u0137ir \u0101dai vesel\u012bgu, starojo\u0161u izskatu. T\u0101 viegl\u0101, z\u012bdain\u0101 tekst\u016bra \u0101tri ies\u016bcas, un svaigais citrusaug\u013cu arom\u0101ts padara ikdienas kop\u0161anu pat\u012bkamu un relaks\u0113jo\u0161u.<\/p>\n<p data-start=\"1164\" data-end=\"1647\"><strong data-start=\"1164\" data-end=\"1188\">Akt\u012bv\u0101s sast\u0101vda\u013cas:<\/strong><br data-start=\"1188\" data-end=\"1191\" \/><strong data-start=\"1191\" data-end=\"1208\">Hialuronsk\u0101be<\/strong> \u2013 piesaista un saglab\u0101 mitrumu, nodro\u0161inot dzi\u013cu \u0101das mitrin\u0101\u0161anu un elast\u012bbu.<br data-start=\"1287\" data-end=\"1290\" \/><strong data-start=\"1290\" data-end=\"1317\">Magnija askorbilfosf\u0101ts<\/strong> \u2013 stabila C vitam\u012bna forma, kas izgaismo \u0101du un aizsarg\u0101 pret oksidat\u012bvo stresu.<br data-start=\"1398\" data-end=\"1401\" \/><strong data-start=\"1401\" data-end=\"1424\">Apels\u012bna mizas e\u013c\u013ca<\/strong> \u2013 pie\u0161\u0137ir atsvaidzino\u0161u citrusaug\u013cu arom\u0101tu un toniz\u0113 \u0101du.<br data-start=\"1483\" data-end=\"1486\" \/><strong data-start=\"1486\" data-end=\"1500\">E vitam\u012bns<\/strong> \u2013 antioksidants, kas baro un m\u012bkstina \u0101du.<br data-start=\"1543\" data-end=\"1546\" \/><strong data-start=\"1546\" data-end=\"1570\">Acetilheksapept\u012bds-8<\/strong> \u2013 pept\u012bds, kas pal\u012bdz samazin\u0101t mimikas krunci\u0146as un uzlabo \u0101das elast\u012bbu.<\/p>\n<p data-start=\"1649\" data-end=\"1669\"><strong data-start=\"1649\" data-end=\"1661\">Tilpums:<\/strong> 32 ml \/ 59 ml<\/p>\n","protected":false},"excerpt":{"rendered":"<p data-start=\"1987\" data-end=\"2018\">Mitrino\u0161s C vitam\u012bna boosters<\/p>\n<h2 data-start=\"2020\" data-end=\"2290\"><strong data-start=\"2020\" data-end=\"2079\">\u012apa\u0161\u012bbas IMAGE Skincare &#8211; Vital C Hydrating Water Burst<\/strong><\/h2>\n<p data-start=\"2020\" data-end=\"2290\">\u2714\ufe0f P\u0101rv\u0113r\u0161as par \u016bdens flu\u012bdu, uzkl\u0101jot uz \u0101das<br data-start=\"2129\" data-end=\"2132\" \/>\u2714\ufe0f Dzi\u013ci mitrina un atsvaidzina \u0101du<br data-start=\"2167\" data-end=\"2170\" \/>\u2714\ufe0f Samazina smalk\u0101s l\u012bnijas un krunci\u0146as<br data-start=\"2210\" data-end=\"2213\" \/>\u2714\ufe0f Uzlabo \u0101das elast\u012bbu un tvirtumu<br data-start=\"2248\" data-end=\"2251\" \/>\u2714\ufe0f Pie\u0161\u0137ir \u0101dai ener\u0123iju un starojumu<\/p>\n","protected":false},"featured_media":62427,"template":"","meta":[],"pwb-brand":[1134],"product_brand":[],"product_cat":[745,737,747,753],"product_tag":[],"giftcard-category":[],"class_list":{"0":"post-59626","1":"product","2":"type-product","3":"status-publish","4":"has-post-thumbnail","6":"pwb-brand-image-skincare","7":"product_cat-jutiga-ada","8":"product_cat-mitrinasana","9":"product_cat-taukaina-ada","10":"product_cat-travel-size","11":"pa_suurus-32ml-lv","12":"pa_suurus-59ml-lv","14":"first","15":"instock","16":"sale","17":"taxable","18":"shipping-taxable","19":"purchasable","20":"product-type-variable"},"acf":[],"brands":[{"id":1134,"name":"Image Skincare","slug":"image-skincare"}],"_links":{"self":[{"href":"https:\/\/skinstudio.ee\/lv\/wp-json\/wp\/v2\/product\/59626","targetHints":{"allow":["GET"]}}],"collection":[{"href":"https:\/\/skinstudio.ee\/lv\/wp-json\/wp\/v2\/product"}],"about":[{"href":"https:\/\/skinstudio.ee\/lv\/wp-json\/wp\/v2\/types\/product"}],"version-history":[{"count":1,"href":"https:\/\/skinstudio.ee\/lv\/wp-json\/wp\/v2\/product\/59626\/revisions"}],"predecessor-version":[{"id":83377,"href":"https:\/\/skinstudio.ee\/lv\/wp-json\/wp\/v2\/product\/59626\/revisions\/83377"}],"wp:featuredmedia":[{"embeddable":true,"href":"https:\/\/skinstudio.ee\/lv\/wp-json\/wp\/v2\/media\/62427"}],"wp:attachment":[{"href":"https:\/\/skinstudio.ee\/lv\/wp-json\/wp\/v2\/media?parent=59626"}],"wp:term":[{"taxonomy":"pwb-brand","embeddable":true,"href":"https:\/\/skinstudio.ee\/lv\/wp-json\/wp\/v2\/pwb-brand?post=59626"},{"taxonomy":"product_brand","embeddable":true,"href":"https:\/\/skinstudio.ee\/lv\/wp-json\/wp\/v2\/product_brand?post=59626"},{"taxonomy":"product_cat","embeddable":true,"href":"https:\/\/skinstudio.ee\/lv\/wp-json\/wp\/v2\/product_cat?post=59626"},{"taxonomy":"product_tag","embeddable":true,"href":"https:\/\/skinstudio.ee\/lv\/wp-json\/wp\/v2\/product_tag?post=59626"},{"taxonomy":"giftcard-category","embeddable":true,"href":"https:\/\/skinstudio.ee\/lv\/wp-json\/wp\/v2\/giftcard-category?post=59626"}],"curies":[{"name":"wp","href":"https:\/\/api.w.org\/{rel}","templated":true}]}}