{"id":59635,"date":"2024-05-20T15:19:01","date_gmt":"2024-05-20T15:19:01","guid":{"rendered":"https:\/\/skinstudio.ee\/?post_type=product&#038;p=59635"},"modified":"2025-12-29T09:56:30","modified_gmt":"2025-12-29T09:56:30","slug":"vital-c-hydrating-hand-and-body-lotion","status":"publish","type":"product","link":"https:\/\/skinstudio.ee\/lv\/catalog\/image-skincare\/vital-c-hydrating-hand-and-body-lotion\/","title":{"rendered":"Vital C Hydrating Hand and Body Lotion"},"content":{"rendered":"<p data-start=\"407\" data-end=\"715\"><strong data-start=\"407\" data-end=\"449\">Vital C Hydrating Hand and Body Lotion<\/strong> ir atjaunojo\u0161s \u0137erme\u0146a losjons ar bag\u0101t\u012bgu organisko e\u013c\u013cu un sp\u0113c\u012bgu antioksidantu sast\u0101vu.<br data-start=\"541\" data-end=\"544\" \/>Formul\u0101 apvienoti C vitam\u012bns, citrusaug\u013cu \u0113terisk\u0101s e\u013c\u013cas un dabiskie emolienti, kas dzi\u013ci baro, mitrina un pal\u012bdz atjaunot \u0101das elast\u012bbu, padarot to gludu un starojo\u0161u.<\/p>\n<p data-start=\"717\" data-end=\"1005\">Viegl\u0101, maigi kr\u0113m\u012bg\u0101 tekst\u016bra \u0101tri ies\u016bcas, neatst\u0101jot taukainu saj\u016btu.<br data-start=\"789\" data-end=\"792\" \/>Atsvaidzino\u0161ais citrusaug\u013cu arom\u0101ts pie\u0161\u0137ir ener\u0123iju un padara ikdienas \u0101das kop\u0161anu pat\u012bkamu un iedvesmojo\u0161u.<br data-start=\"902\" data-end=\"905\" \/><strong data-start=\"905\" data-end=\"947\">Vital C Hydrating Hand and Body Lotion<\/strong> ir ide\u0101ls risin\u0101jums m\u012bkstai, vesel\u012bgai un koptai \u0101dai.<\/p>\n<p data-start=\"1007\" data-end=\"1027\"><strong data-start=\"1007\" data-end=\"1019\">Tilpums:<\/strong> 170 g<\/p>\n","protected":false},"excerpt":{"rendered":"<p data-start=\"1167\" data-end=\"1202\">Mitrino\u0161s kr\u0113ms rok\u0101m un \u0137ermenim<\/p>\n<h2 data-start=\"1204\" data-end=\"1466\"><strong data-start=\"1204\" data-end=\"1272\">\u012apa\u0161\u012bbas IMAGE Skincare &#8211; Vital C Hydrating Hand and Body Lotion<\/strong><\/h2>\n<p data-start=\"1204\" data-end=\"1466\">\u2714\ufe0f Dzi\u013ci baro un mitrina \u0101du<br data-start=\"1303\" data-end=\"1306\" \/>\u2714\ufe0f Uzlabo \u0101das tekst\u016bru un elast\u012bbu<br data-start=\"1341\" data-end=\"1344\" \/>\u2714\ufe0f Atsvaidzina un sniedz ener\u0123iju<br data-start=\"1377\" data-end=\"1380\" \/>\u2714\ufe0f \u0100tri ies\u016bcas, neatst\u0101jot taukainu sl\u0101ni<br data-start=\"1422\" data-end=\"1425\" \/>\u2714\ufe0f Padara \u0101du maigu, gludu un starojo\u0161u<\/p>\n","protected":false},"featured_media":62422,"template":"","meta":[],"pwb-brand":[1134],"product_brand":[],"product_cat":[757],"product_tag":[],"giftcard-category":[],"class_list":{"0":"post-59635","1":"product","2":"type-product","3":"status-publish","4":"has-post-thumbnail","6":"pwb-brand-image-skincare","7":"product_cat-kermena-kopsana","9":"first","10":"outofstock","11":"taxable","12":"shipping-taxable","13":"purchasable","14":"product-type-simple"},"acf":[],"brands":[{"id":1134,"name":"Image Skincare","slug":"image-skincare"}],"_links":{"self":[{"href":"https:\/\/skinstudio.ee\/lv\/wp-json\/wp\/v2\/product\/59635","targetHints":{"allow":["GET"]}}],"collection":[{"href":"https:\/\/skinstudio.ee\/lv\/wp-json\/wp\/v2\/product"}],"about":[{"href":"https:\/\/skinstudio.ee\/lv\/wp-json\/wp\/v2\/types\/product"}],"version-history":[{"count":0,"href":"https:\/\/skinstudio.ee\/lv\/wp-json\/wp\/v2\/product\/59635\/revisions"}],"wp:featuredmedia":[{"embeddable":true,"href":"https:\/\/skinstudio.ee\/lv\/wp-json\/wp\/v2\/media\/62422"}],"wp:attachment":[{"href":"https:\/\/skinstudio.ee\/lv\/wp-json\/wp\/v2\/media?parent=59635"}],"wp:term":[{"taxonomy":"pwb-brand","embeddable":true,"href":"https:\/\/skinstudio.ee\/lv\/wp-json\/wp\/v2\/pwb-brand?post=59635"},{"taxonomy":"product_brand","embeddable":true,"href":"https:\/\/skinstudio.ee\/lv\/wp-json\/wp\/v2\/product_brand?post=59635"},{"taxonomy":"product_cat","embeddable":true,"href":"https:\/\/skinstudio.ee\/lv\/wp-json\/wp\/v2\/product_cat?post=59635"},{"taxonomy":"product_tag","embeddable":true,"href":"https:\/\/skinstudio.ee\/lv\/wp-json\/wp\/v2\/product_tag?post=59635"},{"taxonomy":"giftcard-category","embeddable":true,"href":"https:\/\/skinstudio.ee\/lv\/wp-json\/wp\/v2\/giftcard-category?post=59635"}],"curies":[{"name":"wp","href":"https:\/\/api.w.org\/{rel}","templated":true}]}}