{"id":59657,"date":"2025-11-13T14:27:28","date_gmt":"2025-11-13T14:27:28","guid":{"rendered":"https:\/\/skinstudio.ee\/?post_type=product&#038;p=59657"},"modified":"2026-01-22T15:03:21","modified_gmt":"2026-01-22T15:03:21","slug":"balance-and-hydrate-duo","status":"publish","type":"product","link":"https:\/\/skinstudio.ee\/lv\/catalog\/is-clinical\/balance-and-hydrate-duo\/","title":{"rendered":"Balance And Hydrate Duo"},"content":{"rendered":"<p data-start=\"513\" data-end=\"894\">Izveido piln\u012bgi l\u012bdzsvarotu \u0101das kop\u0161anas ritu\u0101lu ar <strong data-start=\"566\" data-end=\"617\">iS CLINICAL Balance And Hydrate Duo Holiday Set<\/strong> \u2013 divpak\u0101pju sist\u0113mu dzi\u013cai att\u012br\u012b\u0161anai un intens\u012bvai mitrin\u0101\u0161anai. \u0160is profesion\u0101lais duets apvieno <strong data-start=\"719\" data-end=\"740\">Cleansing Complex<\/strong> att\u012bro\u0161o \u017eeleju un <strong data-start=\"760\" data-end=\"780\">Hydra-Cool Serum<\/strong> serumu, nodro\u0161inot pilnv\u0113rt\u012bgu kop\u0161anu visiem \u0101das tipiem, tostarp jut\u012bgai, problem\u0101tiskai un novecojo\u0161ai \u0101dai.<\/p>\n<p data-start=\"896\" data-end=\"1550\"><strong data-start=\"896\" data-end=\"917\">Cleansing Complex<\/strong> ir univers\u0101la att\u012bro\u0161a \u017eeleja, kas maigi, bet efekt\u012bvi no\u0146em net\u012brumus, lieko sebumu un kosm\u0113tiku, nesaboj\u0101jot \u0101das dabisko aizsargbarjeru. Formula ar augu antioksidantiem un maig\u0101m AHA\/BHA sk\u0101b\u0113m veicina \u0101das atjauno\u0161anos un padara toni vienm\u0113r\u012bg\u0101ku un starojo\u0161\u0101ku.<br data-start=\"1184\" data-end=\"1187\" \/><strong data-start=\"1187\" data-end=\"1211\">Akt\u012bv\u0101s sast\u0101vda\u013cas:<\/strong><br data-start=\"1211\" data-end=\"1214\" \/>\u2022 <strong data-start=\"1216\" data-end=\"1244\">Centella Asiatica (Cica)<\/strong> \u2013 sp\u0113c\u012bgs antioksidants, kas pal\u012bdz saglab\u0101t \u0101du jaunekl\u012bgu un svaigu.<br data-start=\"1315\" data-end=\"1318\" \/>\u2022 <strong data-start=\"1320\" data-end=\"1342\">Kumel\u012b\u0161u ekstrakts<\/strong> \u2013 nomierina un mazina jut\u012bgumu.<br data-start=\"1374\" data-end=\"1377\" \/>\u2022 <strong data-start=\"1379\" data-end=\"1404\">Cukurniedru ekstrakts<\/strong> \u2013 dabisks AHA, kas maigi noloba un izl\u012bdzina \u0101du.<br data-start=\"1454\" data-end=\"1457\" \/>\u2022 <strong data-start=\"1459\" data-end=\"1491\">Balt\u0101 v\u012btola mizas ekstrakts<\/strong> \u2013 dabisks BHA, kas att\u012bra poras un uzlabo \u0101das tekst\u016bru.<\/p>\n<p data-start=\"1552\" data-end=\"2091\"><strong data-start=\"1552\" data-end=\"1572\">Hydra-Cool Serum<\/strong> ir viegls, atsvaidzino\u0161s serums, kas nodro\u0161ina t\u016bl\u012bt\u0113ju mitrin\u0101\u0161anu un nomierino\u0161u efektu. Formula ar hialuronsk\u0101bi un Centella Asiatica pal\u012bdz atjaunot mitruma l\u012bdzsvaru, nomierina un sniedz dzes\u0113jo\u0161u saj\u016btu.<br data-start=\"1782\" data-end=\"1785\" \/><strong data-start=\"1785\" data-end=\"1809\">Akt\u012bv\u0101s sast\u0101vda\u013cas:<\/strong><br data-start=\"1809\" data-end=\"1812\" \/>\u2022 <strong data-start=\"1814\" data-end=\"1835\">Centella Asiatica<\/strong> \u2013 stiprina un nomierina \u0101du, uzlabojot t\u0101s iztur\u012bbu.<br data-start=\"1888\" data-end=\"1891\" \/>\u2022 <strong data-start=\"1893\" data-end=\"1910\">Hialuronsk\u0101be<\/strong> \u2013 nodro\u0161ina dzi\u013cu un ilgsto\u0161u mitrin\u0101\u0161anu.<br data-start=\"1953\" data-end=\"1956\" \/>\u2022 <strong data-start=\"1958\" data-end=\"1976\">S\u0113\u0146u ekstrakts<\/strong> \u2013 izl\u012bdzina toni un pie\u0161\u0137ir \u0101dai mirdzumu.<br data-start=\"2019\" data-end=\"2022\" \/>\u2022 <strong data-start=\"2024\" data-end=\"2048\">B vitam\u012bnu komplekss<\/strong> \u2013 baro un atjauno \u0101das vesel\u012bgo izskatu.<\/p>\n<p data-start=\"2093\" data-end=\"2289\">\u0160\u012bs profesion\u0101l\u0101s, kl\u012bniski p\u0101rbaud\u012bt\u0101s formulas pal\u012bdz uztur\u0113t optim\u0101lu mitruma l\u012bmeni un redzami uzlabo \u0101das st\u0101vokli. Ide\u0101la d\u0101vana, ce\u013cojuma komplekts vai kop\u0161anas risin\u0101jums p\u0113c proced\u016br\u0101m.<\/p>\n<p data-start=\"2291\" data-end=\"2354\"><strong data-start=\"2291\" data-end=\"2303\">Tilpums:<\/strong> Cleansing Complex 180 ml, Hydra-Cool Serum 15 ml<\/p>\n<p data-start=\"2356\" data-end=\"2640\">\n<p data-start=\"4504\" data-end=\"4733\">\n","protected":false},"excerpt":{"rendered":"<p data-start=\"2642\" data-end=\"2688\">Mitrino\u0161s duets \u0101das l\u012bdzsvaram un svaigumam<\/p>\n<h2 data-start=\"2690\" data-end=\"2815\"><strong data-start=\"2690\" data-end=\"2749\">iS CLINICAL &#8211; Balance And Hydrate Duo komplekts ietver:<\/strong><\/h2>\n<p data-start=\"2690\" data-end=\"2815\">\u2714\ufe0f Cleansing Complex 180 ml<br data-start=\"2783\" data-end=\"2786\" \/>\u2714\ufe0f Hydra-Cool Serum 15 ml<\/p>\n","protected":false},"featured_media":63389,"template":"","meta":[],"pwb-brand":[1179],"product_brand":[],"product_cat":[764,755],"product_tag":[],"giftcard-category":[],"class_list":{"0":"post-59657","1":"product","2":"type-product","3":"status-publish","4":"has-post-thumbnail","6":"pwb-brand-is-clinical","7":"product_cat-davanu-ideja","8":"product_cat-komplekts","10":"first","11":"instock","12":"sale","13":"taxable","14":"shipping-taxable","15":"purchasable","16":"product-type-simple"},"acf":[],"brands":[{"id":1179,"name":"IS CLINICAL","slug":"is-clinical"}],"_links":{"self":[{"href":"https:\/\/skinstudio.ee\/lv\/wp-json\/wp\/v2\/product\/59657","targetHints":{"allow":["GET"]}}],"collection":[{"href":"https:\/\/skinstudio.ee\/lv\/wp-json\/wp\/v2\/product"}],"about":[{"href":"https:\/\/skinstudio.ee\/lv\/wp-json\/wp\/v2\/types\/product"}],"version-history":[{"count":0,"href":"https:\/\/skinstudio.ee\/lv\/wp-json\/wp\/v2\/product\/59657\/revisions"}],"wp:featuredmedia":[{"embeddable":true,"href":"https:\/\/skinstudio.ee\/lv\/wp-json\/wp\/v2\/media\/63389"}],"wp:attachment":[{"href":"https:\/\/skinstudio.ee\/lv\/wp-json\/wp\/v2\/media?parent=59657"}],"wp:term":[{"taxonomy":"pwb-brand","embeddable":true,"href":"https:\/\/skinstudio.ee\/lv\/wp-json\/wp\/v2\/pwb-brand?post=59657"},{"taxonomy":"product_brand","embeddable":true,"href":"https:\/\/skinstudio.ee\/lv\/wp-json\/wp\/v2\/product_brand?post=59657"},{"taxonomy":"product_cat","embeddable":true,"href":"https:\/\/skinstudio.ee\/lv\/wp-json\/wp\/v2\/product_cat?post=59657"},{"taxonomy":"product_tag","embeddable":true,"href":"https:\/\/skinstudio.ee\/lv\/wp-json\/wp\/v2\/product_tag?post=59657"},{"taxonomy":"giftcard-category","embeddable":true,"href":"https:\/\/skinstudio.ee\/lv\/wp-json\/wp\/v2\/giftcard-category?post=59657"}],"curies":[{"name":"wp","href":"https:\/\/api.w.org\/{rel}","templated":true}]}}