{"id":59673,"date":"2025-11-13T14:58:24","date_gmt":"2025-11-13T14:58:24","guid":{"rendered":"https:\/\/skinstudio.ee\/?post_type=product&#038;p=59673"},"modified":"2026-01-22T15:03:23","modified_gmt":"2026-01-22T15:03:23","slug":"radiance-collection","status":"publish","type":"product","link":"https:\/\/skinstudio.ee\/lv\/catalog\/is-clinical-lv\/radiance-collection\/","title":{"rendered":"Radiance Collection"},"content":{"rendered":"<p data-start=\"376\" data-end=\"746\">Atkl\u0101j vesel\u012bgas un starojo\u0161as \u0101das nosl\u0113pumu ar <strong data-start=\"425\" data-end=\"460\">iS CLINICAL Radiance Collection<\/strong> \u2013 ekskluz\u012bvu profesion\u0101l\u0101s kosm\u0113tikas komplektu, kas paredz\u0113ts pilnv\u0113rt\u012bgai att\u012br\u012b\u0161anai, atjauno\u0161anai un aizsardz\u012bbai. \u0160\u012b r\u016bp\u012bgi izstr\u0101d\u0101t\u0101 sist\u0113ma apvieno inovat\u012bvas formulas, maigas sk\u0101bes, antioksidantus un mitrino\u0161as sast\u0101vda\u013cas, pal\u012bdzot \u0101dai atg\u016bt dabisko svaigumu un mirdzumu.<\/p>\n<p data-start=\"748\" data-end=\"1341\">Katrs produkts komplekt\u0101 darbojas siner\u0123iski, nodro\u0161inot pilnv\u0113rt\u012bgu kop\u0161anas ritu\u0101lu. <strong data-start=\"835\" data-end=\"856\">Cleansing Complex<\/strong> dzi\u013ci att\u012bra un sagatavo \u0101du, neboj\u0101jot t\u0101s aizsargbarjeru. <strong data-start=\"917\" data-end=\"939\">Active Peel System<\/strong> atjauno un izl\u012bdzina \u0101das tekst\u016bru, uzlabo toni un padara to glud\u0101ku. P\u0113c att\u012br\u012b\u0161anas <strong data-start=\"1026\" data-end=\"1042\">Active Serum<\/strong> iedarbojas uz \u0101das nepiln\u012bb\u0101m, samazina poras un izl\u012bdzina sejas toni. <strong data-start=\"1114\" data-end=\"1146\">Reparative Moisture Emulsion<\/strong> intens\u012bvi mitrina, palielina elast\u012bbu un pie\u0161\u0137ir \u0101dai vesel\u012bgu mirdzumu, savuk\u0101rt <strong data-start=\"1229\" data-end=\"1250\">Youth Eye Complex<\/strong> stiprina jut\u012bgo \u0101das zonu ap ac\u012bm, samazina piet\u016bkumu, tum\u0161os lokus un noguruma paz\u012bmes.<\/p>\n<p data-start=\"1343\" data-end=\"1725\"><strong data-start=\"1343\" data-end=\"1378\">iS CLINICAL Radiance Collection<\/strong> padara \u0101du redzami glud\u0101ku, vienm\u0113r\u012bg\u0101ku un mirdzo\u0161\u0101ku jau p\u0113c pirmaj\u0101m lieto\u0161anas reiz\u0113m. Ide\u0101la d\u0101vana sev vai k\u0101dam \u012bpa\u0161am cilv\u0113kam \u2013 luksusa kop\u0161anas ritu\u0101ls, kas apvieno att\u012br\u012b\u0161anu, atjauno\u0161anu, baro\u0161anu un aizsardz\u012bbu. Profesion\u0101la, kl\u012bniski p\u0101rbaud\u012bta kop\u0161ana, kas p\u0101rv\u0113r\u0161 ikdienas ritu\u0101lu baud\u012bjum\u0101 un pie\u0161\u0137ir \u0101dai nevainojamu mirdzumu.<\/p>\n<p data-start=\"1727\" data-end=\"1895\"><strong data-start=\"1727\" data-end=\"1739\">Tilpums:<\/strong> Cleansing Complex 180 ml, Reparative Moisture Emulsion 50 g, Active Peel System (1 gab.), Youth Eye Complex 1 g (paraugs), Active Serum 3.75 ml<\/p>\n","protected":false},"excerpt":{"rendered":"<p data-start=\"2243\" data-end=\"2297\">Luksusa kop\u0161anas ritu\u0101ls starojo\u0161ai un piln\u012bgai \u0101dai<\/p>\n<h2 data-start=\"2299\" data-end=\"2551\"><strong data-start=\"2299\" data-end=\"2354\">iS CLINICAL &#8211; Radiance Collection komplekts ietver:<\/strong><\/h2>\n<p data-start=\"2299\" data-end=\"2551\">\u2714\ufe0f Reparative Moisture Emulsion 50 g<br data-start=\"2397\" data-end=\"2400\" \/>\u2714\ufe0f Cleansing Complex 180 ml<br data-start=\"2431\" data-end=\"2434\" \/>\u2714\ufe0f Active Peel System 1 gab.<br data-start=\"2468\" data-end=\"2471\" \/>\u2714\ufe0f Youth Eye Complex 1 g\u00a0<br data-start=\"2509\" data-end=\"2512\" \/>\u2714\ufe0f Active Serum 3.75 ml<\/p>\n","protected":false},"featured_media":59665,"template":"","meta":[],"pwb-brand":[1179],"product_brand":[],"product_cat":[764,755],"product_tag":[],"giftcard-category":[],"class_list":{"0":"post-59673","1":"product","2":"type-product","3":"status-publish","4":"has-post-thumbnail","6":"pwb-brand-is-clinical-lv","7":"product_cat-davanu-ideja","8":"product_cat-komplekts","10":"first","11":"instock","12":"sale","13":"taxable","14":"shipping-taxable","15":"purchasable","16":"product-type-simple"},"acf":[],"brands":[{"id":1179,"name":"IS CLINICAL","slug":"is-clinical-lv"}],"_links":{"self":[{"href":"https:\/\/skinstudio.ee\/lv\/wp-json\/wp\/v2\/product\/59673","targetHints":{"allow":["GET"]}}],"collection":[{"href":"https:\/\/skinstudio.ee\/lv\/wp-json\/wp\/v2\/product"}],"about":[{"href":"https:\/\/skinstudio.ee\/lv\/wp-json\/wp\/v2\/types\/product"}],"version-history":[{"count":0,"href":"https:\/\/skinstudio.ee\/lv\/wp-json\/wp\/v2\/product\/59673\/revisions"}],"wp:featuredmedia":[{"embeddable":true,"href":"https:\/\/skinstudio.ee\/lv\/wp-json\/wp\/v2\/media\/59665"}],"wp:attachment":[{"href":"https:\/\/skinstudio.ee\/lv\/wp-json\/wp\/v2\/media?parent=59673"}],"wp:term":[{"taxonomy":"pwb-brand","embeddable":true,"href":"https:\/\/skinstudio.ee\/lv\/wp-json\/wp\/v2\/pwb-brand?post=59673"},{"taxonomy":"product_brand","embeddable":true,"href":"https:\/\/skinstudio.ee\/lv\/wp-json\/wp\/v2\/product_brand?post=59673"},{"taxonomy":"product_cat","embeddable":true,"href":"https:\/\/skinstudio.ee\/lv\/wp-json\/wp\/v2\/product_cat?post=59673"},{"taxonomy":"product_tag","embeddable":true,"href":"https:\/\/skinstudio.ee\/lv\/wp-json\/wp\/v2\/product_tag?post=59673"},{"taxonomy":"giftcard-category","embeddable":true,"href":"https:\/\/skinstudio.ee\/lv\/wp-json\/wp\/v2\/giftcard-category?post=59673"}],"curies":[{"name":"wp","href":"https:\/\/api.w.org\/{rel}","templated":true}]}}