{"id":59692,"date":"2025-11-13T15:11:39","date_gmt":"2025-11-13T15:11:39","guid":{"rendered":"https:\/\/skinstudio.ee\/?post_type=product&#038;p=59692"},"modified":"2026-01-22T15:03:23","modified_gmt":"2026-01-22T15:03:23","slug":"smoothing-essentials","status":"publish","type":"product","link":"https:\/\/skinstudio.ee\/lv\/catalog\/is-clinical-lv\/smoothing-essentials\/","title":{"rendered":"Smoothing Essentials"},"content":{"rendered":"<p data-start=\"471\" data-end=\"867\">Iepaz\u012bsti profesion\u0101lu \u0101das kop\u0161anu ar <strong data-start=\"510\" data-end=\"560\">iS CLINICAL &#8211; Smoothing Essentials Holiday Set<\/strong> \u2013 tr\u012bsso\u013cu sist\u0113mu, kas apvieno att\u012br\u012b\u0161anu, atjauno\u0161anu un pretnoveco\u0161an\u0101s kop\u0161anu. \u0160is ekskluz\u012bvais komplekts ir izstr\u0101d\u0101ts tiem, kuri tiecas p\u0113c piln\u012bgi gludas, svaigas un mirdzo\u0161as \u0101das. Taj\u0101 apvienotas z\u012bmola visefekt\u012bv\u0101k\u0101s formulas, kas sniedz redzamus rezult\u0101tus jau p\u0113c pirmaj\u0101m lieto\u0161anas reiz\u0113m.<\/p>\n<p data-start=\"869\" data-end=\"1305\">Cleansing Complex ir daudzfunkcion\u0101ls att\u012bro\u0161s gels, kas maigi, bet dzi\u013ci att\u012bra \u0101du, no\u0146emot kosm\u0113tiku, lieko sebumu un net\u012brumus, nesaboj\u0101jot \u0101das dabisko aizsargbarjeru. Formula, kas bag\u0101tin\u0101ta ar augu ekstraktiem un maig\u0101m AHA\/BHA sk\u0101b\u0113m, veicina \u0101das atjauno\u0161anos, uzlabo tekst\u016bru un toni, padarot sejas \u0101du iev\u0113rojami svaig\u0101ku un t\u012br\u0101ku. Cleansing Complex ir piem\u0113rots visiem \u0101das tipiem, tostarp jut\u012bgai un problem\u0101tiskai \u0101dai.<\/p>\n<p data-start=\"1307\" data-end=\"1809\">Pro-Heal Serum Advance+ ir sp\u0113c\u012bgs pretnoveco\u0161an\u0101s serums, kas apvieno augstas koncentr\u0101cijas C vitam\u012bnu (L-Ascorbic Acid) ar ol\u012bvu lapu ekstraktu un A un E vitam\u012bniem. \u0160is unik\u0101lais sast\u0101vs pastiprina antioksidantu aizsardz\u012bbu, pa\u0101trina re\u0123ener\u0101cijas procesus un pal\u012bdz mazin\u0101t iekaisumus un aps\u0101rtumu. Regul\u0101ri lietojot, \u0101da k\u013c\u016bst stingr\u0101ka, elast\u012bg\u0101ka un mirdzo\u0161\u0101ka, bet t\u0101s tonis \u2013 vienm\u0113r\u012bg\u0101ks. Ide\u0101li piem\u0113rots nov\u0101jin\u0101tai, jut\u012bgai un nobriedu\u0161ai \u0101dai, kurai nepiecie\u0161ama intens\u012bva atjauno\u0161ana.<\/p>\n<p data-start=\"1811\" data-end=\"2233\">Youth Eye Complex ir inovat\u012bvs acu kr\u0113ms, kas izstr\u0101d\u0101ts, izmantojot progres\u012bvus pept\u012bdus, vara tripept\u012bdu un antioksidantus. Tas efekt\u012bvi iedarbojas uz pirmaj\u0101m noveco\u0161an\u0101s paz\u012bm\u0113m, izl\u012bdzina smalk\u0101s krunci\u0146as un uzlabo \u0101das elast\u012bbu un tvirtumu ap ac\u012bm. Kr\u0113ms samazina piet\u016bkumu un tum\u0161os lokus, padarot skatienu svaig\u0101ku un atp\u016btu\u0161os. T\u0101 viegl\u0101, z\u012bdain\u0101 tekst\u016bra \u0101tri uzs\u016bcas, nodro\u0161inot komfortu visas dienas garum\u0101.<\/p>\n<p data-start=\"2235\" data-end=\"2540\"><strong data-start=\"2235\" data-end=\"2271\">iS CLINICAL Smoothing Essentials<\/strong> ir tr\u012bs profesion\u0101lu formulu apvienojums, kas kop\u0101 veido ide\u0101lu ikdienas \u0101das kop\u0161anas ritu\u0101lu. \u0100da k\u013c\u016bst iev\u0113rojami glud\u0101ka, svaig\u0101ka un jaunekl\u012bg\u0101ka. \u0160is izsmalcin\u0101tais komplekts ir ide\u0101la d\u0101vana tiem, kuri nov\u0113rt\u0113 kvalit\u0101ti, efektivit\u0101ti un nevainojamu rezult\u0101tu.<\/p>\n<p data-start=\"2542\" data-end=\"2636\"><strong data-start=\"2542\" data-end=\"2554\">Tilpums:<\/strong> Cleansing Complex 180 ml, Pro-Heal Serum Advance+ 15 ml, Youth Eye Complex 15 g<\/p>\n<p data-start=\"2638\" data-end=\"2955\">\n","protected":false},"excerpt":{"rendered":"<p data-start=\"2957\" data-end=\"3035\">Profesion\u0101ls tr\u012bspak\u0101pju ritu\u0101ls glud\u0101kai, mirdzo\u0161\u0101kai un jaunekl\u012bg\u0101kai \u0101dai<\/p>\n<h2 data-start=\"3037\" data-end=\"3188\"><strong data-start=\"3037\" data-end=\"3093\">iS CLINICAL &#8211; Smoothing Essentials komplekts ietver:<\/strong><\/h2>\n<p data-start=\"3037\" data-end=\"3188\">\u2714\ufe0f Cleansing Complex 180 ml<br data-start=\"3123\" data-end=\"3126\" \/>\u2714\ufe0f Pro-Heal Serum Advance+ 15 ml<br data-start=\"3158\" data-end=\"3161\" \/>\u2714\ufe0f Youth Eye Complex 15 g<\/p>\n","protected":false},"featured_media":63394,"template":"","meta":[],"pwb-brand":[1179],"product_brand":[],"product_cat":[764,755],"product_tag":[],"giftcard-category":[],"class_list":{"0":"post-59692","1":"product","2":"type-product","3":"status-publish","4":"has-post-thumbnail","6":"pwb-brand-is-clinical-lv","7":"product_cat-davanu-ideja","8":"product_cat-komplekts","10":"first","11":"instock","12":"sale","13":"taxable","14":"shipping-taxable","15":"purchasable","16":"product-type-simple"},"acf":[],"brands":[{"id":1179,"name":"IS CLINICAL","slug":"is-clinical-lv"}],"_links":{"self":[{"href":"https:\/\/skinstudio.ee\/lv\/wp-json\/wp\/v2\/product\/59692","targetHints":{"allow":["GET"]}}],"collection":[{"href":"https:\/\/skinstudio.ee\/lv\/wp-json\/wp\/v2\/product"}],"about":[{"href":"https:\/\/skinstudio.ee\/lv\/wp-json\/wp\/v2\/types\/product"}],"version-history":[{"count":0,"href":"https:\/\/skinstudio.ee\/lv\/wp-json\/wp\/v2\/product\/59692\/revisions"}],"wp:featuredmedia":[{"embeddable":true,"href":"https:\/\/skinstudio.ee\/lv\/wp-json\/wp\/v2\/media\/63394"}],"wp:attachment":[{"href":"https:\/\/skinstudio.ee\/lv\/wp-json\/wp\/v2\/media?parent=59692"}],"wp:term":[{"taxonomy":"pwb-brand","embeddable":true,"href":"https:\/\/skinstudio.ee\/lv\/wp-json\/wp\/v2\/pwb-brand?post=59692"},{"taxonomy":"product_brand","embeddable":true,"href":"https:\/\/skinstudio.ee\/lv\/wp-json\/wp\/v2\/product_brand?post=59692"},{"taxonomy":"product_cat","embeddable":true,"href":"https:\/\/skinstudio.ee\/lv\/wp-json\/wp\/v2\/product_cat?post=59692"},{"taxonomy":"product_tag","embeddable":true,"href":"https:\/\/skinstudio.ee\/lv\/wp-json\/wp\/v2\/product_tag?post=59692"},{"taxonomy":"giftcard-category","embeddable":true,"href":"https:\/\/skinstudio.ee\/lv\/wp-json\/wp\/v2\/giftcard-category?post=59692"}],"curies":[{"name":"wp","href":"https:\/\/api.w.org\/{rel}","templated":true}]}}