{"id":59708,"date":"2024-06-03T10:13:04","date_gmt":"2024-06-03T10:13:04","guid":{"rendered":"https:\/\/skinstudio.ee\/?post_type=product&#038;p=59708"},"modified":"2025-12-29T09:56:28","modified_gmt":"2025-12-29T09:56:28","slug":"image-md-restoring-retinol-booster","status":"publish","type":"product","link":"https:\/\/skinstudio.ee\/lv\/catalog\/image-skincare\/image-md-restoring-retinol-booster\/","title":{"rendered":"MD Restoring Retinol Booster"},"content":{"rendered":"<p data-start=\"353\" data-end=\"675\"><strong data-start=\"353\" data-end=\"393\">IMAGE MD Restoring Retinol Booster<\/strong> ir augstas koncentr\u0101cijas augu e\u013c\u013cu un akt\u012bv\u0101 retinola komplekss, kas nodro\u0161ina intens\u012bvu nakts atjauno\u0161anos.<br data-start=\"503\" data-end=\"506\" \/>Formula pal\u012bdz mazin\u0101t priek\u0161laic\u012bgas noveco\u0161an\u0101s paz\u012bmes, ko izraisa apk\u0101rt\u0113j\u0101s vides ietekme, izl\u012bdzina \u0101das toni, m\u012bkstina s\u012bk\u0101s krunci\u0146as un atjauno \u0101das elast\u012bbu.<\/p>\n<p data-start=\"677\" data-end=\"954\">Greznas augu e\u013c\u013cas un retinols apvienojas vien\u0101 sp\u0113c\u012bg\u0101 produkt\u0101, kas nodro\u0161ina dzi\u013cu \u0101das baro\u0161anu un redzamu atjauno\u0161anos jau p\u0113c pirm\u0101s lieto\u0161anas.<br data-start=\"827\" data-end=\"830\" \/>Regul\u0101ri lietojot, <strong data-start=\"849\" data-end=\"889\">IMAGE MD Restoring Retinol Booster<\/strong> padara \u0101du glud\u0101ku, tvirt\u0101ku un mirdzo\u0161u l\u012bdz n\u0101kamajam r\u012btam.<\/p>\n<p data-start=\"956\" data-end=\"976\"><strong data-start=\"956\" data-end=\"968\">Tilpums:<\/strong> 30 ml<\/p>\n","protected":false},"excerpt":{"rendered":"<p data-start=\"1122\" data-end=\"1141\">Retinola busteris<\/p>\n<h2 data-start=\"1143\" data-end=\"1417\"><strong data-start=\"1143\" data-end=\"1192\">\u012apa\u0161\u012bbas IMAGE MD Restoring Retinol Booster<\/strong><\/h2>\n<p data-start=\"1143\" data-end=\"1417\">\u2714\ufe0f Samazina noveco\u0161an\u0101s paz\u012bmes un krunci\u0146as<br data-start=\"1239\" data-end=\"1242\" \/>\u2714\ufe0f Uzlabo \u0101das tekst\u016bru, tvirtumu un toni<br data-start=\"1283\" data-end=\"1286\" \/>\u2714\ufe0f Baro un stiprina \u0101das aizsargbarjeru<br data-start=\"1325\" data-end=\"1328\" \/>\u2714\ufe0f Veicina elast\u012bbu un m\u012bkstumu<br data-start=\"1359\" data-end=\"1362\" \/>\u2714\ufe0f Pie\u0161\u0137ir \u0101dai gai\u0161umu, gludumu un vesel\u012bgu mirdzumu<\/p>\n","protected":false},"featured_media":62202,"template":"","meta":[],"pwb-brand":[1134],"product_brand":[],"product_cat":[727],"product_tag":[],"giftcard-category":[],"class_list":{"0":"post-59708","1":"product","2":"type-product","3":"status-publish","4":"has-post-thumbnail","6":"pwb-brand-image-skincare","7":"product_cat-a-vitamins-retinols","9":"first","10":"instock","11":"sale","12":"taxable","13":"shipping-taxable","14":"purchasable","15":"product-type-simple"},"acf":[],"brands":[{"id":1134,"name":"Image Skincare","slug":"image-skincare"}],"_links":{"self":[{"href":"https:\/\/skinstudio.ee\/lv\/wp-json\/wp\/v2\/product\/59708","targetHints":{"allow":["GET"]}}],"collection":[{"href":"https:\/\/skinstudio.ee\/lv\/wp-json\/wp\/v2\/product"}],"about":[{"href":"https:\/\/skinstudio.ee\/lv\/wp-json\/wp\/v2\/types\/product"}],"version-history":[{"count":0,"href":"https:\/\/skinstudio.ee\/lv\/wp-json\/wp\/v2\/product\/59708\/revisions"}],"wp:featuredmedia":[{"embeddable":true,"href":"https:\/\/skinstudio.ee\/lv\/wp-json\/wp\/v2\/media\/62202"}],"wp:attachment":[{"href":"https:\/\/skinstudio.ee\/lv\/wp-json\/wp\/v2\/media?parent=59708"}],"wp:term":[{"taxonomy":"pwb-brand","embeddable":true,"href":"https:\/\/skinstudio.ee\/lv\/wp-json\/wp\/v2\/pwb-brand?post=59708"},{"taxonomy":"product_brand","embeddable":true,"href":"https:\/\/skinstudio.ee\/lv\/wp-json\/wp\/v2\/product_brand?post=59708"},{"taxonomy":"product_cat","embeddable":true,"href":"https:\/\/skinstudio.ee\/lv\/wp-json\/wp\/v2\/product_cat?post=59708"},{"taxonomy":"product_tag","embeddable":true,"href":"https:\/\/skinstudio.ee\/lv\/wp-json\/wp\/v2\/product_tag?post=59708"},{"taxonomy":"giftcard-category","embeddable":true,"href":"https:\/\/skinstudio.ee\/lv\/wp-json\/wp\/v2\/giftcard-category?post=59708"}],"curies":[{"name":"wp","href":"https:\/\/api.w.org\/{rel}","templated":true}]}}