{"id":59719,"date":"2024-05-20T15:44:47","date_gmt":"2024-05-20T15:44:47","guid":{"rendered":"https:\/\/skinstudio.ee\/?post_type=product&#038;p=59719"},"modified":"2025-12-29T09:56:31","modified_gmt":"2025-12-29T09:56:31","slug":"vital-hydration-kit","status":"publish","type":"product","link":"https:\/\/skinstudio.ee\/lv\/catalog\/image-skincare\/vital-hydration-kit\/","title":{"rendered":"Vital Hydration Kit"},"content":{"rendered":"<p data-start=\"398\" data-end=\"691\"><strong data-start=\"398\" data-end=\"421\">Vital Hydration Kit<\/strong> ir tr\u012bspak\u0101pju intens\u012bvas mitrin\u0101\u0161anas un atjauno\u0161anas sist\u0113ma, kas rad\u012bta sausai, nobriedu\u0161ai un aps\u0101rtumam pak\u013cautai \u0101dai.<br data-start=\"546\" data-end=\"549\" \/>Komplekts apvieno popul\u0101r\u0101kos Vital C l\u012bnijas produktus, kas dzi\u013ci baro, stiprina \u0101du un atjauno vienm\u0113r\u012bgu, svaigu un starojo\u0161u sejas toni.<\/p>\n<p data-start=\"693\" data-end=\"974\">Pateicoties maigajam att\u012bro\u0161ajam gelam, barojo\u0161ajam serumam un atjaunojo\u0161ajam nakts kr\u0113mam, <strong data-start=\"785\" data-end=\"808\">Vital Hydration Kit <\/strong>nodro\u0161ina pilnv\u0113rt\u012bgu \u0101das kop\u0161anas ritu\u0101lu &#8211; gan ce\u013cojumos, gan m\u0101j\u0101s.<br data-start=\"880\" data-end=\"883\" \/>Regul\u0101ras lieto\u0161anas laik\u0101 \u0101da k\u013c\u016bst maig\u0101ka, mier\u012bg\u0101ka, tvirt\u0101ka un redzami mitrin\u0101t\u0101ka.<\/p>\n","protected":false},"excerpt":{"rendered":"<p data-start=\"1222\" data-end=\"1274\">Mitrino\u0161s pret-noveco\u0161an\u0101s komplekts ce\u013co\u0161anai<\/p>\n<h2 data-start=\"1276\" data-end=\"1523\"><strong data-start=\"1276\" data-end=\"1333\">IMAGE SKINCARE &#8211; Vital Hydration Kit komplekts satur:<\/strong><\/h2>\n<p data-start=\"1276\" data-end=\"1523\">\u2714\ufe0f VITAL C mitrino\u0161s att\u012bro\u0161ais gels 50 ml<br data-start=\"1378\" data-end=\"1381\" \/>\u2714\ufe0f VITAL C mitrino\u0161s pret-noveco\u0161an\u0101s serums 15 ml<br data-start=\"1431\" data-end=\"1434\" \/>\u2714\ufe0f VITAL C mitrino\u0161s un atjaunojo\u0161s nakts kr\u0113ms 28 g<br data-start=\"1486\" data-end=\"1489\" \/>\u2714\ufe0f Caursp\u012bd\u012bga kosm\u0113tikas somi\u0146a<\/p>\n","protected":false},"featured_media":62412,"template":"","meta":[],"pwb-brand":[1134],"product_brand":[],"product_cat":[764,755,753],"product_tag":[],"giftcard-category":[],"class_list":{"0":"post-59719","1":"product","2":"type-product","3":"status-publish","4":"has-post-thumbnail","6":"pwb-brand-image-skincare","7":"product_cat-davanu-ideja","8":"product_cat-komplekts","9":"product_cat-travel-size-lv","11":"first","12":"instock","13":"taxable","14":"shipping-taxable","15":"purchasable","16":"product-type-simple"},"acf":[],"brands":[{"id":1134,"name":"Image Skincare","slug":"image-skincare"}],"_links":{"self":[{"href":"https:\/\/skinstudio.ee\/lv\/wp-json\/wp\/v2\/product\/59719","targetHints":{"allow":["GET"]}}],"collection":[{"href":"https:\/\/skinstudio.ee\/lv\/wp-json\/wp\/v2\/product"}],"about":[{"href":"https:\/\/skinstudio.ee\/lv\/wp-json\/wp\/v2\/types\/product"}],"version-history":[{"count":0,"href":"https:\/\/skinstudio.ee\/lv\/wp-json\/wp\/v2\/product\/59719\/revisions"}],"wp:featuredmedia":[{"embeddable":true,"href":"https:\/\/skinstudio.ee\/lv\/wp-json\/wp\/v2\/media\/62412"}],"wp:attachment":[{"href":"https:\/\/skinstudio.ee\/lv\/wp-json\/wp\/v2\/media?parent=59719"}],"wp:term":[{"taxonomy":"pwb-brand","embeddable":true,"href":"https:\/\/skinstudio.ee\/lv\/wp-json\/wp\/v2\/pwb-brand?post=59719"},{"taxonomy":"product_brand","embeddable":true,"href":"https:\/\/skinstudio.ee\/lv\/wp-json\/wp\/v2\/product_brand?post=59719"},{"taxonomy":"product_cat","embeddable":true,"href":"https:\/\/skinstudio.ee\/lv\/wp-json\/wp\/v2\/product_cat?post=59719"},{"taxonomy":"product_tag","embeddable":true,"href":"https:\/\/skinstudio.ee\/lv\/wp-json\/wp\/v2\/product_tag?post=59719"},{"taxonomy":"giftcard-category","embeddable":true,"href":"https:\/\/skinstudio.ee\/lv\/wp-json\/wp\/v2\/giftcard-category?post=59719"}],"curies":[{"name":"wp","href":"https:\/\/api.w.org\/{rel}","templated":true}]}}