{"id":59730,"date":"2024-05-21T11:18:11","date_gmt":"2024-05-21T11:18:11","guid":{"rendered":"https:\/\/skinstudio.ee\/?post_type=product&#038;p=59730"},"modified":"2025-12-29T09:56:30","modified_gmt":"2025-12-29T09:56:30","slug":"vital-c-hydrating-facial-oil","status":"publish","type":"product","link":"https:\/\/skinstudio.ee\/lv\/catalog\/image-skincare\/vital-c-hydrating-facial-oil\/","title":{"rendered":"Vital C Hydrating Facial Oil"},"content":{"rendered":"<p data-start=\"354\" data-end=\"628\"><strong data-start=\"354\" data-end=\"386\">Vital C Hydrating Facial Oil<\/strong> ir \u012bpa\u0161i viegla, barojo\u0161a e\u013c\u013ca, kas intens\u012bvi mitrina un nomierina sausu, dehidr\u0113tu un jut\u012bgu \u0101du.<br data-start=\"485\" data-end=\"488\" \/>T\u0101s z\u012bdain\u0101 tekst\u016bra \u0101tri ies\u016bcas, mazina velko\u0161u saj\u016btu un atjauno komfortu, padarot \u0101du maigu un gludu jau p\u0113c pirmaj\u0101m lieto\u0161anas reiz\u0113m.<\/p>\n<p data-start=\"630\" data-end=\"935\">Moringas, smilts\u0113rk\u0161\u0137u un v\u012bnogu kauli\u0146u e\u013c\u013cu mais\u012bjums &#8211; bag\u0101ts ar antioksidantiem un omega tauksk\u0101b\u0113m &#8211; pal\u012bdz stiprin\u0101t \u0101das aizsargbarjeru, izl\u012bdzin\u0101t toni un pie\u0161\u0137irt vesel\u012bgu mirdzumu.<br data-start=\"820\" data-end=\"823\" \/>Regul\u0101ri lietojot, <strong data-start=\"842\" data-end=\"874\">Vital C Hydrating Facial Oil<\/strong> uzlabo \u0101das elast\u012bbu, uztur mitrumu un atjauno t\u0101s svaigumu.<\/p>\n<p data-start=\"937\" data-end=\"1198\">Formula nesatur parab\u0113nus un miner\u0101le\u013c\u013cas, ir piem\u0113rota jut\u012bgai \u0101dai un lieliski iek\u013caujas jebkur\u0101 \u0101das kop\u0161anas rut\u012bn\u0101.<br data-start=\"1057\" data-end=\"1060\" \/>To var izmantot atsevi\u0161\u0137i, pievienot serumiem vai kr\u0113miem, k\u0101 ar\u012b sajaukt ar IMAGE Skincare miner\u0101lajiem kons\u012bleriem papildu mitrin\u0101\u0161anai.<\/p>\n<p data-start=\"1200\" data-end=\"1220\"><strong data-start=\"1200\" data-end=\"1212\">Tilpums:<\/strong> 30 ml<\/p>\n","protected":false},"excerpt":{"rendered":"<p data-start=\"1579\" data-end=\"1601\">Mitrino\u0161a sejas e\u013c\u013ca<\/p>\n<h2 data-start=\"1603\" data-end=\"1833\"><strong data-start=\"1603\" data-end=\"1661\">\u012apa\u0161\u012bbas IMAGE Skincare &#8211; Vital C Hydrating Facial Oil<\/strong><\/h2>\n<p data-start=\"1603\" data-end=\"1833\">\u2714\ufe0f Baro un atjauno \u0101du<br data-start=\"1686\" data-end=\"1689\" \/>\u2714\ufe0f Nodro\u0161ina sp\u0113c\u012bgu atjaunojo\u0161u efektu<br data-start=\"1728\" data-end=\"1731\" \/>\u2714\ufe0f \u0100tri ies\u016bcas ar z\u012bdainu saj\u016btu<br data-start=\"1764\" data-end=\"1767\" \/>\u2714\ufe0f Uzlabo \u0101das elast\u012bbu un maigumu<br data-start=\"1801\" data-end=\"1804\" \/>\u2714\ufe0f Pie\u0161\u0137ir dabisku mirdzumu<\/p>\n","protected":false},"featured_media":62407,"template":"","meta":[],"pwb-brand":[1134],"product_brand":[],"product_cat":[737,739],"product_tag":[],"giftcard-category":[],"class_list":{"0":"post-59730","1":"product","2":"type-product","3":"status-publish","4":"has-post-thumbnail","6":"pwb-brand-image-skincare","7":"product_cat-mitrinasana","8":"product_cat-sausai-adai","10":"first","11":"instock","12":"sale","13":"taxable","14":"shipping-taxable","15":"purchasable","16":"product-type-simple"},"acf":[],"brands":[{"id":1134,"name":"Image Skincare","slug":"image-skincare"}],"_links":{"self":[{"href":"https:\/\/skinstudio.ee\/lv\/wp-json\/wp\/v2\/product\/59730","targetHints":{"allow":["GET"]}}],"collection":[{"href":"https:\/\/skinstudio.ee\/lv\/wp-json\/wp\/v2\/product"}],"about":[{"href":"https:\/\/skinstudio.ee\/lv\/wp-json\/wp\/v2\/types\/product"}],"version-history":[{"count":0,"href":"https:\/\/skinstudio.ee\/lv\/wp-json\/wp\/v2\/product\/59730\/revisions"}],"wp:featuredmedia":[{"embeddable":true,"href":"https:\/\/skinstudio.ee\/lv\/wp-json\/wp\/v2\/media\/62407"}],"wp:attachment":[{"href":"https:\/\/skinstudio.ee\/lv\/wp-json\/wp\/v2\/media?parent=59730"}],"wp:term":[{"taxonomy":"pwb-brand","embeddable":true,"href":"https:\/\/skinstudio.ee\/lv\/wp-json\/wp\/v2\/pwb-brand?post=59730"},{"taxonomy":"product_brand","embeddable":true,"href":"https:\/\/skinstudio.ee\/lv\/wp-json\/wp\/v2\/product_brand?post=59730"},{"taxonomy":"product_cat","embeddable":true,"href":"https:\/\/skinstudio.ee\/lv\/wp-json\/wp\/v2\/product_cat?post=59730"},{"taxonomy":"product_tag","embeddable":true,"href":"https:\/\/skinstudio.ee\/lv\/wp-json\/wp\/v2\/product_tag?post=59730"},{"taxonomy":"giftcard-category","embeddable":true,"href":"https:\/\/skinstudio.ee\/lv\/wp-json\/wp\/v2\/giftcard-category?post=59730"}],"curies":[{"name":"wp","href":"https:\/\/api.w.org\/{rel}","templated":true}]}}