{"id":59741,"date":"2024-05-21T11:29:33","date_gmt":"2024-05-21T11:29:33","guid":{"rendered":"https:\/\/skinstudio.ee\/?post_type=product&#038;p=59741"},"modified":"2025-12-29T09:56:27","modified_gmt":"2025-12-29T09:56:27","slug":"i-mask-purifying-probiotic-mask","status":"publish","type":"product","link":"https:\/\/skinstudio.ee\/lv\/catalog\/image-skincare\/i-mask-purifying-probiotic-mask\/","title":{"rendered":"I MASK Purifying Probiotic Mask"},"content":{"rendered":"<p data-start=\"275\" data-end=\"542\"><strong data-start=\"275\" data-end=\"310\">I MASK Purifying Probiotic Mask<\/strong> ir stiprino\u0161a probiotisk\u0101 maska, kas pal\u012bdz l\u012bdzsvarot \u0101das dab\u012bgo floru un pasarg\u0101t to no dehidr\u0101cijas.<br data-start=\"415\" data-end=\"418\" \/>Jogurta probiotikas un barojo\u0161i superaug\u013ci stiprina \u0101das aizsargbarjeru, uzlabo toni un atjauno vesel\u012bgu, starojo\u0161u izskatu.<\/p>\n<p data-start=\"544\" data-end=\"824\">Tum\u0161i za\u013c\u0101 formula ir bag\u0101tin\u0101ta ar vitam\u012bniem, miner\u0101lviel\u0101m un antioksidantiem, kas c\u012bn\u0101s ar bl\u0101vumu un apk\u0101rt\u0113j\u0101s vides rad\u012btiem boj\u0101jumiem.<br data-start=\"687\" data-end=\"690\" \/>Za\u013cie m\u0101li un kokogles pal\u012bdz detoksic\u0113t \u0101du, att\u012br\u012bt poras, normaliz\u0113t sebuma darb\u012bbu un pie\u0161\u0137irt gludu, svaigu un koptu \u0101das saj\u016btu.<\/p>\n<p data-start=\"826\" data-end=\"1296\"><strong data-start=\"826\" data-end=\"850\">Akt\u012bv\u0101s sast\u0101vda\u013cas:<\/strong><br data-start=\"850\" data-end=\"853\" \/>Jogurta probiotikas \u2013 pal\u012bdz atjaunot \u0101das mikrobiomu un stiprin\u0101t aizsargbarjeru.<br data-start=\"935\" data-end=\"938\" \/>Prebiotikas \u2013 pastiprina probiotiku darb\u012bbu.<br data-start=\"982\" data-end=\"985\" \/>Multivitam\u012bnu superaug\u013cu komplekss (god\u017ei, gran\u0101t\u0101bols, mangust\u012bns, a\u010dai, C vitam\u012bns) \u2013 pie\u0161\u0137ir \u0101dai mirdzumu un vienm\u0113r\u012bg\u0101ku toni.<br data-start=\"1116\" data-end=\"1119\" \/>Braz\u012blijas za\u013cie m\u0101li \u2013 att\u012bra un sa\u0161aurina poras.<br data-start=\"1169\" data-end=\"1172\" \/>Kokogles \u2013 pal\u012bdz izvad\u012bt toks\u012bnus un l\u012bdzsvarot tauku darb\u012bbu.<br data-start=\"1235\" data-end=\"1238\" \/>Ugunsziedes ekstrakts \u2013 nomierina \u0101du un mazina aps\u0101rtumu.<\/p>\n<p data-start=\"1298\" data-end=\"1317\"><strong data-start=\"1298\" data-end=\"1310\">Tilpums:<\/strong> 57 g<\/p>\n","protected":false},"excerpt":{"rendered":"<p data-start=\"1476\" data-end=\"1502\">Probiotisk\u0101 att\u012bro\u0161\u0101 maska<\/p>\n<h2 data-start=\"1504\" data-end=\"1794\"><strong data-start=\"1504\" data-end=\"1565\">\u012apa\u0161\u012bbas IMAGE SKINCARE &#8211; I MASK Purifying Probiotic Mask<\/strong><\/h2>\n<p data-start=\"1504\" data-end=\"1794\">\u2714\ufe0f Stiprina \u0101du un l\u012bdzsvaro mikrofloru<br data-start=\"1607\" data-end=\"1610\" \/>\u2714\ufe0f Detoksic\u0113 un dzi\u013ci att\u012bra poras<br data-start=\"1644\" data-end=\"1647\" \/>\u2714\ufe0f Nogludina un uzlabo \u0101das tekst\u016bru<br data-start=\"1683\" data-end=\"1686\" \/>\u2714\ufe0f Palielina \u0101das iztur\u012bbu pret dehidrat\u0101ciju un disbalansu<br data-start=\"1745\" data-end=\"1748\" \/>\u2714\ufe0f Pie\u0161\u0137ir svaigu, t\u012bru un starojo\u0161u izskatu<\/p>\n","protected":false},"featured_media":62397,"template":"","meta":[],"pwb-brand":[1134],"product_brand":[],"product_cat":[741,725,747],"product_tag":[],"giftcard-category":[],"class_list":{"0":"post-59741","1":"product","2":"type-product","3":"status-publish","4":"has-post-thumbnail","6":"pwb-brand-image-skincare","7":"product_cat-izsitumi","8":"product_cat-maskas","9":"product_cat-taukainai-adai","11":"first","12":"instock","13":"taxable","14":"shipping-taxable","15":"purchasable","16":"product-type-simple"},"acf":[],"brands":[{"id":1134,"name":"Image Skincare","slug":"image-skincare"}],"_links":{"self":[{"href":"https:\/\/skinstudio.ee\/lv\/wp-json\/wp\/v2\/product\/59741","targetHints":{"allow":["GET"]}}],"collection":[{"href":"https:\/\/skinstudio.ee\/lv\/wp-json\/wp\/v2\/product"}],"about":[{"href":"https:\/\/skinstudio.ee\/lv\/wp-json\/wp\/v2\/types\/product"}],"version-history":[{"count":0,"href":"https:\/\/skinstudio.ee\/lv\/wp-json\/wp\/v2\/product\/59741\/revisions"}],"wp:featuredmedia":[{"embeddable":true,"href":"https:\/\/skinstudio.ee\/lv\/wp-json\/wp\/v2\/media\/62397"}],"wp:attachment":[{"href":"https:\/\/skinstudio.ee\/lv\/wp-json\/wp\/v2\/media?parent=59741"}],"wp:term":[{"taxonomy":"pwb-brand","embeddable":true,"href":"https:\/\/skinstudio.ee\/lv\/wp-json\/wp\/v2\/pwb-brand?post=59741"},{"taxonomy":"product_brand","embeddable":true,"href":"https:\/\/skinstudio.ee\/lv\/wp-json\/wp\/v2\/product_brand?post=59741"},{"taxonomy":"product_cat","embeddable":true,"href":"https:\/\/skinstudio.ee\/lv\/wp-json\/wp\/v2\/product_cat?post=59741"},{"taxonomy":"product_tag","embeddable":true,"href":"https:\/\/skinstudio.ee\/lv\/wp-json\/wp\/v2\/product_tag?post=59741"},{"taxonomy":"giftcard-category","embeddable":true,"href":"https:\/\/skinstudio.ee\/lv\/wp-json\/wp\/v2\/giftcard-category?post=59741"}],"curies":[{"name":"wp","href":"https:\/\/api.w.org\/{rel}","templated":true}]}}