{"id":59754,"date":"2024-05-21T12:03:26","date_gmt":"2024-05-21T12:03:26","guid":{"rendered":"https:\/\/skinstudio.ee\/?post_type=product&#038;p=59754"},"modified":"2025-12-29T09:56:27","modified_gmt":"2025-12-29T09:56:27","slug":"i-mask-hydrating-hydrogel-sheet-mask-1pc","status":"publish","type":"product","link":"https:\/\/skinstudio.ee\/lv\/catalog\/image-skincare\/i-mask-hydrating-hydrogel-sheet-mask-1pc\/","title":{"rendered":"I MASK Hydrating Hydrogel Sheet Mask (1pc)"},"content":{"rendered":"<p data-start=\"328\" data-end=\"678\"><strong data-start=\"328\" data-end=\"368\">I MASK Hydrating Hydrogel Sheet Mask<\/strong> ir dzi\u013ci mitrino\u0161a un moment\u0101ni atsvaidzino\u0161a hidrog\u0113la maska, kas rad\u012bta sausai, bl\u0101vai un mitruma tr\u016bkuma nogurdin\u0101tai \u0101dai.<br data-start=\"495\" data-end=\"498\" \/>Polisahar\u012bdu hidrog\u0113la tekst\u016bra nodro\u0161ina intens\u012bvu mitrin\u0101\u0161anu, atv\u0113sina, nomierina un pal\u012bdz atjaunot \u0101du, padarot to gludu, svaigu un starojo\u0161u jau p\u0113c vienas lieto\u0161anas reizes.<\/p>\n<p data-start=\"680\" data-end=\"1035\">Formula ir bag\u0101tin\u0101ta ar unik\u0101lu biomolekul\u0101ru mais\u012bjumu \u2013 Onsen-Sui un \u010ced\u017eu vulk\u0101nisko \u016bdeni, aminosk\u0101bju kompleksu, organisku k\u016bdras \u016bdeni un sp\u0113c\u012bgiem antioksidantiem.<br data-start=\"851\" data-end=\"854\" \/>Akt\u012bvo sast\u0101vda\u013cu koncentr\u0101cija padara \u0161o masku ide\u0101lu p\u0113c skaistumkop\u0161anas proced\u016br\u0101m, k\u0101 ar\u012b k\u0101 SOS l\u012bdzekli, kad \u0101dai nepiecie\u0161ama \u0101tra atjauno\u0161ana, gludums un dzi\u013ca mitrin\u0101\u0161ana.<\/p>\n<p data-start=\"1037\" data-end=\"1479\"><strong data-start=\"1037\" data-end=\"1061\">Akt\u012bv\u0101s sast\u0101vda\u013cas:<\/strong><br data-start=\"1061\" data-end=\"1064\" \/>\u2022 Vulk\u0101niskie \u016bde\u0146i (Onsen-Sui &amp; Jeju) \u2013 stiprina \u0101du, sniedz miner\u0101lus un mitrin\u0101\u0161anu<br data-start=\"1150\" data-end=\"1153\" \/>\u2022 Aminosk\u0101bju komplekss \u2013 pal\u012bdz atjaunot \u0101das barjeru<br data-start=\"1207\" data-end=\"1210\" \/>\u2022 Organiska k\u016bdras \u016bdens b\u0101ze \u2013 detoksic\u0113 un att\u012bra \u0101du<br data-start=\"1265\" data-end=\"1268\" \/>\u2022 Hialuronsk\u0101be \u2013 dzi\u013ci mitrina un padara \u0101du tvirt\u0101ku<br data-start=\"1322\" data-end=\"1325\" \/>\u2022 Za\u013c\u0101s t\u0113jas ekstrakts \u2013 nomierina un mazina aps\u0101rtumu<br data-start=\"1380\" data-end=\"1383\" \/>\u2022 Sarkanv\u012bna ekstrakts \u2013 antioksidants, kas aizsarg\u0101 kolag\u0113nu un c\u012bn\u0101s ar br\u012bvajiem radik\u0101\u013ciem<\/p>\n<p data-start=\"1481\" data-end=\"1502\"><strong data-start=\"1481\" data-end=\"1493\">Tilpums:<\/strong> 1 gab.<\/p>\n","protected":false},"excerpt":{"rendered":"<p data-start=\"2017\" data-end=\"2044\">Mitrino\u0161a hidrog\u0113la maska<\/p>\n<h2 data-start=\"2046\" data-end=\"2339\"><strong data-start=\"2046\" data-end=\"2112\">\u012apa\u0161\u012bbas IMAGE SKINCARE &#8211; I MASK Hydrating Hydrogel Sheet Mask<\/strong><\/h2>\n<p data-start=\"2046\" data-end=\"2339\">\u2714\ufe0f Nodro\u0161ina t\u016bl\u012bt\u0113ju un ilgsto\u0161u mitrin\u0101\u0161anu<br data-start=\"2160\" data-end=\"2163\" \/>\u2714\ufe0f Nomierina, atv\u0113sina un atsvaidzina \u0101du<br data-start=\"2204\" data-end=\"2207\" \/>\u2714\ufe0f Uzlabo gludumu un samazina bl\u0101vumu<br data-start=\"2244\" data-end=\"2247\" \/>\u2714\ufe0f Sniedz antioksidantu aizsardz\u012bbu<br data-start=\"2282\" data-end=\"2285\" \/>\u2714\ufe0f Ide\u0101li piem\u0113rota \u0101das atjauno\u0161anai p\u0113c proced\u016br\u0101m<\/p>\n<p data-start=\"2341\" data-end=\"2415\"><span style=\"text-decoration: underline; color: #0000ff;\"><a style=\"color: #0000ff; text-decoration: underline;\" href=\"https:\/\/skinstudio.ee\/lv\/toode\/image-skincare\/i-mask-hydrating-hydrogel-sheet-mask-copy\/\">Pieejams I MASK Hydrating Hydrogel Sheet Mask (iepakojum\u0101 5 gab.)<\/a><\/span><\/p>\n<p data-start=\"2549\" data-end=\"2844\">\n","protected":false},"featured_media":62392,"template":"","meta":[],"pwb-brand":[1134],"product_brand":[],"product_cat":[745,725,737,749,739],"product_tag":[],"giftcard-category":[],"class_list":{"0":"post-59754","1":"product","2":"type-product","3":"status-publish","4":"has-post-thumbnail","6":"pwb-brand-image-skincare","7":"product_cat-jutigai-adai","8":"product_cat-maskas","9":"product_cat-mitrinasana","10":"product_cat-novecojosa-ada","11":"product_cat-sausai-adai","12":"pa_suurus-1-pack-5pc-lv","13":"pa_suurus-1pc-lv","15":"first","16":"instock","17":"taxable","18":"shipping-taxable","19":"purchasable","20":"product-type-simple"},"acf":[],"brands":[{"id":1134,"name":"Image Skincare","slug":"image-skincare"}],"_links":{"self":[{"href":"https:\/\/skinstudio.ee\/lv\/wp-json\/wp\/v2\/product\/59754","targetHints":{"allow":["GET"]}}],"collection":[{"href":"https:\/\/skinstudio.ee\/lv\/wp-json\/wp\/v2\/product"}],"about":[{"href":"https:\/\/skinstudio.ee\/lv\/wp-json\/wp\/v2\/types\/product"}],"version-history":[{"count":0,"href":"https:\/\/skinstudio.ee\/lv\/wp-json\/wp\/v2\/product\/59754\/revisions"}],"wp:featuredmedia":[{"embeddable":true,"href":"https:\/\/skinstudio.ee\/lv\/wp-json\/wp\/v2\/media\/62392"}],"wp:attachment":[{"href":"https:\/\/skinstudio.ee\/lv\/wp-json\/wp\/v2\/media?parent=59754"}],"wp:term":[{"taxonomy":"pwb-brand","embeddable":true,"href":"https:\/\/skinstudio.ee\/lv\/wp-json\/wp\/v2\/pwb-brand?post=59754"},{"taxonomy":"product_brand","embeddable":true,"href":"https:\/\/skinstudio.ee\/lv\/wp-json\/wp\/v2\/product_brand?post=59754"},{"taxonomy":"product_cat","embeddable":true,"href":"https:\/\/skinstudio.ee\/lv\/wp-json\/wp\/v2\/product_cat?post=59754"},{"taxonomy":"product_tag","embeddable":true,"href":"https:\/\/skinstudio.ee\/lv\/wp-json\/wp\/v2\/product_tag?post=59754"},{"taxonomy":"giftcard-category","embeddable":true,"href":"https:\/\/skinstudio.ee\/lv\/wp-json\/wp\/v2\/giftcard-category?post=59754"}],"curies":[{"name":"wp","href":"https:\/\/api.w.org\/{rel}","templated":true}]}}