{"id":59783,"date":"2024-05-24T12:27:40","date_gmt":"2024-05-24T12:27:40","guid":{"rendered":"https:\/\/skinstudio.ee\/?post_type=product&#038;p=59783"},"modified":"2026-02-24T15:39:29","modified_gmt":"2026-02-24T15:39:29","slug":"daily-prevention-protect-and-refresh-mist-spf-30","status":"publish","type":"product","link":"https:\/\/skinstudio.ee\/lv\/catalog\/image-skincare\/daily-prevention-protect-and-refresh-mist-spf-30\/","title":{"rendered":"Daily Prevention Protect and Refresh Mist SPF 30"},"content":{"rendered":"<div class=\"woocommerce-product-details__short-description\">\n<p data-start=\"339\" data-end=\"720\"><strong data-start=\"339\" data-end=\"384\">Daily Prevention Protect and Refresh Mist<\/strong> ir \u012bpa\u0161i viegls, mitrino\u0161s saules aizsargsprejs, kas nodro\u0161ina efekt\u012bvu UV aizsardz\u012bbu un vienlaikus sniedz \u0101dai svaigu mitrin\u0101\u0161anu.<br data-start=\"517\" data-end=\"520\" \/>T\u0101 unik\u0101l\u0101 saus\u0101s e\u013c\u013cas formula \u0101tri ies\u016bcas, neatst\u0101j lip\u012bgumu un pie\u0161\u0137ir neman\u0101mu, caursp\u012bd\u012bgu p\u0101rkl\u0101jumu &#8211; lieliski piem\u0113rots saules aizsardz\u012bbas atk\u0101rtotai uzkl\u0101\u0161anai dienas laik\u0101, ar\u012b uz meikapa.<\/p>\n<p data-start=\"722\" data-end=\"928\">Sprejam ir l\u012bdz pat 80 min\u016b\u0161u \u016bdensnotur\u012bba, t\u0101p\u0113c tas ir ide\u0101ls lieto\u0161anai \u0101r\u0101, sportojot vai ce\u013cojot.<br data-start=\"825\" data-end=\"828\" \/>Barojo\u0161\u0101s sast\u0101vda\u013cas pal\u012bdz saglab\u0101t \u0101du maigu, \u0113rtu un labi mitrin\u0101tu pat intens\u012bvas saules laik\u0101.<\/p>\n<p data-start=\"930\" data-end=\"951\"><strong data-start=\"930\" data-end=\"942\">Tilpums:<\/strong> 30 ml \/ 100 ml<\/p>\n<\/div>\n","protected":false},"excerpt":{"rendered":"<p data-start=\"1354\" data-end=\"1386\">Mitrino\u0161s saules aizsargsprejs<\/p>\n<h2 data-start=\"1388\" data-end=\"1763\"><strong data-start=\"1388\" data-end=\"1466\">\u012apa\u0161\u012bbas IMAGE SKINCARE &#8211; Daily Prevention Protect and Refresh Mist SPF 30<\/strong><\/h2>\n<p data-start=\"1388\" data-end=\"1763\">\u2714\ufe0f \u0100tri ies\u016bco\u0161s saus\u0101s e\u013c\u013cas sprejs ar caursp\u012bd\u012bgu, viegli mirdzo\u0161u p\u0101rkl\u0101jumu<br data-start=\"1548\" data-end=\"1551\" \/>\u2714\ufe0f Pal\u012bdz aizsarg\u0101t pret UV stariem un zilo gaismu<br data-start=\"1601\" data-end=\"1604\" \/>\u2714\ufe0f P\u013cavas putek\u0161\u0146u s\u0113klu e\u013c\u013ca pal\u012bdz saglab\u0101t mitrumu un m\u012bkstumu<br data-start=\"1669\" data-end=\"1672\" \/>\u2714\ufe0f Lieliski piem\u0113rots atk\u0101rtotai uzkl\u0101\u0161anai uz meikapa<br data-start=\"1726\" data-end=\"1729\" \/>\u2714\ufe0f \u016adensnotur\u012bgs l\u012bdz 80 min\u016bt\u0113m<\/p>\n","protected":false},"featured_media":62538,"template":"","meta":[],"pwb-brand":[1134],"product_brand":[],"product_cat":[731,753],"product_tag":[],"giftcard-category":[],"class_list":{"0":"post-59783","1":"product","2":"type-product","3":"status-publish","4":"has-post-thumbnail","6":"pwb-brand-image-skincare","7":"product_cat-spf-aizsardziba","8":"product_cat-travel-size","9":"pa_suurus-100ml-lv","10":"pa_suurus-30ml-lv","12":"first","13":"instock","14":"sale","15":"taxable","16":"shipping-taxable","17":"purchasable","18":"product-type-variable"},"acf":[],"brands":[{"id":1134,"name":"Image Skincare","slug":"image-skincare"}],"_links":{"self":[{"href":"https:\/\/skinstudio.ee\/lv\/wp-json\/wp\/v2\/product\/59783","targetHints":{"allow":["GET"]}}],"collection":[{"href":"https:\/\/skinstudio.ee\/lv\/wp-json\/wp\/v2\/product"}],"about":[{"href":"https:\/\/skinstudio.ee\/lv\/wp-json\/wp\/v2\/types\/product"}],"version-history":[{"count":1,"href":"https:\/\/skinstudio.ee\/lv\/wp-json\/wp\/v2\/product\/59783\/revisions"}],"predecessor-version":[{"id":83503,"href":"https:\/\/skinstudio.ee\/lv\/wp-json\/wp\/v2\/product\/59783\/revisions\/83503"}],"wp:featuredmedia":[{"embeddable":true,"href":"https:\/\/skinstudio.ee\/lv\/wp-json\/wp\/v2\/media\/62538"}],"wp:attachment":[{"href":"https:\/\/skinstudio.ee\/lv\/wp-json\/wp\/v2\/media?parent=59783"}],"wp:term":[{"taxonomy":"pwb-brand","embeddable":true,"href":"https:\/\/skinstudio.ee\/lv\/wp-json\/wp\/v2\/pwb-brand?post=59783"},{"taxonomy":"product_brand","embeddable":true,"href":"https:\/\/skinstudio.ee\/lv\/wp-json\/wp\/v2\/product_brand?post=59783"},{"taxonomy":"product_cat","embeddable":true,"href":"https:\/\/skinstudio.ee\/lv\/wp-json\/wp\/v2\/product_cat?post=59783"},{"taxonomy":"product_tag","embeddable":true,"href":"https:\/\/skinstudio.ee\/lv\/wp-json\/wp\/v2\/product_tag?post=59783"},{"taxonomy":"giftcard-category","embeddable":true,"href":"https:\/\/skinstudio.ee\/lv\/wp-json\/wp\/v2\/giftcard-category?post=59783"}],"curies":[{"name":"wp","href":"https:\/\/api.w.org\/{rel}","templated":true}]}}