{"id":59801,"date":"2024-05-24T12:48:24","date_gmt":"2024-05-24T12:48:24","guid":{"rendered":"https:\/\/skinstudio.ee\/?post_type=product&#038;p=59801"},"modified":"2026-02-24T15:35:26","modified_gmt":"2026-02-24T15:35:26","slug":"daily-prevention-ultra-defense-moisturizer-spf-50","status":"publish","type":"product","link":"https:\/\/skinstudio.ee\/lv\/catalog\/image-skincare\/daily-prevention-ultra-defense-moisturizer-spf-50\/","title":{"rendered":"Daily Prevention Ultra Defense Moisturizer SPF 50"},"content":{"rendered":"<p data-start=\"335\" data-end=\"678\"><strong data-start=\"335\" data-end=\"381\">Daily Prevention Ultra Defense Moisturizer<\/strong> ir jaud\u012bgs dienas kr\u0113ms ar augstu UV aizsardz\u012bbu un mitrino\u0161u, barojo\u0161u kakao sviestu, kas pal\u012bdz saglab\u0101t \u0101du gludu, mitrin\u0101tu un vienm\u0113r\u012bgu jebkura tipa un to\u0146a \u0101dai.<br data-start=\"550\" data-end=\"553\" \/>T\u0101 viegl\u0101, nelip\u012bg\u0101 tekst\u016bra \u0101tri ies\u016bcas, nodro\u0161inot \u0101das komfortu visas dienas garum\u0101 un pie\u0161\u0137irot vesel\u012bgu, koptu izskatu.<\/p>\n<p data-start=\"680\" data-end=\"993\">Formula balst\u0101s uz caursp\u012bd\u012bgo cinka oks\u012bdu &#8211; vienu no dro\u0161\u0101kajiem un efekt\u012bv\u0101kajiem miner\u0101lajiem filtriem &#8211; kombin\u0101cij\u0101 ar <strong data-start=\"804\" data-end=\"824\">XOSM tehnolo\u0123iju<\/strong>, kas pastiprina aizsardz\u012bbu pret fotonoveco\u0161anos.<br data-start=\"874\" data-end=\"877\" \/>Kr\u0113ms ir \u016bdensnotur\u012bgs l\u012bdz 80 min\u016bt\u0113m, t\u0101p\u0113c tas ir lieliski piem\u0113rots ikdienai, sportam un aktivit\u0101t\u0113m br\u012bv\u0101 dab\u0101.<\/p>\n<p data-start=\"995\" data-end=\"1014\"><strong data-start=\"995\" data-end=\"1007\">Tilpums:<\/strong> 28 g \/ 73 g<\/p>\n","protected":false},"excerpt":{"rendered":"<h2 data-start=\"1289\" data-end=\"1637\"><strong data-start=\"1289\" data-end=\"1368\">\u012apa\u0161\u012bbas IMAGE SKINCARE &#8211; Daily Prevention Ultra Defense Moisturizer SPF 50<\/strong><\/h2>\n<p data-start=\"1289\" data-end=\"1637\">\u2714\ufe0f Pal\u012bdz aizsarg\u0101t \u0101du no UV stariem un zil\u0101s gaismas<br data-start=\"1425\" data-end=\"1428\" \/>\u2714\ufe0f Organiskais kakao sviests dzi\u013ci mitrina un baro \u0101du<br data-start=\"1482\" data-end=\"1485\" \/>\u2714\ufe0f Satur caursp\u012bd\u012bgo cinka oks\u012bdu ar augstu dro\u0161\u012bbas profilu<br data-start=\"1545\" data-end=\"1548\" \/>\u2714\ufe0f Nodro\u0161ina vienm\u0113r\u012bgu, gludu un koptu \u0101das izskatu<br data-start=\"1600\" data-end=\"1603\" \/>\u2714\ufe0f \u016adensnotur\u012bgs l\u012bdz 80 min\u016bt\u0113m<\/p>\n","protected":false},"featured_media":62473,"template":"","meta":[],"pwb-brand":[1134],"product_brand":[],"product_cat":[731,753],"product_tag":[],"giftcard-category":[],"class_list":{"0":"post-59801","1":"product","2":"type-product","3":"status-publish","4":"has-post-thumbnail","6":"pwb-brand-image-skincare","7":"product_cat-spf-aizsardziba","8":"product_cat-travel-size-lv","9":"pa_suurus-28g-lv","10":"pa_suurus-73g-lv","12":"first","13":"instock","14":"taxable","15":"shipping-taxable","16":"purchasable","17":"product-type-variable"},"acf":[],"brands":[{"id":1134,"name":"Image Skincare","slug":"image-skincare"}],"_links":{"self":[{"href":"https:\/\/skinstudio.ee\/lv\/wp-json\/wp\/v2\/product\/59801","targetHints":{"allow":["GET"]}}],"collection":[{"href":"https:\/\/skinstudio.ee\/lv\/wp-json\/wp\/v2\/product"}],"about":[{"href":"https:\/\/skinstudio.ee\/lv\/wp-json\/wp\/v2\/types\/product"}],"version-history":[{"count":1,"href":"https:\/\/skinstudio.ee\/lv\/wp-json\/wp\/v2\/product\/59801\/revisions"}],"predecessor-version":[{"id":83482,"href":"https:\/\/skinstudio.ee\/lv\/wp-json\/wp\/v2\/product\/59801\/revisions\/83482"}],"wp:featuredmedia":[{"embeddable":true,"href":"https:\/\/skinstudio.ee\/lv\/wp-json\/wp\/v2\/media\/62473"}],"wp:attachment":[{"href":"https:\/\/skinstudio.ee\/lv\/wp-json\/wp\/v2\/media?parent=59801"}],"wp:term":[{"taxonomy":"pwb-brand","embeddable":true,"href":"https:\/\/skinstudio.ee\/lv\/wp-json\/wp\/v2\/pwb-brand?post=59801"},{"taxonomy":"product_brand","embeddable":true,"href":"https:\/\/skinstudio.ee\/lv\/wp-json\/wp\/v2\/product_brand?post=59801"},{"taxonomy":"product_cat","embeddable":true,"href":"https:\/\/skinstudio.ee\/lv\/wp-json\/wp\/v2\/product_cat?post=59801"},{"taxonomy":"product_tag","embeddable":true,"href":"https:\/\/skinstudio.ee\/lv\/wp-json\/wp\/v2\/product_tag?post=59801"},{"taxonomy":"giftcard-category","embeddable":true,"href":"https:\/\/skinstudio.ee\/lv\/wp-json\/wp\/v2\/giftcard-category?post=59801"}],"curies":[{"name":"wp","href":"https:\/\/api.w.org\/{rel}","templated":true}]}}