{"id":59823,"date":"2024-05-24T13:02:03","date_gmt":"2024-05-24T13:02:03","guid":{"rendered":"https:\/\/skinstudio.ee\/?post_type=product&#038;p=59823"},"modified":"2026-02-24T15:31:28","modified_gmt":"2026-02-24T15:31:28","slug":"daily-prevention-sheer-matte-moisturizer-spf-30","status":"publish","type":"product","link":"https:\/\/skinstudio.ee\/lv\/catalog\/image-skincare\/daily-prevention-sheer-matte-moisturizer-spf-30\/","title":{"rendered":"Daily Prevention Sheer Matte Moisturizer SPF 30"},"content":{"rendered":"<p data-start=\"304\" data-end=\"668\"><strong data-start=\"304\" data-end=\"348\">Daily Prevention Sheer Matte Moisturizer<\/strong> ir mat\u0113jo\u0161s dienas kr\u0113ms ar dubulto aizsardz\u012bbu, kas nodro\u0161ina dzi\u013cu mitrin\u0101\u0161anu un pie\u0161\u0137ir \u0101dai gludu, mat\u0113tu un vienm\u0113r\u012bgu izskatu visas dienas garum\u0101.<br data-start=\"502\" data-end=\"505\" \/>T\u0101 viegl\u0101 formula ir ide\u0101li piem\u0113rota taukainai un aknei pak\u013cautai \u0101dai, pal\u012bdzot samazin\u0101t sp\u012bdumu, uzlabot tekst\u016bru un uztur\u0113t svaigu, sabalans\u0113tu \u0101das st\u0101vokli.<\/p>\n<p data-start=\"670\" data-end=\"980\">Kr\u0113ms satur caursp\u012bd\u012bgo cinka oks\u012bdu &#8211; vienu no dro\u0161\u0101kajiem un efekt\u012bv\u0101kajiem miner\u0101lajiem filtriem &#8211; k\u0101 ar\u012b <strong data-start=\"779\" data-end=\"800\">XOSM\u2122 tehnolo\u0123iju<\/strong>, kas pastiprina antioksidantu iedarb\u012bbu un pal\u012bdz aizsarg\u0101t \u0101du no UV starojuma un zil\u0101s gaismas.<br data-start=\"898\" data-end=\"901\" \/>Neitr\u0101ls tonis viegli izl\u012bdzin\u0101s, neatst\u0101j p\u0113das un ir piem\u0113rots ar\u012b v\u012brie\u0161iem.<\/p>\n<p data-start=\"982\" data-end=\"1001\"><strong data-start=\"982\" data-end=\"994\">Tilpums:<\/strong> 28 g \/ 73 g<\/p>\n","protected":false},"excerpt":{"rendered":"<p data-start=\"1310\" data-end=\"1344\">Mit\u00adrino\u0161s mat\u0113jo\u0161s dienas kr\u0113ms<\/p>\n<h2 data-start=\"1346\" data-end=\"1683\"><strong data-start=\"1346\" data-end=\"1423\">\u012apa\u0161\u012bbas IMAGE SKINCARE &#8211; Daily Prevention Sheer Matte Moisturizer SPF 30<\/strong><\/h2>\n<p data-start=\"1346\" data-end=\"1683\">\u2714\ufe0f Z\u012bdaina tekst\u016bra ar maigi mat\u0113tu fini\u0161u<br data-start=\"1468\" data-end=\"1471\" \/>\u2714\ufe0f Samazina sp\u012bdumu un uzlabo \u0101das izskatu<br data-start=\"1513\" data-end=\"1516\" \/>\u2714\ufe0f Pal\u012bdz aizsarg\u0101t no UV starojuma un zil\u0101s gaismas<br data-start=\"1568\" data-end=\"1571\" \/>\u2714\ufe0f Satur caursp\u012bd\u012bgo cinka oks\u012bdu ar augstu dro\u0161\u012bbas profilu<br data-start=\"1631\" data-end=\"1634\" \/>\u2714\ufe0f Nodro\u0161ina vienm\u0113r\u012bgu toni bez balt\u0101m sv\u012btr\u0101m<\/p>\n","protected":false},"featured_media":62528,"template":"","meta":[],"pwb-brand":[1134],"product_brand":[],"product_cat":[731,747,753],"product_tag":[],"giftcard-category":[],"class_list":{"0":"post-59823","1":"product","2":"type-product","3":"status-publish","4":"has-post-thumbnail","6":"pwb-brand-image-skincare","7":"product_cat-spf-aizsardziba","8":"product_cat-taukainai-adai","9":"product_cat-travel-size-lv","10":"pa_suurus-28g-lv","11":"pa_suurus-73g-lv","13":"first","14":"instock","15":"sale","16":"taxable","17":"shipping-taxable","18":"purchasable","19":"product-type-variable"},"acf":[],"brands":[{"id":1134,"name":"Image Skincare","slug":"image-skincare"}],"_links":{"self":[{"href":"https:\/\/skinstudio.ee\/lv\/wp-json\/wp\/v2\/product\/59823","targetHints":{"allow":["GET"]}}],"collection":[{"href":"https:\/\/skinstudio.ee\/lv\/wp-json\/wp\/v2\/product"}],"about":[{"href":"https:\/\/skinstudio.ee\/lv\/wp-json\/wp\/v2\/types\/product"}],"version-history":[{"count":1,"href":"https:\/\/skinstudio.ee\/lv\/wp-json\/wp\/v2\/product\/59823\/revisions"}],"predecessor-version":[{"id":83461,"href":"https:\/\/skinstudio.ee\/lv\/wp-json\/wp\/v2\/product\/59823\/revisions\/83461"}],"wp:featuredmedia":[{"embeddable":true,"href":"https:\/\/skinstudio.ee\/lv\/wp-json\/wp\/v2\/media\/62528"}],"wp:attachment":[{"href":"https:\/\/skinstudio.ee\/lv\/wp-json\/wp\/v2\/media?parent=59823"}],"wp:term":[{"taxonomy":"pwb-brand","embeddable":true,"href":"https:\/\/skinstudio.ee\/lv\/wp-json\/wp\/v2\/pwb-brand?post=59823"},{"taxonomy":"product_brand","embeddable":true,"href":"https:\/\/skinstudio.ee\/lv\/wp-json\/wp\/v2\/product_brand?post=59823"},{"taxonomy":"product_cat","embeddable":true,"href":"https:\/\/skinstudio.ee\/lv\/wp-json\/wp\/v2\/product_cat?post=59823"},{"taxonomy":"product_tag","embeddable":true,"href":"https:\/\/skinstudio.ee\/lv\/wp-json\/wp\/v2\/product_tag?post=59823"},{"taxonomy":"giftcard-category","embeddable":true,"href":"https:\/\/skinstudio.ee\/lv\/wp-json\/wp\/v2\/giftcard-category?post=59823"}],"curies":[{"name":"wp","href":"https:\/\/api.w.org\/{rel}","templated":true}]}}