{"id":59841,"date":"2024-05-24T13:15:49","date_gmt":"2024-05-24T13:15:49","guid":{"rendered":"https:\/\/skinstudio.ee\/?post_type=product&#038;p=59841"},"modified":"2025-12-29T09:56:29","modified_gmt":"2025-12-29T09:56:29","slug":"refreshing-facial-wipes","status":"publish","type":"product","link":"https:\/\/skinstudio.ee\/lv\/catalog\/image-skincare\/refreshing-facial-wipes\/","title":{"rendered":"Refreshing Facial Wipes"},"content":{"rendered":"<div class=\"woocommerce-product-details__short-description\">\n<p data-start=\"206\" data-end=\"516\"><strong data-start=\"206\" data-end=\"233\">Refreshing Facial Wipes<\/strong> ir divdarb\u012bgas att\u012bro\u0161\u0101s salvetes, kas viegli no\u0146em kosm\u0113tiku, net\u012brumus un lieko sebumu, vienlaikus acumirkl\u012b atsvaidzinot \u0101du. M\u012bkst\u0101 tekst\u016bra ir piem\u0113rota pat jut\u012bgai \u0101dai, bet iztur\u012bgais materi\u0101ls efekt\u012bvi no\u0146em ar\u012b notur\u012bgu un \u016bdensnotur\u012bgu kosm\u0113tiku bez berzes un kairin\u0101juma.<\/p>\n<p data-start=\"518\" data-end=\"739\">Salvetes ir bag\u0101tin\u0101tas ar superaug\u013ciem, kafijas ekstraktu un antioksidantiem, kas atdz\u012bvina noguru\u0161u \u0101du, toniz\u0113 un pasarg\u0101 no apk\u0101rt\u0113j\u0101s vides stresa. Ide\u0101li piem\u0113rotas \u0101trai att\u012br\u012b\u0161anai m\u0101j\u0101s, ce\u013cojumos vai p\u0113c sporta.<\/p>\n<p data-start=\"741\" data-end=\"761\"><strong data-start=\"741\" data-end=\"753\">Tilpums:<\/strong> 30 gab.<\/p>\n<\/div>\n","protected":false},"excerpt":{"rendered":"<p data-start=\"965\" data-end=\"996\">Atsvaidzino\u0161\u0101s sejas salvetes<\/p>\n<h2 data-start=\"998\" data-end=\"1280\"><strong data-start=\"998\" data-end=\"1051\">\u012apa\u0161\u012bbas IMAGE SKINCARE &#8211; Refreshing Facial Wipes<\/strong><\/h2>\n<p data-start=\"998\" data-end=\"1280\">\u2714\ufe0f Viegl\u0101 kust\u012bb\u0101 no\u0146em kosm\u0113tiku, net\u012brumus un SPF<br data-start=\"1105\" data-end=\"1108\" \/>\u2714\ufe0f Acumirkl\u012b atsvaidzina noguru\u0161u, noplaku\u0161u \u0101du<br data-start=\"1156\" data-end=\"1159\" \/>\u2714\ufe0f Maigas jut\u012bgai \u0101dai<br data-start=\"1181\" data-end=\"1184\" \/>\u2714\ufe0f No\u0146em notur\u012bgu un \u016bdensnotur\u012bgu kosm\u0113tiku<br data-start=\"1228\" data-end=\"1231\" \/>\u2714\ufe0f Antioksidantu formula toniz\u0113 un aizsarg\u0101 \u0101du<\/p>\n","protected":false},"featured_media":62387,"template":"","meta":[],"pwb-brand":[1134],"product_brand":[],"product_cat":[715],"product_tag":[],"giftcard-category":[],"class_list":{"0":"post-59841","1":"product","2":"type-product","3":"status-publish","4":"has-post-thumbnail","6":"pwb-brand-image-skincare","7":"product_cat-attirisana","9":"first","10":"instock","11":"taxable","12":"shipping-taxable","13":"purchasable","14":"product-type-simple"},"acf":[],"brands":[{"id":1134,"name":"Image Skincare","slug":"image-skincare"}],"_links":{"self":[{"href":"https:\/\/skinstudio.ee\/lv\/wp-json\/wp\/v2\/product\/59841","targetHints":{"allow":["GET"]}}],"collection":[{"href":"https:\/\/skinstudio.ee\/lv\/wp-json\/wp\/v2\/product"}],"about":[{"href":"https:\/\/skinstudio.ee\/lv\/wp-json\/wp\/v2\/types\/product"}],"version-history":[{"count":0,"href":"https:\/\/skinstudio.ee\/lv\/wp-json\/wp\/v2\/product\/59841\/revisions"}],"wp:featuredmedia":[{"embeddable":true,"href":"https:\/\/skinstudio.ee\/lv\/wp-json\/wp\/v2\/media\/62387"}],"wp:attachment":[{"href":"https:\/\/skinstudio.ee\/lv\/wp-json\/wp\/v2\/media?parent=59841"}],"wp:term":[{"taxonomy":"pwb-brand","embeddable":true,"href":"https:\/\/skinstudio.ee\/lv\/wp-json\/wp\/v2\/pwb-brand?post=59841"},{"taxonomy":"product_brand","embeddable":true,"href":"https:\/\/skinstudio.ee\/lv\/wp-json\/wp\/v2\/product_brand?post=59841"},{"taxonomy":"product_cat","embeddable":true,"href":"https:\/\/skinstudio.ee\/lv\/wp-json\/wp\/v2\/product_cat?post=59841"},{"taxonomy":"product_tag","embeddable":true,"href":"https:\/\/skinstudio.ee\/lv\/wp-json\/wp\/v2\/product_tag?post=59841"},{"taxonomy":"giftcard-category","embeddable":true,"href":"https:\/\/skinstudio.ee\/lv\/wp-json\/wp\/v2\/giftcard-category?post=59841"}],"curies":[{"name":"wp","href":"https:\/\/api.w.org\/{rel}","templated":true}]}}