{"id":59850,"date":"2024-05-24T13:29:25","date_gmt":"2024-05-24T13:29:25","guid":{"rendered":"https:\/\/skinstudio.ee\/?post_type=product&#038;p=59850"},"modified":"2026-03-25T12:19:02","modified_gmt":"2026-03-25T12:19:02","slug":"ormedic-balancing-facial-cleanser","status":"publish","type":"product","link":"https:\/\/skinstudio.ee\/lv\/catalog\/image-skincare\/ormedic-balancing-facial-cleanser\/","title":{"rendered":"Ormedic\u00ae Balancing Facial Cleanser"},"content":{"rendered":"<p data-start=\"229\" data-end=\"505\"><strong data-start=\"229\" data-end=\"267\">Ormedic\u00ae Balancing Facial Cleanser<\/strong> ir univers\u0101ls att\u012bro\u0161ais gels, kas maigi no\u0146em kosm\u0113tiku, net\u012brumus un lieko sebumu, vienlaikus toniz\u0113jot un atsvaidzinot \u0101du. Tas ir piem\u0113rots visiem \u0101das tipiem, ar\u012b jut\u012bgai \u0101dai, un att\u012bra \u0101du bez sasprindzin\u0101juma vai sausuma saj\u016btas.<\/p>\n<p data-start=\"507\" data-end=\"752\">Formula ir bag\u0101tin\u0101ta ar organiskiem augu ekstraktiem \u2013 za\u013co t\u0113ju, kumel\u012bti, genci\u0101nu, kli\u0146\u0123er\u012bti un arniku \u2013, kas pal\u012bdz nomierin\u0101t, m\u012bkstin\u0101t, atjaunot un mitrin\u0101t \u0101du. Ide\u0101li piem\u0113rots ikdienas lieto\u0161anai un pietiekami saudz\u012bgs ar\u012b acu zonai.<\/p>\n<p data-start=\"754\" data-end=\"773\"><strong data-start=\"754\" data-end=\"766\">Tilpums:<\/strong> 50 ml \/ 177 ml<\/p>\n","protected":false},"excerpt":{"rendered":"<p data-start=\"902\" data-end=\"923\">Att\u012bro\u0161s sejas gels<\/p>\n<h2 data-start=\"925\" data-end=\"1205\"><strong data-start=\"925\" data-end=\"989\">\u012apa\u0161\u012bbas IMAGE SKINCARE &#8211; Ormedic\u00ae Balancing Facial Cleanser<\/strong><\/h2>\n<p data-start=\"925\" data-end=\"1205\">\u2714\ufe0f Maigi un efekt\u012bvi att\u012bra \u0101du<br data-start=\"1023\" data-end=\"1026\" \/>\u2714\ufe0f No\u0146em kosm\u0113tiku, neiz\u017e\u0101v\u0113jot \u0101du<br data-start=\"1061\" data-end=\"1064\" \/>\u2714\ufe0f Padara \u0101du maigu, gludu un svaigu<br data-start=\"1100\" data-end=\"1103\" \/>\u2714\ufe0f Organiskie augu ekstrakti nomierina un atjauno<br data-start=\"1152\" data-end=\"1155\" \/>\u2714\ufe0f Piem\u0113rots jut\u012bgai \u0101dai un ikdienas lieto\u0161anai<\/p>\n","protected":false},"featured_media":62382,"template":"","meta":[],"pwb-brand":[1134],"product_brand":[],"product_cat":[715,745,739,747,753],"product_tag":[],"giftcard-category":[],"class_list":{"0":"post-59850","1":"product","2":"type-product","3":"status-publish","4":"has-post-thumbnail","6":"pwb-brand-image-skincare","7":"product_cat-attirisana","8":"product_cat-jutigai-adai","9":"product_cat-sausai-adai","10":"product_cat-taukainai-adai","11":"product_cat-travel-size-lv","12":"pa_suurus-177ml-lv","13":"pa_suurus-50ml-lv","15":"first","16":"instock","17":"sale","18":"taxable","19":"shipping-taxable","20":"purchasable","21":"product-type-variable"},"acf":[],"brands":[{"id":1134,"name":"Image Skincare","slug":"image-skincare"}],"_links":{"self":[{"href":"https:\/\/skinstudio.ee\/lv\/wp-json\/wp\/v2\/product\/59850","targetHints":{"allow":["GET"]}}],"collection":[{"href":"https:\/\/skinstudio.ee\/lv\/wp-json\/wp\/v2\/product"}],"about":[{"href":"https:\/\/skinstudio.ee\/lv\/wp-json\/wp\/v2\/types\/product"}],"version-history":[{"count":1,"href":"https:\/\/skinstudio.ee\/lv\/wp-json\/wp\/v2\/product\/59850\/revisions"}],"predecessor-version":[{"id":88134,"href":"https:\/\/skinstudio.ee\/lv\/wp-json\/wp\/v2\/product\/59850\/revisions\/88134"}],"wp:featuredmedia":[{"embeddable":true,"href":"https:\/\/skinstudio.ee\/lv\/wp-json\/wp\/v2\/media\/62382"}],"wp:attachment":[{"href":"https:\/\/skinstudio.ee\/lv\/wp-json\/wp\/v2\/media?parent=59850"}],"wp:term":[{"taxonomy":"pwb-brand","embeddable":true,"href":"https:\/\/skinstudio.ee\/lv\/wp-json\/wp\/v2\/pwb-brand?post=59850"},{"taxonomy":"product_brand","embeddable":true,"href":"https:\/\/skinstudio.ee\/lv\/wp-json\/wp\/v2\/product_brand?post=59850"},{"taxonomy":"product_cat","embeddable":true,"href":"https:\/\/skinstudio.ee\/lv\/wp-json\/wp\/v2\/product_cat?post=59850"},{"taxonomy":"product_tag","embeddable":true,"href":"https:\/\/skinstudio.ee\/lv\/wp-json\/wp\/v2\/product_tag?post=59850"},{"taxonomy":"giftcard-category","embeddable":true,"href":"https:\/\/skinstudio.ee\/lv\/wp-json\/wp\/v2\/giftcard-category?post=59850"}],"curies":[{"name":"wp","href":"https:\/\/api.w.org\/{rel}","templated":true}]}}