{"id":59860,"date":"2024-05-24T15:36:15","date_gmt":"2024-05-24T15:36:15","guid":{"rendered":"https:\/\/skinstudio.ee\/?post_type=product&#038;p=59860"},"modified":"2025-12-29T09:56:27","modified_gmt":"2025-12-29T09:56:27","slug":"iluma-intense-brightening-exfoliating-cleanser","status":"publish","type":"product","link":"https:\/\/skinstudio.ee\/lv\/catalog\/image-skincare\/iluma-intense-brightening-exfoliating-cleanser\/","title":{"rendered":"Iluma Intense Brightening Exfoliating Cleanser"},"content":{"rendered":"<p data-start=\"263\" data-end=\"545\"><strong data-start=\"263\" data-end=\"313\">Iluma Intense Brightening Exfoliating Cleanser<\/strong> ir kr\u0113mveida att\u012bro\u0161ais gels, kas maigi eksfoli\u0113 \u0101du, izl\u012bdzina t\u0101s toni un pie\u0161\u0137ir vesel\u012bgu, starojo\u0161u izskatu. Saudz\u012bg\u0101 formula ir piem\u0113rota ikdienas lieto\u0161anai, atjauno noguru\u0161u \u0101du, uzlabo t\u0101s tekst\u016bru un pal\u012bdz atg\u016bt mirdzumu.<\/p>\n<p data-start=\"547\" data-end=\"819\">Sast\u0101v\u0101 eso\u0161\u0101s bambusa sf\u0113ras un \u201cgudrie\u201d eksfoli\u0113jo\u0161ie graudi\u0146i maigi no\u0146em atmiru\u0161\u0101s \u0101das \u0161\u016bnas, neboj\u0101jot \u0101das barjeru. Gels pal\u012bdz mazin\u0101t bl\u0101vumu, izl\u012bdzin\u0101t \u0101das toni un sagatavot to turpm\u0101kajai kop\u0161anai. Ide\u0101li piem\u0113rots nevienm\u0113r\u012bgai, noplaku\u0161ai un noguru\u0161ai \u0101dai.<\/p>\n<p data-start=\"821\" data-end=\"839\"><strong data-start=\"821\" data-end=\"833\">Tilpums:<\/strong> 113 g<\/p>\n","protected":false},"excerpt":{"rendered":"<p data-start=\"977\" data-end=\"1032\">Eksfoli\u0113jo\u0161s un \u0101das toni izl\u012bdzino\u0161s att\u012bro\u0161ais gels<\/p>\n<h2 data-start=\"1034\" data-end=\"1299\"><strong data-start=\"1034\" data-end=\"1110\">\u012apa\u0161\u012bbas IMAGE SKINCARE &#8211; Iluma Intense Brightening Exfoliating Cleanser<\/strong><\/h2>\n<p data-start=\"1034\" data-end=\"1299\">\u2714\ufe0f Maigi eksfoli\u0113 un att\u012bra \u0101du<br data-start=\"1144\" data-end=\"1147\" \/>\u2714\ufe0f Pie\u0161\u0137ir mirdzumu un pal\u012bdz uztur\u0113t mitrumu<br data-start=\"1192\" data-end=\"1195\" \/>\u2714\ufe0f Padara \u0101du maig\u0101ku un glud\u0101ku<br data-start=\"1227\" data-end=\"1230\" \/>\u2714\ufe0f Uzlabo nevienm\u0113r\u012bgu \u0101das toni<br data-start=\"1262\" data-end=\"1265\" \/>\u2714\ufe0f Piem\u0113rots ikdienas lieto\u0161anai<\/p>\n","protected":false},"featured_media":62377,"template":"","meta":[],"pwb-brand":[1134],"product_brand":[],"product_cat":[715,751],"product_tag":[],"giftcard-category":[],"class_list":{"0":"post-59860","1":"product","2":"type-product","3":"status-publish","4":"has-post-thumbnail","6":"pwb-brand-image-skincare","7":"product_cat-attirisana","8":"product_cat-pigmentacija-lv","10":"first","11":"instock","12":"sale","13":"taxable","14":"shipping-taxable","15":"purchasable","16":"product-type-simple"},"acf":[],"brands":[{"id":1134,"name":"Image Skincare","slug":"image-skincare"}],"_links":{"self":[{"href":"https:\/\/skinstudio.ee\/lv\/wp-json\/wp\/v2\/product\/59860","targetHints":{"allow":["GET"]}}],"collection":[{"href":"https:\/\/skinstudio.ee\/lv\/wp-json\/wp\/v2\/product"}],"about":[{"href":"https:\/\/skinstudio.ee\/lv\/wp-json\/wp\/v2\/types\/product"}],"version-history":[{"count":0,"href":"https:\/\/skinstudio.ee\/lv\/wp-json\/wp\/v2\/product\/59860\/revisions"}],"wp:featuredmedia":[{"embeddable":true,"href":"https:\/\/skinstudio.ee\/lv\/wp-json\/wp\/v2\/media\/62377"}],"wp:attachment":[{"href":"https:\/\/skinstudio.ee\/lv\/wp-json\/wp\/v2\/media?parent=59860"}],"wp:term":[{"taxonomy":"pwb-brand","embeddable":true,"href":"https:\/\/skinstudio.ee\/lv\/wp-json\/wp\/v2\/pwb-brand?post=59860"},{"taxonomy":"product_brand","embeddable":true,"href":"https:\/\/skinstudio.ee\/lv\/wp-json\/wp\/v2\/product_brand?post=59860"},{"taxonomy":"product_cat","embeddable":true,"href":"https:\/\/skinstudio.ee\/lv\/wp-json\/wp\/v2\/product_cat?post=59860"},{"taxonomy":"product_tag","embeddable":true,"href":"https:\/\/skinstudio.ee\/lv\/wp-json\/wp\/v2\/product_tag?post=59860"},{"taxonomy":"giftcard-category","embeddable":true,"href":"https:\/\/skinstudio.ee\/lv\/wp-json\/wp\/v2\/giftcard-category?post=59860"}],"curies":[{"name":"wp","href":"https:\/\/api.w.org\/{rel}","templated":true}]}}