{"id":59870,"date":"2024-05-24T15:49:31","date_gmt":"2024-05-24T15:49:31","guid":{"rendered":"https:\/\/skinstudio.ee\/?post_type=product&#038;p=59870"},"modified":"2025-12-29T09:56:25","modified_gmt":"2025-12-29T09:56:25","slug":"clear-cell-clarifying-salicylic-tonic","status":"publish","type":"product","link":"https:\/\/skinstudio.ee\/lv\/catalog\/image-skincare\/clear-cell-clarifying-salicylic-tonic\/","title":{"rendered":"Clear Cell Clarifying Salicylic Tonic"},"content":{"rendered":"<p data-start=\"266\" data-end=\"695\"><strong data-start=\"266\" data-end=\"307\">Clear Cell Clarifying Salicylic Tonic<\/strong> ir efekt\u012bvs eksfoli\u0113jo\u0161s toniks ar salicilsk\u0101bi un glikolsk\u0101bi, kas pal\u012bdz kontrol\u0113t \u0101das taukain\u012bbu, samazin\u0101t sp\u012bdumu un uztur\u0113t poras t\u012bras un koptas. Tas maigi noloba atmiru\u0161\u0101s \u0161\u016bnas, uzlabo \u0101das tekst\u016bru un pal\u012bdz sasniegt skaidr\u0101ku, sabalans\u0113t\u0101ku \u0101das izskatu. Lieliski piem\u0113rots taukainai, kombin\u0113tai un aknei pak\u013cautai \u0101dai, k\u0101 ar\u012b lielisks l\u012bdzeklis ieaugu\u0161u mati\u0146u profilaksei.<\/p>\n<p data-start=\"697\" data-end=\"985\">Formula ir bag\u0101tin\u0101ta ar vilk\u0101be\u013ca, arnikas, kumel\u012btes un t\u0113jas koka ekstraktiem, kas nodro\u0161ina antiseptisku un pretiekaisuma iedarb\u012bbu. Antioksidantu komplekss pal\u012bdz uztur\u0113t \u0101du mat\u0113tu, svaigu un nomierin\u0101tu visas dienas garum\u0101. V\u0113s\u0101ks efekts tiek pan\u0101kts, ja toniku uzglab\u0101 ledusskap\u012b.<\/p>\n<p data-start=\"987\" data-end=\"1006\"><strong data-start=\"987\" data-end=\"999\">Tilpums:<\/strong> 118 ml<\/p>\n","protected":false},"excerpt":{"rendered":"<p data-start=\"1227\" data-end=\"1249\">Salicilsk\u0101bes toniks<\/p>\n<h2 data-start=\"1251\" data-end=\"1509\"><strong data-start=\"1251\" data-end=\"1318\">\u012apa\u0161\u012bbas IMAGE SKINCARE &#8211; Clear Cell Clarifying Salicylic Tonic<\/strong><\/h2>\n<p data-start=\"1251\" data-end=\"1509\">\u2714\ufe0f Regul\u0113 sebuma izdal\u012b\u0161anos<br data-start=\"1349\" data-end=\"1352\" \/>\u2714\ufe0f Maigi eksfoli\u0113 un att\u012bra poras<br data-start=\"1385\" data-end=\"1388\" \/>\u2714\ufe0f Nodro\u0161ina antiseptisku un pretiekaisuma efektu<br data-start=\"1437\" data-end=\"1440\" \/>\u2714\ufe0f Pal\u012bdz nov\u0113rst ieaugu\u0161us mati\u0146us<br data-start=\"1475\" data-end=\"1478\" \/>\u2714\ufe0f Uztur \u0101du mat\u0113tu un svaigu<\/p>\n","protected":false},"featured_media":62372,"template":"","meta":[],"pwb-brand":[1134],"product_brand":[],"product_cat":[741,743,747,721],"product_tag":[],"giftcard-category":[],"class_list":{"0":"post-59870","1":"product","2":"type-product","3":"status-publish","4":"has-post-thumbnail","6":"pwb-brand-image-skincare","7":"product_cat-izsitumi","8":"product_cat-paplasinatas-poras","9":"product_cat-taukainai-adai","10":"product_cat-toniki-lv","12":"first","13":"instock","14":"taxable","15":"shipping-taxable","16":"purchasable","17":"product-type-simple"},"acf":[],"brands":[{"id":1134,"name":"Image Skincare","slug":"image-skincare"}],"_links":{"self":[{"href":"https:\/\/skinstudio.ee\/lv\/wp-json\/wp\/v2\/product\/59870","targetHints":{"allow":["GET"]}}],"collection":[{"href":"https:\/\/skinstudio.ee\/lv\/wp-json\/wp\/v2\/product"}],"about":[{"href":"https:\/\/skinstudio.ee\/lv\/wp-json\/wp\/v2\/types\/product"}],"version-history":[{"count":0,"href":"https:\/\/skinstudio.ee\/lv\/wp-json\/wp\/v2\/product\/59870\/revisions"}],"wp:featuredmedia":[{"embeddable":true,"href":"https:\/\/skinstudio.ee\/lv\/wp-json\/wp\/v2\/media\/62372"}],"wp:attachment":[{"href":"https:\/\/skinstudio.ee\/lv\/wp-json\/wp\/v2\/media?parent=59870"}],"wp:term":[{"taxonomy":"pwb-brand","embeddable":true,"href":"https:\/\/skinstudio.ee\/lv\/wp-json\/wp\/v2\/pwb-brand?post=59870"},{"taxonomy":"product_brand","embeddable":true,"href":"https:\/\/skinstudio.ee\/lv\/wp-json\/wp\/v2\/product_brand?post=59870"},{"taxonomy":"product_cat","embeddable":true,"href":"https:\/\/skinstudio.ee\/lv\/wp-json\/wp\/v2\/product_cat?post=59870"},{"taxonomy":"product_tag","embeddable":true,"href":"https:\/\/skinstudio.ee\/lv\/wp-json\/wp\/v2\/product_tag?post=59870"},{"taxonomy":"giftcard-category","embeddable":true,"href":"https:\/\/skinstudio.ee\/lv\/wp-json\/wp\/v2\/giftcard-category?post=59870"}],"curies":[{"name":"wp","href":"https:\/\/api.w.org\/{rel}","templated":true}]}}