{"id":59877,"date":"2024-05-25T08:52:21","date_gmt":"2024-05-25T08:52:21","guid":{"rendered":"https:\/\/skinstudio.ee\/?post_type=product&#038;p=59877"},"modified":"2025-12-29T09:56:29","modified_gmt":"2025-12-29T09:56:29","slug":"the-max-facial-cleanser","status":"publish","type":"product","link":"https:\/\/skinstudio.ee\/lv\/catalog\/image-skincare\/the-max-facial-cleanser\/","title":{"rendered":"the MAX\u2122 Facial Cleanser"},"content":{"rendered":"<div class=\"woocommerce-product-details__short-description\">\n<p data-start=\"244\" data-end=\"571\"><strong data-start=\"244\" data-end=\"272\">the MAX\u2122 Facial Cleanser<\/strong> ir maigs, kr\u0113mveida att\u012bro\u0161ais gels, kas saudz\u012bgi att\u012bra \u0101du un pal\u012bdz atjaunot t\u0101s dabisko pH l\u012bdzsvaru. Tas efekt\u012bvi no\u0146em kosm\u0113tiku, net\u012brumus un lieko sebumu, nesausinot un neboj\u0101jot \u0101das aizsargsl\u0101ni. Piem\u0113rots visiem \u0101das tipiem, ar\u012b jut\u012bgai \u0101dai, atst\u0101jot \u0101du maigu, svaigu un pat\u012bkami t\u012bru.<\/p>\n<p data-start=\"573\" data-end=\"893\">Formula ir bag\u0101tin\u0101ta ar augu cilmes \u0161\u016bnu ekstraktiem, kas baro \u0101du, stiprina t\u0101s aizsargsp\u0113jas un pal\u012bdz pasarg\u0101t no apk\u0101rt\u0113j\u0101s vides kait\u012bg\u0101s ietekmes. M\u016bsdien\u012bgi pept\u012bdi uzlabo \u0101das tekst\u016bru, atbalsta elast\u012bbu un pie\u0161\u0137ir vesel\u012bg\u0101ku, kopt\u0101ku izskatu. Piem\u0113rots ikdienas lieto\u0161anai un pietiekami saudz\u012bgs ar\u012b acu zonai.<\/p>\n<p data-start=\"895\" data-end=\"914\"><strong data-start=\"895\" data-end=\"907\">Tilpums:<\/strong> 118 ml<\/p>\n<\/div>\n","protected":false},"excerpt":{"rendered":"<p data-start=\"1026\" data-end=\"1073\">Att\u012bro\u0161s gels ar augu cilmes \u0161\u016bnu ekstraktiem<\/p>\n<h2 data-start=\"1075\" data-end=\"1385\"><strong data-start=\"1075\" data-end=\"1129\">\u012apa\u0161\u012bbas IMAGE SKINCARE &#8211; the MAX\u2122 Facial Cleanser<\/strong><\/h2>\n<p data-start=\"1075\" data-end=\"1385\">\u2714\ufe0f Kr\u0113mveida formula saudz\u012bgi no\u0146em kosm\u0113tiku un net\u012brumus<br data-start=\"1190\" data-end=\"1193\" \/>\u2714\ufe0f Augu cilmes \u0161\u016bnu ekstrakti baro un aizsarg\u0101 \u0101du<br data-start=\"1243\" data-end=\"1246\" \/>\u2714\ufe0f M\u016bsdien\u012bgi pept\u012bdi uzlabo \u0101das elast\u012bbu un vitalit\u0101ti<br data-start=\"1302\" data-end=\"1305\" \/>\u2714\ufe0f Pal\u012bdz atjaunot dabisko pH l\u012bdzsvaru<br data-start=\"1344\" data-end=\"1347\" \/>\u2714\ufe0f Atst\u0101j \u0101du maigu, gludu un svaigu<\/p>\n","protected":false},"featured_media":62367,"template":"","meta":[],"pwb-brand":[1134],"product_brand":[],"product_cat":[715],"product_tag":[],"giftcard-category":[],"class_list":{"0":"post-59877","1":"product","2":"type-product","3":"status-publish","4":"has-post-thumbnail","6":"pwb-brand-image-skincare","7":"product_cat-attirisana","9":"first","10":"instock","11":"taxable","12":"shipping-taxable","13":"purchasable","14":"product-type-simple"},"acf":[],"brands":[{"id":1134,"name":"Image Skincare","slug":"image-skincare"}],"_links":{"self":[{"href":"https:\/\/skinstudio.ee\/lv\/wp-json\/wp\/v2\/product\/59877","targetHints":{"allow":["GET"]}}],"collection":[{"href":"https:\/\/skinstudio.ee\/lv\/wp-json\/wp\/v2\/product"}],"about":[{"href":"https:\/\/skinstudio.ee\/lv\/wp-json\/wp\/v2\/types\/product"}],"version-history":[{"count":0,"href":"https:\/\/skinstudio.ee\/lv\/wp-json\/wp\/v2\/product\/59877\/revisions"}],"wp:featuredmedia":[{"embeddable":true,"href":"https:\/\/skinstudio.ee\/lv\/wp-json\/wp\/v2\/media\/62367"}],"wp:attachment":[{"href":"https:\/\/skinstudio.ee\/lv\/wp-json\/wp\/v2\/media?parent=59877"}],"wp:term":[{"taxonomy":"pwb-brand","embeddable":true,"href":"https:\/\/skinstudio.ee\/lv\/wp-json\/wp\/v2\/pwb-brand?post=59877"},{"taxonomy":"product_brand","embeddable":true,"href":"https:\/\/skinstudio.ee\/lv\/wp-json\/wp\/v2\/product_brand?post=59877"},{"taxonomy":"product_cat","embeddable":true,"href":"https:\/\/skinstudio.ee\/lv\/wp-json\/wp\/v2\/product_cat?post=59877"},{"taxonomy":"product_tag","embeddable":true,"href":"https:\/\/skinstudio.ee\/lv\/wp-json\/wp\/v2\/product_tag?post=59877"},{"taxonomy":"giftcard-category","embeddable":true,"href":"https:\/\/skinstudio.ee\/lv\/wp-json\/wp\/v2\/giftcard-category?post=59877"}],"curies":[{"name":"wp","href":"https:\/\/api.w.org\/{rel}","templated":true}]}}