{"id":59886,"date":"2024-05-25T10:17:22","date_gmt":"2024-05-25T10:17:22","guid":{"rendered":"https:\/\/skinstudio.ee\/?post_type=product&#038;p=59886"},"modified":"2025-12-29T09:56:29","modified_gmt":"2025-12-29T09:56:29","slug":"md-restoring-facial-cleanser","status":"publish","type":"product","link":"https:\/\/skinstudio.ee\/lv\/catalog\/image-skincare\/md-restoring-facial-cleanser\/","title":{"rendered":"MD Restoring Facial Cleanser"},"content":{"rendered":"<p data-start=\"331\" data-end=\"678\"><strong data-start=\"331\" data-end=\"363\">MD Restoring Facial Cleanser<\/strong> ir ikdienas att\u012bro\u0161ais gels ar glikolsk\u0101bi, piensk\u0101bi un salicilsk\u0101bi, kas maigi eksfoli\u0113 \u0101du, izgaismo toni un pal\u012bdz uztur\u0113t pietiekamu mitruma l\u012bmeni. Tas veicina \u0101das \u0161\u016bnu atjauno\u0161anos, padarot \u0101du glud\u0101ku, svaig\u0101ku un jaunekl\u012bg\u0101ku. Gels att\u012bra \u0101du no net\u012brumiem un pie\u0161\u0137ir tai skaidr\u0101ku, vienm\u0113r\u012bg\u0101ku izskatu.<\/p>\n<p data-start=\"680\" data-end=\"1022\">\u201c3 vien\u0101\u201d formula nodro\u0161ina efekt\u012bvu att\u012br\u012b\u0161anu, kontrol\u0113tu sk\u0101bju eksfoli\u0101ciju un pH l\u012bdzsvara optimiz\u0113\u0161anu &#8211; t\u0101d\u0113\u013c nav nepiecie\u0161ams papildu toniks. Gels lieliski sagatavo \u0101du turpm\u0101kajiem IMAGE Skincare l\u012bdzek\u013ciem, uzlabojot to iedarb\u012bbu un ies\u016bk\u0161anos. Ide\u0101li piem\u0113rots visiem, kas v\u0113las profesion\u0101las eksfoli\u0101cijas efektu ikdienas kop\u0161an\u0101.<\/p>\n<p data-start=\"1024\" data-end=\"1043\"><strong data-start=\"1024\" data-end=\"1036\">Tilpums:<\/strong> 118 ml<\/p>\n","protected":false},"excerpt":{"rendered":"<p data-start=\"1265\" data-end=\"1306\">Ikdienas eksfoli\u0113jo\u0161ais att\u012bro\u0161ais gels<\/p>\n<h2 data-start=\"1308\" data-end=\"1598\"><strong data-start=\"1308\" data-end=\"1366\">\u012apa\u0161\u012bbas IMAGE SKINCARE &#8211; MD Restoring Facial Cleanser<\/strong><\/h2>\n<p data-start=\"1308\" data-end=\"1598\">\u2714\ufe0f Maigi atjauno un atsvaidzina noguru\u0161u \u0101du<br data-start=\"1413\" data-end=\"1416\" \/>\u2714\ufe0f AHA + BHA komplekss nodro\u0161ina efekt\u012bvu eksfoli\u0101ciju<br data-start=\"1470\" data-end=\"1473\" \/>\u2714\ufe0f Uzlabo \u0101das tekst\u016bru un toni<br data-start=\"1504\" data-end=\"1507\" \/>\u2714\ufe0f Veicina turpm\u0101ko produktu lab\u0101ku ies\u016bk\u0161anos<br data-start=\"1553\" data-end=\"1556\" \/>\u2714\ufe0f Atst\u0101j \u0101du t\u012bru, gludu un komfortablu<\/p>\n","protected":false},"featured_media":62362,"template":"","meta":[],"pwb-brand":[1134],"product_brand":[],"product_cat":[715],"product_tag":[],"giftcard-category":[],"class_list":{"0":"post-59886","1":"product","2":"type-product","3":"status-publish","4":"has-post-thumbnail","6":"pwb-brand-image-skincare","7":"product_cat-attirisana","9":"first","10":"instock","11":"sale","12":"taxable","13":"shipping-taxable","14":"purchasable","15":"product-type-simple"},"acf":[],"brands":[{"id":1134,"name":"Image Skincare","slug":"image-skincare"}],"_links":{"self":[{"href":"https:\/\/skinstudio.ee\/lv\/wp-json\/wp\/v2\/product\/59886","targetHints":{"allow":["GET"]}}],"collection":[{"href":"https:\/\/skinstudio.ee\/lv\/wp-json\/wp\/v2\/product"}],"about":[{"href":"https:\/\/skinstudio.ee\/lv\/wp-json\/wp\/v2\/types\/product"}],"version-history":[{"count":0,"href":"https:\/\/skinstudio.ee\/lv\/wp-json\/wp\/v2\/product\/59886\/revisions"}],"wp:featuredmedia":[{"embeddable":true,"href":"https:\/\/skinstudio.ee\/lv\/wp-json\/wp\/v2\/media\/62362"}],"wp:attachment":[{"href":"https:\/\/skinstudio.ee\/lv\/wp-json\/wp\/v2\/media?parent=59886"}],"wp:term":[{"taxonomy":"pwb-brand","embeddable":true,"href":"https:\/\/skinstudio.ee\/lv\/wp-json\/wp\/v2\/pwb-brand?post=59886"},{"taxonomy":"product_brand","embeddable":true,"href":"https:\/\/skinstudio.ee\/lv\/wp-json\/wp\/v2\/product_brand?post=59886"},{"taxonomy":"product_cat","embeddable":true,"href":"https:\/\/skinstudio.ee\/lv\/wp-json\/wp\/v2\/product_cat?post=59886"},{"taxonomy":"product_tag","embeddable":true,"href":"https:\/\/skinstudio.ee\/lv\/wp-json\/wp\/v2\/product_tag?post=59886"},{"taxonomy":"giftcard-category","embeddable":true,"href":"https:\/\/skinstudio.ee\/lv\/wp-json\/wp\/v2\/giftcard-category?post=59886"}],"curies":[{"name":"wp","href":"https:\/\/api.w.org\/{rel}","templated":true}]}}