{"id":59895,"date":"2024-05-25T11:17:43","date_gmt":"2024-05-25T11:17:43","guid":{"rendered":"https:\/\/skinstudio.ee\/?post_type=product&#038;p=59895"},"modified":"2025-12-29T09:56:25","modified_gmt":"2025-12-29T09:56:25","slug":"ageless-total-facial-cleanser","status":"publish","type":"product","link":"https:\/\/skinstudio.ee\/lv\/catalog\/image-skincare\/ageless-total-facial-cleanser\/","title":{"rendered":"AGELESS Total Facial Cleanser"},"content":{"rendered":"<div class=\"woocommerce-product-details__short-description\">\n<p data-start=\"312\" data-end=\"633\"><strong data-start=\"312\" data-end=\"345\">AGELESS Total Facial Cleanser<\/strong> ir maigs, kr\u0113mveida att\u012bro\u0161ais gels, kas nekav\u0113joties padara \u0101du glud\u0101ku, stingr\u0101ku un mirdzo\u0161\u0101ku. \u201c3 vien\u0101\u201d formula efekt\u012bvi no\u0146em grimu un net\u012brumus, viegli eksfoli\u0113, izl\u012bdzina \u0101du un balans\u0113 t\u0101s pH &#8211; t\u0101p\u0113c toniks vairs nav nepiecie\u0161ams. \u0100da k\u013c\u016bst svaiga, t\u012bra un redzami vienm\u0113r\u012bg\u0101ka.<\/p>\n<p data-start=\"635\" data-end=\"887\">Pateicoties atjaunojo\u0161ajai iedarb\u012bbai un \u0113rtajai tekst\u016brai, <strong data-start=\"695\" data-end=\"728\">AGELESS Total Facial Cleanser<\/strong> sagatavo \u0101du n\u0101kamajiem kop\u0161anas so\u013ciem, uzlabojot akt\u012bvo vielu uzs\u016bk\u0161anos. Regul\u0101ri lietojot, \u0101da k\u013c\u016bst gai\u0161\u0101ka, glud\u0101ka un ar vienm\u0113r\u012bg\u0101ku toni un tekst\u016bru.<\/p>\n<p data-start=\"889\" data-end=\"908\"><strong data-start=\"889\" data-end=\"908\">Tilpums: 177 ml<\/strong><\/p>\n<\/div>\n","protected":false},"excerpt":{"rendered":"<p data-start=\"1183\" data-end=\"1210\">Kr\u0113mveida eksfoli\u0113jo\u0161s gels<\/p>\n<h2 data-start=\"1212\" data-end=\"1511\"><strong data-start=\"1212\" data-end=\"1271\">\u012apa\u0161\u012bbas IMAGE SKINCARE &#8211; AGELESS Total Facial Cleanser<\/strong><\/h2>\n<p data-start=\"1212\" data-end=\"1511\">\u2714\ufe0f Maigi eksfoli\u0113 un att\u012bra, padarot \u0101du glud\u0101ku<br data-start=\"1322\" data-end=\"1325\" \/>\u2714\ufe0f Glikolsk\u0101be pal\u012bdz izgaismot un izl\u012bdzin\u0101t toni<br data-start=\"1375\" data-end=\"1378\" \/>\u2714\ufe0f Atdzes\u0113jo\u0161a un atsvaidzino\u0161a iedarb\u012bba<br data-start=\"1419\" data-end=\"1422\" \/>\u2714\ufe0f Uzlabo turpm\u0101ko produktu uzs\u016bk\u0161anos<br data-start=\"1460\" data-end=\"1463\" \/>\u2714\ufe0f Veicina \u0101das mirdzumu, maigumu un skaidr\u012bbu<\/p>\n","protected":false},"featured_media":62352,"template":"","meta":[],"pwb-brand":[1134],"product_brand":[],"product_cat":[715],"product_tag":[],"giftcard-category":[],"class_list":{"0":"post-59895","1":"product","2":"type-product","3":"status-publish","4":"has-post-thumbnail","6":"pwb-brand-image-skincare","7":"product_cat-attirisana","9":"first","10":"instock","11":"taxable","12":"shipping-taxable","13":"purchasable","14":"product-type-simple"},"acf":[],"brands":[{"id":1134,"name":"Image Skincare","slug":"image-skincare"}],"_links":{"self":[{"href":"https:\/\/skinstudio.ee\/lv\/wp-json\/wp\/v2\/product\/59895","targetHints":{"allow":["GET"]}}],"collection":[{"href":"https:\/\/skinstudio.ee\/lv\/wp-json\/wp\/v2\/product"}],"about":[{"href":"https:\/\/skinstudio.ee\/lv\/wp-json\/wp\/v2\/types\/product"}],"version-history":[{"count":0,"href":"https:\/\/skinstudio.ee\/lv\/wp-json\/wp\/v2\/product\/59895\/revisions"}],"wp:featuredmedia":[{"embeddable":true,"href":"https:\/\/skinstudio.ee\/lv\/wp-json\/wp\/v2\/media\/62352"}],"wp:attachment":[{"href":"https:\/\/skinstudio.ee\/lv\/wp-json\/wp\/v2\/media?parent=59895"}],"wp:term":[{"taxonomy":"pwb-brand","embeddable":true,"href":"https:\/\/skinstudio.ee\/lv\/wp-json\/wp\/v2\/pwb-brand?post=59895"},{"taxonomy":"product_brand","embeddable":true,"href":"https:\/\/skinstudio.ee\/lv\/wp-json\/wp\/v2\/product_brand?post=59895"},{"taxonomy":"product_cat","embeddable":true,"href":"https:\/\/skinstudio.ee\/lv\/wp-json\/wp\/v2\/product_cat?post=59895"},{"taxonomy":"product_tag","embeddable":true,"href":"https:\/\/skinstudio.ee\/lv\/wp-json\/wp\/v2\/product_tag?post=59895"},{"taxonomy":"giftcard-category","embeddable":true,"href":"https:\/\/skinstudio.ee\/lv\/wp-json\/wp\/v2\/giftcard-category?post=59895"}],"curies":[{"name":"wp","href":"https:\/\/api.w.org\/{rel}","templated":true}]}}