{"id":59908,"date":"2024-05-25T10:31:25","date_gmt":"2024-05-25T10:31:25","guid":{"rendered":"https:\/\/skinstudio.ee\/?post_type=product&#038;p=59908"},"modified":"2025-12-29T09:56:25","modified_gmt":"2025-12-29T09:56:25","slug":"clear-cell-salicylic-gel-cleanser","status":"publish","type":"product","link":"https:\/\/skinstudio.ee\/lv\/catalog\/image-skincare\/clear-cell-salicylic-gel-cleanser\/","title":{"rendered":"Clear Cell Salicylic Gel Cleanser"},"content":{"rendered":"<div class=\"woocommerce-product-details__short-description\">\n<p data-start=\"293\" data-end=\"679\"><strong data-start=\"293\" data-end=\"330\">Clear Cell Salicylic Gel Cleanser<\/strong> ir viegli putojo\u0161s, maigi eksfoli\u0113jo\u0161s att\u012bro\u0161ais l\u012bdzeklis, kas rad\u012bts taukainai, problem\u0101tiskai un aknei pak\u013cautai \u0101dai. Salicilsk\u0101be pal\u012bdz att\u012br\u012bt aizsprostot\u0101s poras, kontrol\u0113t lieko sebumu un samazin\u0101t jaunu izsitumu veido\u0161anos. Lieliski piem\u0113rots pusaud\u017eiem, pieaugu\u0161ajiem ar taukainu \u0101du un v\u012brie\u0161iem, lai mazin\u0101tu kairin\u0101jumu p\u0113c sk\u016b\u0161an\u0101s.<\/p>\n<p data-start=\"681\" data-end=\"1032\">Pateicoties antibakteri\u0101liem un nomierino\u0161iem komponentiem, <strong data-start=\"741\" data-end=\"778\">Clear Cell Salicylic Gel Cleanser<\/strong> mazina aps\u0101rtumu, nomierina \u0101du un uztur t\u0101s skaidr\u012bbu bez p\u0101rm\u0113r\u012bgas sausuma. T\u0113jas koka e\u013c\u013ca, eikalipts, medus un kan\u0113lis nodro\u0161ina pretiekaisuma, mitrino\u0161u un antioksidat\u012bvu iedarb\u012bbu, pal\u012bdzot \u0101dai saglab\u0101t l\u012bdzsvaru un komfortu visas dienas garum\u0101.<\/p>\n<p data-start=\"1034\" data-end=\"1306\"><strong data-start=\"1034\" data-end=\"1058\">Akt\u012bv\u0101s sast\u0101vda\u013cas:<\/strong><br data-start=\"1058\" data-end=\"1061\" \/>Salicilsk\u0101be \u2013 att\u012bra poras un kontrol\u0113 taukain\u012bbu.<br data-start=\"1112\" data-end=\"1115\" \/>T\u0113jas koka e\u013c\u013ca \u2013 mazina iekaisumu un aps\u0101rtumu.<br data-start=\"1163\" data-end=\"1166\" \/>Eikalipts \u2013 nomierina un atsvaidzina.<br data-start=\"1203\" data-end=\"1206\" \/>Medus \u2013 mitrino\u0161s un antibakteri\u0101ls efekts.<br data-start=\"1249\" data-end=\"1252\" \/>Kan\u0113lis \u2013 antioksidants, kas stimul\u0113 mikrocirkul\u0101ciju.<\/p>\n<p data-start=\"1308\" data-end=\"1327\"><strong data-start=\"1308\" data-end=\"1327\">Tilpums: 177 ml<\/strong><\/p>\n<\/div>\n","protected":false},"excerpt":{"rendered":"<p data-start=\"1528\" data-end=\"1561\">Att\u012bro\u0161s gels problem\u0101tiskai \u0101dai<\/p>\n<h2 data-start=\"1563\" data-end=\"1842\"><strong data-start=\"1563\" data-end=\"1626\">\u012apa\u0161\u012bbas IMAGE SKINCARE &#8211; Clear Cell Salicylic Gel Cleanser<\/strong><\/h2>\n<p data-start=\"1563\" data-end=\"1842\">\u2714\ufe0f Kontrol\u0113 lieko sebumu un sp\u012bdumu<br data-start=\"1664\" data-end=\"1667\" \/>\u2714\ufe0f Att\u012bra poras un pal\u012bdz nov\u0113rst izsitumus<br data-start=\"1710\" data-end=\"1713\" \/>\u2714\ufe0f Maiga eksfoli\u0101cija bez sausuma<br data-start=\"1746\" data-end=\"1749\" \/>\u2714\ufe0f Atsvaidzina, nomierina un veldz\u0113<br data-start=\"1784\" data-end=\"1787\" \/>\u2714\ufe0f Atbalsta taukainas, aknei pak\u013cautas \u0101das skaidr\u012bbu<\/p>\n","protected":false},"featured_media":62357,"template":"","meta":[],"pwb-brand":[1134],"product_brand":[],"product_cat":[715,741,747],"product_tag":[],"giftcard-category":[],"class_list":{"0":"post-59908","1":"product","2":"type-product","3":"status-publish","4":"has-post-thumbnail","6":"pwb-brand-image-skincare","7":"product_cat-attirisana","8":"product_cat-izsitumi","9":"product_cat-taukainai-adai","11":"first","12":"instock","13":"taxable","14":"shipping-taxable","15":"purchasable","16":"product-type-simple"},"acf":[],"brands":[{"id":1134,"name":"Image Skincare","slug":"image-skincare"}],"_links":{"self":[{"href":"https:\/\/skinstudio.ee\/lv\/wp-json\/wp\/v2\/product\/59908","targetHints":{"allow":["GET"]}}],"collection":[{"href":"https:\/\/skinstudio.ee\/lv\/wp-json\/wp\/v2\/product"}],"about":[{"href":"https:\/\/skinstudio.ee\/lv\/wp-json\/wp\/v2\/types\/product"}],"version-history":[{"count":0,"href":"https:\/\/skinstudio.ee\/lv\/wp-json\/wp\/v2\/product\/59908\/revisions"}],"wp:featuredmedia":[{"embeddable":true,"href":"https:\/\/skinstudio.ee\/lv\/wp-json\/wp\/v2\/media\/62357"}],"wp:attachment":[{"href":"https:\/\/skinstudio.ee\/lv\/wp-json\/wp\/v2\/media?parent=59908"}],"wp:term":[{"taxonomy":"pwb-brand","embeddable":true,"href":"https:\/\/skinstudio.ee\/lv\/wp-json\/wp\/v2\/pwb-brand?post=59908"},{"taxonomy":"product_brand","embeddable":true,"href":"https:\/\/skinstudio.ee\/lv\/wp-json\/wp\/v2\/product_brand?post=59908"},{"taxonomy":"product_cat","embeddable":true,"href":"https:\/\/skinstudio.ee\/lv\/wp-json\/wp\/v2\/product_cat?post=59908"},{"taxonomy":"product_tag","embeddable":true,"href":"https:\/\/skinstudio.ee\/lv\/wp-json\/wp\/v2\/product_tag?post=59908"},{"taxonomy":"giftcard-category","embeddable":true,"href":"https:\/\/skinstudio.ee\/lv\/wp-json\/wp\/v2\/giftcard-category?post=59908"}],"curies":[{"name":"wp","href":"https:\/\/api.w.org\/{rel}","templated":true}]}}