{"id":59917,"date":"2024-05-25T11:28:02","date_gmt":"2024-05-25T11:28:02","guid":{"rendered":"https:\/\/skinstudio.ee\/?post_type=product&#038;p=59917"},"modified":"2025-12-29T09:56:25","modified_gmt":"2025-12-29T09:56:25","slug":"clear-cell-salicylic-clarifying-pads","status":"publish","type":"product","link":"https:\/\/skinstudio.ee\/lv\/catalog\/image-skincare\/clear-cell-salicylic-clarifying-pads\/","title":{"rendered":"Clear Cell Salicylic Clarifying Pads"},"content":{"rendered":"<div class=\"woocommerce-product-details__short-description\">\n<p data-start=\"376\" data-end=\"733\"><strong data-start=\"376\" data-end=\"416\">Clear Cell Salicylic Clarifying Pads<\/strong> ir \u0101trs un efekt\u012bvs risin\u0101jums akt\u012bvam dz\u012bves ritmam. Pl\u0101ks\u012btes, kas pies\u016bcin\u0101tas ar salicilsk\u0101bi un glikolsk\u0101bi, dzi\u013ci att\u012bra poras, samazina lieko sebumu, atsvaidzina \u0101du un nodro\u0161ina antibakteri\u0101lu iedarb\u012bbu. T\u0101s nekav\u0113joties no\u0146em net\u012brumus, sviedrus un taukus, pal\u012bdzot nov\u0113rst izsitumus un poru nosprostojumus.<\/p>\n<p data-start=\"735\" data-end=\"984\">Pateicoties antioksidantiem un nomierino\u0161iem bot\u0101niskiem ekstraktiem, <strong data-start=\"805\" data-end=\"845\">Clear Cell Salicylic Clarifying Pads<\/strong> mazina aps\u0101rtumu, atvieglo kairin\u0101jumu un uztur \u0101das l\u012bdzsvaru. Ide\u0101li pusaud\u017eiem, p\u0113c treni\u0146a, ce\u013cojumos vai ieaugu\u0161u mati\u0146u profilaksei.<\/p>\n<p data-start=\"986\" data-end=\"1229\"><strong data-start=\"986\" data-end=\"1010\">Akt\u012bv\u0101s sast\u0101vda\u013cas:<\/strong><br data-start=\"1010\" data-end=\"1013\" \/>Salicilsk\u0101be \u2013 att\u012bra poras un kontrol\u0113 taukain\u012bbu.<br data-start=\"1064\" data-end=\"1067\" \/>Glikolsk\u0101be \u2013 maigi eksfoli\u0113 un izl\u012bdzina tekst\u016bru.<br data-start=\"1118\" data-end=\"1121\" \/>Ceri\u0146u ekstrakts \u2013 samazina sp\u012bdumu un nomierina \u0101du.<br data-start=\"1174\" data-end=\"1177\" \/>Augu antioksidanti \u2013 aizsarg\u0101 un mazina kairin\u0101jumu.<\/p>\n<p data-start=\"1231\" data-end=\"1251\"><strong data-start=\"1231\" data-end=\"1251\">Tilpums: 60 gab.<\/strong><\/p>\n<\/div>\n<div class=\"ct-product-add-to-cart\"><\/div>\n","protected":false},"excerpt":{"rendered":"<p data-start=\"1485\" data-end=\"1518\">Att\u012bro\u0161as salicilsk\u0101bes pl\u0101ks\u012btes<\/p>\n<h2 data-start=\"1520\" data-end=\"1791\"><strong data-start=\"1520\" data-end=\"1586\">\u012apa\u0161\u012bbas IMAGE SKINCARE &#8211; Clear Cell Salicylic Clarifying Pads<\/strong><\/h2>\n<p data-start=\"1520\" data-end=\"1791\">\u2714\ufe0f Samazina lieko sebumu un sp\u012bdumu<br data-start=\"1624\" data-end=\"1627\" \/>\u2714\ufe0f Dzi\u013ci att\u012bra poras un atsvaidzina<br data-start=\"1663\" data-end=\"1666\" \/>\u2714\ufe0f Mazina aps\u0101rtumu un kairin\u0101jumu<br data-start=\"1700\" data-end=\"1703\" \/>\u2714\ufe0f Ide\u0101li lieto\u0161anai ce\u013c\u0101 un p\u0113c treni\u0146a<br data-start=\"1743\" data-end=\"1746\" \/>\u2714\ufe0f Uzlabo \u0101das tekst\u016bru un nov\u0113r\u0161 izsitumus<\/p>\n","protected":false},"featured_media":62347,"template":"","meta":[],"pwb-brand":[1134],"product_brand":[],"product_cat":[715,741,743,747,721],"product_tag":[],"giftcard-category":[],"class_list":{"0":"post-59917","1":"product","2":"type-product","3":"status-publish","4":"has-post-thumbnail","6":"pwb-brand-image-skincare","7":"product_cat-attirisana","8":"product_cat-izsitumi","9":"product_cat-paplasinatas-poras","10":"product_cat-taukaina-ada","11":"product_cat-toniki","13":"first","14":"instock","15":"sale","16":"taxable","17":"shipping-taxable","18":"purchasable","19":"product-type-simple"},"acf":[],"brands":[{"id":1134,"name":"Image Skincare","slug":"image-skincare"}],"_links":{"self":[{"href":"https:\/\/skinstudio.ee\/lv\/wp-json\/wp\/v2\/product\/59917","targetHints":{"allow":["GET"]}}],"collection":[{"href":"https:\/\/skinstudio.ee\/lv\/wp-json\/wp\/v2\/product"}],"about":[{"href":"https:\/\/skinstudio.ee\/lv\/wp-json\/wp\/v2\/types\/product"}],"version-history":[{"count":0,"href":"https:\/\/skinstudio.ee\/lv\/wp-json\/wp\/v2\/product\/59917\/revisions"}],"wp:featuredmedia":[{"embeddable":true,"href":"https:\/\/skinstudio.ee\/lv\/wp-json\/wp\/v2\/media\/62347"}],"wp:attachment":[{"href":"https:\/\/skinstudio.ee\/lv\/wp-json\/wp\/v2\/media?parent=59917"}],"wp:term":[{"taxonomy":"pwb-brand","embeddable":true,"href":"https:\/\/skinstudio.ee\/lv\/wp-json\/wp\/v2\/pwb-brand?post=59917"},{"taxonomy":"product_brand","embeddable":true,"href":"https:\/\/skinstudio.ee\/lv\/wp-json\/wp\/v2\/product_brand?post=59917"},{"taxonomy":"product_cat","embeddable":true,"href":"https:\/\/skinstudio.ee\/lv\/wp-json\/wp\/v2\/product_cat?post=59917"},{"taxonomy":"product_tag","embeddable":true,"href":"https:\/\/skinstudio.ee\/lv\/wp-json\/wp\/v2\/product_tag?post=59917"},{"taxonomy":"giftcard-category","embeddable":true,"href":"https:\/\/skinstudio.ee\/lv\/wp-json\/wp\/v2\/giftcard-category?post=59917"}],"curies":[{"name":"wp","href":"https:\/\/api.w.org\/{rel}","templated":true}]}}