{"id":59927,"date":"2024-05-25T11:45:28","date_gmt":"2024-05-25T11:45:28","guid":{"rendered":"https:\/\/skinstudio.ee\/?post_type=product&#038;p=59927"},"modified":"2025-12-29T09:56:25","modified_gmt":"2025-12-29T09:56:25","slug":"ageless-total-microderm-exfoliator","status":"publish","type":"product","link":"https:\/\/skinstudio.ee\/lv\/catalog\/image-skincare\/ageless-total-microderm-exfoliator\/","title":{"rendered":"Ageless Total Microderm Exfoliator"},"content":{"rendered":"<p data-start=\"404\" data-end=\"659\"><strong data-start=\"404\" data-end=\"442\">Ageless Total Microderm Exfoliator<\/strong> apvieno tr\u012bs da\u017e\u0101das eksfoli\u0101cijas tehnikas, lai atjaunotu \u0101du, izl\u012bdzin\u0101tu t\u0101s tekst\u016bru un atgrieztu svaigu, mirdzo\u0161u izskatu. \u0160is 3-vien\u0101 produkts atdz\u012bvina noguru\u0161u, bl\u0101vu \u0101du un uzlabo serumu un kr\u0113mu uzs\u016bk\u0161anos.<\/p>\n<p data-start=\"661\" data-end=\"887\">Eksfoliants apvieno enz\u012bmu, meh\u0101nisko un sk\u0101bju eksfoli\u0101ciju, nodro\u0161inot profesion\u0101lu rezult\u0101tu m\u0101jas apst\u0101k\u013cos. Ide\u0101li piem\u0113rots lieto\u0161anai starp IMAGE proced\u016br\u0101m, lai saglab\u0101tu maksim\u0101lu \u0101das mirdzumu un vienm\u0113r\u012bgu tekst\u016bru.<\/p>\n<p data-start=\"889\" data-end=\"1167\"><strong data-start=\"889\" data-end=\"913\">Akt\u012bv\u0101s sast\u0101vda\u013cas:<\/strong><br data-start=\"913\" data-end=\"916\" \/>Karambo\u013cas, kivi un ananasa enz\u012bmi \u2013 maigi no\u0101rda atmiru\u0161\u0101s \u0161\u016bnas.<br data-start=\"982\" data-end=\"985\" \/>Bambusa pulveris un roz\u0101 kvarca krist\u0101li \u2013 meh\u0101niski pul\u0113 \u0101du.<br data-start=\"1047\" data-end=\"1050\" \/>AHA un PHA sk\u0101bes \u2013 veicina atjauno\u0161anos un stiprina \u0101du.<br data-start=\"1107\" data-end=\"1110\" \/>Piparm\u0113tru e\u013c\u013ca \u2013 antioksidanti nomierina un atsvaidzina.<\/p>\n<p data-start=\"1169\" data-end=\"1186\"><strong data-start=\"1169\" data-end=\"1186\">Tilpums: 42 g<\/strong><\/p>\n","protected":false},"excerpt":{"rendered":"<p data-start=\"1384\" data-end=\"1407\">Atjaunojo\u0161s eksfoliants<\/p>\n<h2 data-start=\"1409\" data-end=\"1675\"><strong data-start=\"1409\" data-end=\"1473\">\u012apa\u0161\u012bbas IMAGE SKINCARE &#8211; Ageless Total Microderm Exfoliator<\/strong><\/h2>\n<p data-start=\"1409\" data-end=\"1675\">\u2714\ufe0f Dzi\u013ci atjauno un izl\u012bdzina \u0101du<br data-start=\"1509\" data-end=\"1512\" \/>\u2714\ufe0f Tr\u012bsk\u0101r\u0161a 3-vien\u0101 eksfoli\u0101cijas formula<br data-start=\"1554\" data-end=\"1557\" \/>\u2714\ufe0f Pie\u0161\u0137ir svaigu un mirdzo\u0161u izskatu<br data-start=\"1594\" data-end=\"1597\" \/>\u2714\ufe0f Uzlabo serumu un kr\u0113mu uzs\u016bk\u0161anos<br data-start=\"1633\" data-end=\"1636\" \/>\u2714\ufe0f Padara \u0101du glud\u0101ku un vienm\u0113r\u012bg\u0101ku<\/p>\n","protected":false},"featured_media":62342,"template":"","meta":[],"pwb-brand":[1134],"product_brand":[],"product_cat":[719],"product_tag":[],"giftcard-category":[],"class_list":{"0":"post-59927","1":"product","2":"type-product","3":"status-publish","4":"has-post-thumbnail","6":"pwb-brand-image-skincare","7":"product_cat-skrubji-un-pilingi","9":"first","10":"instock","11":"taxable","12":"shipping-taxable","13":"purchasable","14":"product-type-simple"},"acf":[],"brands":[{"id":1134,"name":"Image Skincare","slug":"image-skincare"}],"_links":{"self":[{"href":"https:\/\/skinstudio.ee\/lv\/wp-json\/wp\/v2\/product\/59927","targetHints":{"allow":["GET"]}}],"collection":[{"href":"https:\/\/skinstudio.ee\/lv\/wp-json\/wp\/v2\/product"}],"about":[{"href":"https:\/\/skinstudio.ee\/lv\/wp-json\/wp\/v2\/types\/product"}],"version-history":[{"count":0,"href":"https:\/\/skinstudio.ee\/lv\/wp-json\/wp\/v2\/product\/59927\/revisions"}],"wp:featuredmedia":[{"embeddable":true,"href":"https:\/\/skinstudio.ee\/lv\/wp-json\/wp\/v2\/media\/62342"}],"wp:attachment":[{"href":"https:\/\/skinstudio.ee\/lv\/wp-json\/wp\/v2\/media?parent=59927"}],"wp:term":[{"taxonomy":"pwb-brand","embeddable":true,"href":"https:\/\/skinstudio.ee\/lv\/wp-json\/wp\/v2\/pwb-brand?post=59927"},{"taxonomy":"product_brand","embeddable":true,"href":"https:\/\/skinstudio.ee\/lv\/wp-json\/wp\/v2\/product_brand?post=59927"},{"taxonomy":"product_cat","embeddable":true,"href":"https:\/\/skinstudio.ee\/lv\/wp-json\/wp\/v2\/product_cat?post=59927"},{"taxonomy":"product_tag","embeddable":true,"href":"https:\/\/skinstudio.ee\/lv\/wp-json\/wp\/v2\/product_tag?post=59927"},{"taxonomy":"giftcard-category","embeddable":true,"href":"https:\/\/skinstudio.ee\/lv\/wp-json\/wp\/v2\/giftcard-category?post=59927"}],"curies":[{"name":"wp","href":"https:\/\/api.w.org\/{rel}","templated":true}]}}