{"id":59939,"date":"2024-05-27T07:40:59","date_gmt":"2024-05-27T07:40:59","guid":{"rendered":"https:\/\/skinstudio.ee\/?post_type=product&#038;p=59939"},"modified":"2025-12-29T09:56:29","modified_gmt":"2025-12-29T09:56:29","slug":"ormedic-balancing-gel-polisher","status":"publish","type":"product","link":"https:\/\/skinstudio.ee\/lv\/catalog\/image-skincare\/ormedic-balancing-gel-polisher\/","title":{"rendered":"Ormedic Balancing Gel Polisher"},"content":{"rendered":"<p data-start=\"367\" data-end=\"611\"><strong data-start=\"367\" data-end=\"401\">Ormedic Balancing Gel Polisher<\/strong> ir maigs ikdienas eksfoliants, kas izl\u012bdzina \u0101das virsmu, no\u0146em atmiru\u0161\u0101s \u0161\u016bnas un atgrie\u017e vesel\u012bgu mirdzumu. Produkts pal\u012bdz samazin\u0101t hiperkeratozi, atst\u0101jot \u0101du t\u012br\u0101ku, maig\u0101ku un gai\u0161\u0101ku &#8211; bez kairin\u0101juma.<\/p>\n<p data-start=\"613\" data-end=\"922\">Formula apvieno tr\u012bs eksfoli\u0101cijas veidus: enz\u012bmu, meh\u0101nisko un AHA. Gran\u0101t\u0101bola enz\u012bmi maigi \u0161\u0137\u012bdina atmiru\u0161\u0101s \u0161\u016bnas, ol\u012bvkoka kauli\u0146u pulveris un bambusa sf\u0113ras saudz\u012bgi nopul\u0113 \u0101du, uzlabojot t\u0101s tekst\u016bru. Lieliski piem\u0113rots lieto\u0161anai atsevi\u0161\u0137i vai kombin\u0101cij\u0101 ar citiem IMAGE produktiem papildu mirdzumam.<\/p>\n<p data-start=\"924\" data-end=\"1174\"><strong data-start=\"924\" data-end=\"948\">Akt\u012bv\u0101s sast\u0101vda\u013cas:<\/strong><br data-start=\"948\" data-end=\"951\" \/>Gran\u0101t\u0101bola enz\u012bmi \u2013 \u0161\u0137\u012bdina atmiru\u0161\u0101s \u0101das \u0161\u016bnas.<br data-start=\"1001\" data-end=\"1004\" \/>Ol\u012bvkoka kauli\u0146u pulveris \u2013 nodro\u0161ina saudz\u012bgu meh\u0101nisko pul\u0113\u0161anu.<br data-start=\"1070\" data-end=\"1073\" \/>Bambusa sf\u0113ras \u2013 vienm\u0113rina un izl\u012bdzina \u0101du.<br data-start=\"1118\" data-end=\"1121\" \/>Maigi AHA komponenti \u2013 uzlabo toni un \u0101das skaidr\u012bbu.<\/p>\n<p data-start=\"1176\" data-end=\"1193\"><strong data-start=\"1176\" data-end=\"1193\">Tilpums: 91 g<\/strong><\/p>\n","protected":false},"excerpt":{"rendered":"<p data-start=\"1505\" data-end=\"1522\">Eksfoli\u0113jo\u0161s gels<\/p>\n<h2 data-start=\"1524\" data-end=\"1790\"><strong data-start=\"1524\" data-end=\"1584\">\u012apa\u0161\u012bbas IMAGE SKINCARE &#8211; Ormedic Balancing Gel Polisher<\/strong><\/h2>\n<p data-start=\"1524\" data-end=\"1790\">\u2714\ufe0f Tr\u012bsk\u0101r\u0161a eksfoli\u0101cija: enz\u012bmu, meh\u0101nisk\u0101 un AHA<br data-start=\"1638\" data-end=\"1641\" \/>\u2714\ufe0f Uzlabo \u0101das tekst\u016bru un toni<br data-start=\"1672\" data-end=\"1675\" \/>\u2714\ufe0f Pie\u0161\u0137ir maigumu un dabisku mirdzumu<br data-start=\"1713\" data-end=\"1716\" \/>\u2714\ufe0f Pietiekami maigs ikdienas lieto\u0161anai<br data-start=\"1755\" data-end=\"1758\" \/>\u2714\ufe0f Gludina \u0101du bez kairin\u0101juma<\/p>\n","protected":false},"featured_media":62332,"template":"","meta":[],"pwb-brand":[1134],"product_brand":[],"product_cat":[719],"product_tag":[],"giftcard-category":[],"class_list":{"0":"post-59939","1":"product","2":"type-product","3":"status-publish","4":"has-post-thumbnail","6":"pwb-brand-image-skincare","7":"product_cat-skrubji-un-pilingi","9":"first","10":"instock","11":"taxable","12":"shipping-taxable","13":"purchasable","14":"product-type-simple"},"acf":[],"brands":[{"id":1134,"name":"Image Skincare","slug":"image-skincare"}],"_links":{"self":[{"href":"https:\/\/skinstudio.ee\/lv\/wp-json\/wp\/v2\/product\/59939","targetHints":{"allow":["GET"]}}],"collection":[{"href":"https:\/\/skinstudio.ee\/lv\/wp-json\/wp\/v2\/product"}],"about":[{"href":"https:\/\/skinstudio.ee\/lv\/wp-json\/wp\/v2\/types\/product"}],"version-history":[{"count":0,"href":"https:\/\/skinstudio.ee\/lv\/wp-json\/wp\/v2\/product\/59939\/revisions"}],"wp:featuredmedia":[{"embeddable":true,"href":"https:\/\/skinstudio.ee\/lv\/wp-json\/wp\/v2\/media\/62332"}],"wp:attachment":[{"href":"https:\/\/skinstudio.ee\/lv\/wp-json\/wp\/v2\/media?parent=59939"}],"wp:term":[{"taxonomy":"pwb-brand","embeddable":true,"href":"https:\/\/skinstudio.ee\/lv\/wp-json\/wp\/v2\/pwb-brand?post=59939"},{"taxonomy":"product_brand","embeddable":true,"href":"https:\/\/skinstudio.ee\/lv\/wp-json\/wp\/v2\/product_brand?post=59939"},{"taxonomy":"product_cat","embeddable":true,"href":"https:\/\/skinstudio.ee\/lv\/wp-json\/wp\/v2\/product_cat?post=59939"},{"taxonomy":"product_tag","embeddable":true,"href":"https:\/\/skinstudio.ee\/lv\/wp-json\/wp\/v2\/product_tag?post=59939"},{"taxonomy":"giftcard-category","embeddable":true,"href":"https:\/\/skinstudio.ee\/lv\/wp-json\/wp\/v2\/giftcard-category?post=59939"}],"curies":[{"name":"wp","href":"https:\/\/api.w.org\/{rel}","templated":true}]}}