{"id":59961,"date":"2024-05-27T08:50:39","date_gmt":"2024-05-27T08:50:39","guid":{"rendered":"https:\/\/skinstudio.ee\/?post_type=product&#038;p=59961"},"modified":"2025-12-29T09:56:29","modified_gmt":"2025-12-29T09:56:29","slug":"ormedic-sheer-pink-lip-complex","status":"publish","type":"product","link":"https:\/\/skinstudio.ee\/lv\/catalog\/image-skincare\/ormedic-sheer-pink-lip-complex\/","title":{"rendered":"ORMEDIC Sheer Pink Lip Complex"},"content":{"rendered":"<p data-start=\"374\" data-end=\"726\">ORMEDIC Sheer Pink Lip Complex ir mitrino\u0161s un nomierino\u0161s l\u016bpu balzams ikdienas kop\u0161anai un maigas \u0101das atjauno\u0161anai. T\u0101 viegl\u0101 g\u0113lveida tekst\u016bra ar maigu roz\u0101 toni acumirkl\u012b padara l\u016bpas glud\u0101kas, mazina sausumu un izce\u013c dabisko kr\u0101su. Mitrino\u0161\u0101s sast\u0101vda\u013cas pal\u012bdz saglab\u0101t m\u012bkstumu un elast\u012bbu, nodro\u0161inot kopta izskata l\u016bpas visas dienas garum\u0101.<\/p>\n<p data-start=\"728\" data-end=\"1054\">Regul\u0101ri lietojot, ORMEDIC Sheer Pink Lip Complex uzlabo l\u016bpu kop\u0113jo izskatu, palielina mitrin\u0101juma saj\u016btu un sniedz nomierino\u0161u komfortu. L\u012bdzeklis ir piem\u0113rots ar\u012b p\u0113c injekcij\u0101m \u2013 tas pal\u012bdz vizu\u0101li mazin\u0101t aps\u0101rtumu un nomierina jut\u012bgo \u0101du. Balzamu var lietot gan ikdienas kop\u0161anai, gan k\u0101 aizsargsl\u0101ni papildus komfortam.<\/p>\n<p data-start=\"1056\" data-end=\"1072\"><strong data-start=\"1056\" data-end=\"1072\">Tilpums: 7 g<\/strong><\/p>\n","protected":false},"excerpt":{"rendered":"<p data-start=\"1138\" data-end=\"1170\">Mitrino\u0161s l\u016bpu gels ar roz\u0101 toni<\/p>\n<h2 data-start=\"1172\" data-end=\"1234\">\u012apa\u0161\u012bbas IMAGE Skincare &#8211; ORMEDIC Sheer Pink Lip Complex<\/h2>\n<p data-start=\"1235\" data-end=\"1385\">\u2714\ufe0f Pie\u0161\u0137ir dabisku roz\u012bgu toni<br data-start=\"1265\" data-end=\"1268\" \/>\u2714\ufe0f Vizualiz\u0113 gl\u012bt\u0101ku kont\u016bru<br data-start=\"1296\" data-end=\"1299\" \/>\u2714\ufe0f M\u012bkstina un izl\u012bdzina \u0101du<br data-start=\"1327\" data-end=\"1330\" \/>\u2714\ufe0f Pal\u012bdz mazin\u0101t aps\u0101rtumu<br data-start=\"1357\" data-end=\"1360\" \/>\u2714\ufe0f Uztur mitruma saj\u016btu<\/p>\n","protected":false},"featured_media":62322,"template":"","meta":[],"pwb-brand":[1134],"product_brand":[],"product_cat":[759],"product_tag":[],"giftcard-category":[],"class_list":{"0":"post-59961","1":"product","2":"type-product","3":"status-publish","4":"has-post-thumbnail","6":"pwb-brand-image-skincare","7":"product_cat-lupu-kopsana","9":"first","10":"instock","11":"taxable","12":"shipping-taxable","13":"purchasable","14":"product-type-simple"},"acf":[],"brands":[{"id":1134,"name":"Image Skincare","slug":"image-skincare"}],"_links":{"self":[{"href":"https:\/\/skinstudio.ee\/lv\/wp-json\/wp\/v2\/product\/59961","targetHints":{"allow":["GET"]}}],"collection":[{"href":"https:\/\/skinstudio.ee\/lv\/wp-json\/wp\/v2\/product"}],"about":[{"href":"https:\/\/skinstudio.ee\/lv\/wp-json\/wp\/v2\/types\/product"}],"version-history":[{"count":0,"href":"https:\/\/skinstudio.ee\/lv\/wp-json\/wp\/v2\/product\/59961\/revisions"}],"wp:featuredmedia":[{"embeddable":true,"href":"https:\/\/skinstudio.ee\/lv\/wp-json\/wp\/v2\/media\/62322"}],"wp:attachment":[{"href":"https:\/\/skinstudio.ee\/lv\/wp-json\/wp\/v2\/media?parent=59961"}],"wp:term":[{"taxonomy":"pwb-brand","embeddable":true,"href":"https:\/\/skinstudio.ee\/lv\/wp-json\/wp\/v2\/pwb-brand?post=59961"},{"taxonomy":"product_brand","embeddable":true,"href":"https:\/\/skinstudio.ee\/lv\/wp-json\/wp\/v2\/product_brand?post=59961"},{"taxonomy":"product_cat","embeddable":true,"href":"https:\/\/skinstudio.ee\/lv\/wp-json\/wp\/v2\/product_cat?post=59961"},{"taxonomy":"product_tag","embeddable":true,"href":"https:\/\/skinstudio.ee\/lv\/wp-json\/wp\/v2\/product_tag?post=59961"},{"taxonomy":"giftcard-category","embeddable":true,"href":"https:\/\/skinstudio.ee\/lv\/wp-json\/wp\/v2\/giftcard-category?post=59961"}],"curies":[{"name":"wp","href":"https:\/\/api.w.org\/{rel}","templated":true}]}}