{"id":59972,"date":"2024-05-27T09:12:34","date_gmt":"2024-05-27T09:12:34","guid":{"rendered":"https:\/\/skinstudio.ee\/?post_type=product&#038;p=59972"},"modified":"2025-12-29T09:56:29","modified_gmt":"2025-12-29T09:56:29","slug":"ormedic-balancing-lip-complex","status":"publish","type":"product","link":"https:\/\/skinstudio.ee\/lv\/catalog\/image-skincare\/ormedic-balancing-lip-complex\/","title":{"rendered":"ORMEDIC Balancing Lip Complex"},"content":{"rendered":"<p data-start=\"308\" data-end=\"628\">ORMEDIC Balancing Lip Complex ir mitrino\u0161s un nomierino\u0161s l\u016bpu balzams ikdienas kop\u0161anai un maigai atjauno\u0161anai. Viegl\u0101 g\u0113lveida tekst\u016bra acumirkl\u012b m\u012bkstina l\u016bpas, mazina sausumu un pal\u012bdz saglab\u0101t gludu, koptu izskatu. Formula atbalsta dabisko elast\u012bbu un komfortu, pie\u0161\u0137irot l\u016bp\u0101m vienm\u0113r\u012bg\u0101ku un vesel\u012bg\u0101ku izskatu.<\/p>\n<p data-start=\"630\" data-end=\"947\">Regul\u0101ri lietojot, ORMEDIC Balancing Lip Complex pal\u012bdz palielin\u0101t mitrin\u0101juma saj\u016btu, uzlabo kop\u0113jo l\u016bpu izskatu un nodro\u0161ina ilgsto\u0161u komfortu. Piem\u0113rots ar\u012b p\u0113c injekcij\u0101m &#8211; pal\u012bdz vizu\u0101li mazin\u0101t aps\u0101rtumu un nomierina jut\u012bgo \u0101du. Balzamu var lietot gan ikdienas kop\u0161anai, gan k\u0101 aizsargsl\u0101ni visas dienas garum\u0101.<\/p>\n<p data-start=\"949\" data-end=\"965\"><strong data-start=\"949\" data-end=\"965\">Tilpums: 7 g<\/strong><\/p>\n","protected":false},"excerpt":{"rendered":"<p data-start=\"1141\" data-end=\"1160\">Mitrino\u0161s l\u016bpu gels<\/p>\n<h2 data-start=\"1162\" data-end=\"1223\">\u012apa\u0161\u012bbas IMAGE Skincare &#8211; ORMEDIC Balancing Lip Complex<\/h2>\n<p data-start=\"1224\" data-end=\"1407\">\u2714\ufe0f Nodro\u0161ina ilgsto\u0161u mitrin\u0101jumu<br data-start=\"1257\" data-end=\"1260\" \/>\u2714\ufe0f M\u012bkstina l\u016bpas un izl\u012bdzina tekst\u016bru<br data-start=\"1299\" data-end=\"1302\" \/>\u2714\ufe0f Vizualiz\u0113 gl\u012bt\u0101ku kont\u016bru<br data-start=\"1330\" data-end=\"1333\" \/>\u2714\ufe0f Pal\u012bdz mazin\u0101t aps\u0101rtuma izskatu<br data-start=\"1368\" data-end=\"1371\" \/>\u2714\ufe0f Pie\u0161\u0137ir koptu, vesel\u012bgu izskatu<\/p>\n","protected":false},"featured_media":62317,"template":"","meta":[],"pwb-brand":[1134],"product_brand":[],"product_cat":[759],"product_tag":[],"giftcard-category":[],"class_list":{"0":"post-59972","1":"product","2":"type-product","3":"status-publish","4":"has-post-thumbnail","6":"pwb-brand-image-skincare","7":"product_cat-lupu-kopsana","9":"first","10":"instock","11":"taxable","12":"shipping-taxable","13":"purchasable","14":"product-type-simple"},"acf":[],"brands":[{"id":1134,"name":"Image Skincare","slug":"image-skincare"}],"_links":{"self":[{"href":"https:\/\/skinstudio.ee\/lv\/wp-json\/wp\/v2\/product\/59972","targetHints":{"allow":["GET"]}}],"collection":[{"href":"https:\/\/skinstudio.ee\/lv\/wp-json\/wp\/v2\/product"}],"about":[{"href":"https:\/\/skinstudio.ee\/lv\/wp-json\/wp\/v2\/types\/product"}],"version-history":[{"count":0,"href":"https:\/\/skinstudio.ee\/lv\/wp-json\/wp\/v2\/product\/59972\/revisions"}],"wp:featuredmedia":[{"embeddable":true,"href":"https:\/\/skinstudio.ee\/lv\/wp-json\/wp\/v2\/media\/62317"}],"wp:attachment":[{"href":"https:\/\/skinstudio.ee\/lv\/wp-json\/wp\/v2\/media?parent=59972"}],"wp:term":[{"taxonomy":"pwb-brand","embeddable":true,"href":"https:\/\/skinstudio.ee\/lv\/wp-json\/wp\/v2\/pwb-brand?post=59972"},{"taxonomy":"product_brand","embeddable":true,"href":"https:\/\/skinstudio.ee\/lv\/wp-json\/wp\/v2\/product_brand?post=59972"},{"taxonomy":"product_cat","embeddable":true,"href":"https:\/\/skinstudio.ee\/lv\/wp-json\/wp\/v2\/product_cat?post=59972"},{"taxonomy":"product_tag","embeddable":true,"href":"https:\/\/skinstudio.ee\/lv\/wp-json\/wp\/v2\/product_tag?post=59972"},{"taxonomy":"giftcard-category","embeddable":true,"href":"https:\/\/skinstudio.ee\/lv\/wp-json\/wp\/v2\/giftcard-category?post=59972"}],"curies":[{"name":"wp","href":"https:\/\/api.w.org\/{rel}","templated":true}]}}