{"id":59982,"date":"2024-05-27T11:08:16","date_gmt":"2024-05-27T11:08:16","guid":{"rendered":"https:\/\/skinstudio.ee\/?post_type=product&#038;p=59982"},"modified":"2025-12-29T09:56:25","modified_gmt":"2025-12-29T09:56:25","slug":"clear-skin-solutions-kit","status":"publish","type":"product","link":"https:\/\/skinstudio.ee\/lv\/catalog\/image-skincare\/clear-skin-solutions-kit\/","title":{"rendered":"Clear Skin Solutions Kit"},"content":{"rendered":"<p data-start=\"478\" data-end=\"865\">Clear Skin Solutions Kit ir pilnv\u0113rt\u012bgs tr\u012bs produktu komplekts taukainai, kombin\u0113tai un problem\u0101tiskai \u0101dai. Tas nodro\u0161ina pilnu ikdienas kop\u0161anas rut\u012bnu, kas pal\u012bdz dzi\u013ci att\u012br\u012bt \u0101du, samazin\u0101t iekaisuma veido\u0161an\u0101s risku un uztur\u0113t vienm\u0113r\u012bgu, koptu \u0101das izskatu. Produkti darbojas siner\u0123ij\u0101, nodro\u0161inot pilnu ciklu &#8211; att\u012br\u012b\u0161anu, atjauno\u0161anu un komfortu visas dienas un nakts garum\u0101.<\/p>\n<p data-start=\"867\" data-end=\"1369\">CLEAR CELL Clarifying Salicylic Gel Cleanser efekt\u012bvi no\u0146em lieko sebumu, net\u012brumus un atmiru\u0161\u0101s \u0101das \u0161\u016bnas, pal\u012bdzot mazin\u0101t izsitumu redzam\u012bbu un padar\u012bt poras maz\u0101k paman\u0101mas. CLEAR CELL Restoring Serum ar augu ekstraktiem nomierina \u0101du, samazina diskomfortu un pal\u012bdz uztur\u0113t vienm\u0113r\u012bgu \u0101das toni. Nakts kop\u0161anas kr\u0113ms CLEAR CELL Clarifying Repair Cr\u00e8me ar baku\u010diolu &#8211; maig\u0101ku augu alternat\u012bvu retinolam &#8211; veicina \u0101das atjauno\u0161anos, vizu\u0101li izl\u012bdzina tekst\u016bru un samazina smalko l\u012bniju redzam\u012bbu.<\/p>\n<p data-start=\"1371\" data-end=\"1508\">Komplekts ir piem\u0113rots ikdienas lieto\u0161anai un pal\u012bdz uztur\u0113t \u0101du t\u012br\u0101ku, glud\u0101ku un vizu\u0101li mier\u012bg\u0101ku jau p\u0113c pirmaj\u0101m lieto\u0161anas dien\u0101m.<\/p>\n<h3 data-start=\"1510\" data-end=\"1534\">Komplekt\u0101 ietilpst:<\/h3>\n<p data-start=\"1535\" data-end=\"1667\">CLEAR CELL Clarifying Salicylic Gel Cleanser &#8211; 50 ml<br data-start=\"1587\" data-end=\"1590\" \/>CLEAR CELL Restoring Serum &#8211; 14 g<br data-start=\"1623\" data-end=\"1626\" \/>CLEAR CELL Clarifying Repair Cr\u00e8me &#8211; 28 g<\/p>\n","protected":false},"excerpt":{"rendered":"<p data-start=\"1878\" data-end=\"1907\">Komplekts problem\u0101tiskai \u0101dai<\/p>\n<h2 data-start=\"1909\" data-end=\"1962\">IMAGE Skincare &#8211; Clear Skin Solutions Kit satur:<\/h2>\n<p data-start=\"1963\" data-end=\"2117\">\u2714\ufe0f CLEAR CELL Clarifying Salicylic Gel Cleanser<br data-start=\"2010\" data-end=\"2013\" \/>\u2714\ufe0f CLEAR CELL Restoring Serum<br data-start=\"2042\" data-end=\"2045\" \/>\u2714\ufe0f CLEAR CELL Clarifying Repair Cr\u00e8me<br data-start=\"2082\" data-end=\"2085\" \/>\u2714\ufe0f Caursp\u012bd\u012bga kosm\u0113tikas soma<\/p>\n","protected":false},"featured_media":62312,"template":"","meta":[],"pwb-brand":[1134],"product_brand":[],"product_cat":[764,755,747,753],"product_tag":[],"giftcard-category":[],"class_list":{"0":"post-59982","1":"product","2":"type-product","3":"status-publish","4":"has-post-thumbnail","6":"pwb-brand-image-skincare","7":"product_cat-davanu-ideja","8":"product_cat-komplekti","9":"product_cat-taukaina-ada","10":"product_cat-travel-size","12":"first","13":"instock","14":"taxable","15":"shipping-taxable","16":"purchasable","17":"product-type-simple"},"acf":[],"brands":[{"id":1134,"name":"Image Skincare","slug":"image-skincare"}],"_links":{"self":[{"href":"https:\/\/skinstudio.ee\/lv\/wp-json\/wp\/v2\/product\/59982","targetHints":{"allow":["GET"]}}],"collection":[{"href":"https:\/\/skinstudio.ee\/lv\/wp-json\/wp\/v2\/product"}],"about":[{"href":"https:\/\/skinstudio.ee\/lv\/wp-json\/wp\/v2\/types\/product"}],"version-history":[{"count":0,"href":"https:\/\/skinstudio.ee\/lv\/wp-json\/wp\/v2\/product\/59982\/revisions"}],"wp:featuredmedia":[{"embeddable":true,"href":"https:\/\/skinstudio.ee\/lv\/wp-json\/wp\/v2\/media\/62312"}],"wp:attachment":[{"href":"https:\/\/skinstudio.ee\/lv\/wp-json\/wp\/v2\/media?parent=59982"}],"wp:term":[{"taxonomy":"pwb-brand","embeddable":true,"href":"https:\/\/skinstudio.ee\/lv\/wp-json\/wp\/v2\/pwb-brand?post=59982"},{"taxonomy":"product_brand","embeddable":true,"href":"https:\/\/skinstudio.ee\/lv\/wp-json\/wp\/v2\/product_brand?post=59982"},{"taxonomy":"product_cat","embeddable":true,"href":"https:\/\/skinstudio.ee\/lv\/wp-json\/wp\/v2\/product_cat?post=59982"},{"taxonomy":"product_tag","embeddable":true,"href":"https:\/\/skinstudio.ee\/lv\/wp-json\/wp\/v2\/product_tag?post=59982"},{"taxonomy":"giftcard-category","embeddable":true,"href":"https:\/\/skinstudio.ee\/lv\/wp-json\/wp\/v2\/giftcard-category?post=59982"}],"curies":[{"name":"wp","href":"https:\/\/api.w.org\/{rel}","templated":true}]}}