{"id":59992,"date":"2024-05-27T11:21:42","date_gmt":"2024-05-27T11:21:42","guid":{"rendered":"https:\/\/skinstudio.ee\/?post_type=product&#038;p=59992"},"modified":"2025-12-29T09:56:29","modified_gmt":"2025-12-29T09:56:29","slug":"ready-set-discover-kit","status":"publish","type":"product","link":"https:\/\/skinstudio.ee\/lv\/catalog\/image-skincare\/ready-set-discover-kit\/","title":{"rendered":"Ready Set Discover Kit"},"content":{"rendered":"<p data-start=\"225\" data-end=\"593\">Ready Set Discover Kit ir r\u016bp\u012bgi izveidots \u0101das kop\u0161anas komplekts, kas lieliski piem\u0113rots gan d\u0101vin\u0101\u0161anai, gan ce\u013co\u0161anai. Tas apvieno tr\u012bs IMAGE Skincare popul\u0101r\u0101kos produktus, kas nodro\u0161ina maigu att\u012br\u012b\u0161anu, intens\u012bvu mitrin\u0101\u0161anu un efekt\u012bvu ikdienas aizsardz\u012bbu. Produkti darbojas siner\u0123iski, pal\u012bdzot uztur\u0113t \u0101du svaigu, gludu un komfortablu visas dienas garum\u0101.<\/p>\n<p data-start=\"595\" data-end=\"967\">ORMEDIC\u00ae balancing facial cleanser saudz\u012bgi att\u012bra \u0101du, no\u0146em net\u012brumus un ir piem\u0113rots ar\u012b acu zonai. VITAL C hydrating anti-aging serum pies\u0101tina \u0101du ar vitam\u012bniem, palielina mitrin\u0101jumu un pal\u012bdz atjaunot vesel\u012bgu mirdzumu. DAILY PREVENTION\u2122 sheer matte moisturizer SPF 30 nodro\u0161ina vieglu aizsardz\u012bbu, saglab\u0101 mitrumu un pal\u012bdz pasarg\u0101t \u0101du no \u0101r\u0113j\u0101s vides ietekmes.<\/p>\n<p data-start=\"969\" data-end=\"1120\">Komplekts ir lieliski piem\u0113rots ce\u013co\u0161anai, sporta somai, birojam vai k\u0101 univers\u0101la d\u0101vana &#8211; viss nepiecie\u0161amais \u0101das kop\u0161anai vien\u0101 kompakt\u0101 komplekt\u0101.<\/p>\n","protected":false},"excerpt":{"rendered":"<p data-start=\"1547\" data-end=\"1579\">Ce\u013cojumu \u0101das kop\u0161anas komplekts<\/p>\n<h2 data-start=\"1581\" data-end=\"1632\">IMAGE Skincare &#8211; Ready Set Discover Kit satur<\/h2>\n<p data-start=\"1633\" data-end=\"1843\">\u2714\ufe0f ORMEDIC\u00ae balancing facial cleanser 50 ml<br data-start=\"1676\" data-end=\"1679\" \/>\u2714\ufe0f VITAL C hydrating anti-aging serum 15 ml<br data-start=\"1722\" data-end=\"1725\" \/>\u2714\ufe0f DAILY PREVENTION\u2122 sheer matte moisturizer SPF 30 43 g<br data-start=\"1781\" data-end=\"1784\" \/>\u2714\ufe0f Maz\u0101 kosm\u0113tikas somi\u0146a ar r\u0101v\u0113jsl\u0113dz\u0113ju Image Skincare<\/p>\n","protected":false},"featured_media":62307,"template":"","meta":[],"pwb-brand":[1134],"product_brand":[],"product_cat":[764,755,753],"product_tag":[],"giftcard-category":[],"class_list":{"0":"post-59992","1":"product","2":"type-product","3":"status-publish","4":"has-post-thumbnail","6":"pwb-brand-image-skincare","7":"product_cat-davanu-ideja","8":"product_cat-komplekts","9":"product_cat-travel-size-lv","11":"first","12":"instock","13":"taxable","14":"shipping-taxable","15":"purchasable","16":"product-type-simple"},"acf":[],"brands":[{"id":1134,"name":"Image Skincare","slug":"image-skincare"}],"_links":{"self":[{"href":"https:\/\/skinstudio.ee\/lv\/wp-json\/wp\/v2\/product\/59992","targetHints":{"allow":["GET"]}}],"collection":[{"href":"https:\/\/skinstudio.ee\/lv\/wp-json\/wp\/v2\/product"}],"about":[{"href":"https:\/\/skinstudio.ee\/lv\/wp-json\/wp\/v2\/types\/product"}],"version-history":[{"count":0,"href":"https:\/\/skinstudio.ee\/lv\/wp-json\/wp\/v2\/product\/59992\/revisions"}],"wp:featuredmedia":[{"embeddable":true,"href":"https:\/\/skinstudio.ee\/lv\/wp-json\/wp\/v2\/media\/62307"}],"wp:attachment":[{"href":"https:\/\/skinstudio.ee\/lv\/wp-json\/wp\/v2\/media?parent=59992"}],"wp:term":[{"taxonomy":"pwb-brand","embeddable":true,"href":"https:\/\/skinstudio.ee\/lv\/wp-json\/wp\/v2\/pwb-brand?post=59992"},{"taxonomy":"product_brand","embeddable":true,"href":"https:\/\/skinstudio.ee\/lv\/wp-json\/wp\/v2\/product_brand?post=59992"},{"taxonomy":"product_cat","embeddable":true,"href":"https:\/\/skinstudio.ee\/lv\/wp-json\/wp\/v2\/product_cat?post=59992"},{"taxonomy":"product_tag","embeddable":true,"href":"https:\/\/skinstudio.ee\/lv\/wp-json\/wp\/v2\/product_tag?post=59992"},{"taxonomy":"giftcard-category","embeddable":true,"href":"https:\/\/skinstudio.ee\/lv\/wp-json\/wp\/v2\/giftcard-category?post=59992"}],"curies":[{"name":"wp","href":"https:\/\/api.w.org\/{rel}","templated":true}]}}