{"id":60001,"date":"2024-05-27T11:39:33","date_gmt":"2024-05-27T11:39:33","guid":{"rendered":"https:\/\/skinstudio.ee\/?post_type=product&#038;p=60001"},"modified":"2025-12-29T09:56:25","modified_gmt":"2025-12-29T09:56:25","slug":"brighten-protect-kit","status":"publish","type":"product","link":"https:\/\/skinstudio.ee\/lv\/catalog\/image-skincare\/brighten-protect-kit\/","title":{"rendered":"Brighten &#038; Protect Kit"},"content":{"rendered":"<p data-start=\"216\" data-end=\"555\">Brighten &amp; Protect Kit ir tr\u012bs produktu \u0101das kop\u0161anas komplekts, kas paredz\u0113ts bl\u0101vai, nevienm\u0113r\u012bgai un pigment\u0101cijai pak\u013cautai \u0101dai. Tas apvieno ILUMA l\u012bnijas izgaismojo\u0161o iedarb\u012bbu ar DAILY PREVENTION\u2122 ikdienas aizsardz\u012bbu, nodro\u0161inot pilnv\u0113rt\u012bgu \u0101das kop\u0161anas rut\u012bnu, kas pal\u012bdz uzlabot toni, izl\u012bdzin\u0101t tekst\u016bru un atjaunot mirdzumu.<\/p>\n<p data-start=\"557\" data-end=\"761\">Komplekts pal\u012bdz maigi eksfoli\u0113t \u0101du, vizu\u0101li izl\u012bdzin\u0101t t\u0101s virsmu un pan\u0101kt vienm\u0113r\u012bg\u0101ku sejas toni. Produkts nodro\u0161ina nepiecie\u0161amo UV aizsardz\u012bbu, kas pal\u012bdz mazin\u0101t jaunas pigment\u0101cijas veido\u0161anos.<\/p>\n<p data-start=\"763\" data-end=\"990\">Kompaktie izm\u0113ri un caursp\u012bd\u012bg\u0101 kosm\u0113tikas somi\u0146a padara Brighten &amp; Protect Kit par ide\u0101lu sabiedroto ce\u013cojumos, sporta som\u0101 vai ikdienas gait\u0101s. Tas ir ar\u012b lielisks variants iepaz\u012bties ar IMAGE Skincare produktiem pirmo reizi.<\/p>\n","protected":false},"excerpt":{"rendered":"<p data-start=\"1403\" data-end=\"1445\">Izgaismojo\u0161s ce\u013cojumu kop\u0161anas komplekts<\/p>\n<h2 data-start=\"1447\" data-end=\"1498\">IMAGE Skincare &#8211; Brighten &amp; Protect Kit satur:<\/h2>\n<p data-start=\"1499\" data-end=\"1691\">\u2714\ufe0f ILUMA Intense Brightening Exfoliating Cleanser 46 g<br data-start=\"1553\" data-end=\"1556\" \/>\u2714\ufe0f ILUMA Intense Brightening Serum 15 ml<br data-start=\"1596\" data-end=\"1599\" \/>\u2714\ufe0f DAILY PREVENTION\u2122 Sheer Matte Moisturizer SPF 30 7 g<br data-start=\"1654\" data-end=\"1657\" \/>\u2714\ufe0f Caursp\u012bd\u012bga kosm\u0113tikas somi\u0146a<\/p>\n","protected":false},"featured_media":62302,"template":"","meta":[],"pwb-brand":[1134],"product_brand":[],"product_cat":[764,755,753],"product_tag":[],"giftcard-category":[],"class_list":{"0":"post-60001","1":"product","2":"type-product","3":"status-publish","4":"has-post-thumbnail","6":"pwb-brand-image-skincare","7":"product_cat-davanu-ideja","8":"product_cat-komplekts","9":"product_cat-travel-size-lv","11":"first","12":"instock","13":"taxable","14":"shipping-taxable","15":"purchasable","16":"product-type-simple"},"acf":[],"brands":[{"id":1134,"name":"Image Skincare","slug":"image-skincare"}],"_links":{"self":[{"href":"https:\/\/skinstudio.ee\/lv\/wp-json\/wp\/v2\/product\/60001","targetHints":{"allow":["GET"]}}],"collection":[{"href":"https:\/\/skinstudio.ee\/lv\/wp-json\/wp\/v2\/product"}],"about":[{"href":"https:\/\/skinstudio.ee\/lv\/wp-json\/wp\/v2\/types\/product"}],"version-history":[{"count":0,"href":"https:\/\/skinstudio.ee\/lv\/wp-json\/wp\/v2\/product\/60001\/revisions"}],"wp:featuredmedia":[{"embeddable":true,"href":"https:\/\/skinstudio.ee\/lv\/wp-json\/wp\/v2\/media\/62302"}],"wp:attachment":[{"href":"https:\/\/skinstudio.ee\/lv\/wp-json\/wp\/v2\/media?parent=60001"}],"wp:term":[{"taxonomy":"pwb-brand","embeddable":true,"href":"https:\/\/skinstudio.ee\/lv\/wp-json\/wp\/v2\/pwb-brand?post=60001"},{"taxonomy":"product_brand","embeddable":true,"href":"https:\/\/skinstudio.ee\/lv\/wp-json\/wp\/v2\/product_brand?post=60001"},{"taxonomy":"product_cat","embeddable":true,"href":"https:\/\/skinstudio.ee\/lv\/wp-json\/wp\/v2\/product_cat?post=60001"},{"taxonomy":"product_tag","embeddable":true,"href":"https:\/\/skinstudio.ee\/lv\/wp-json\/wp\/v2\/product_tag?post=60001"},{"taxonomy":"giftcard-category","embeddable":true,"href":"https:\/\/skinstudio.ee\/lv\/wp-json\/wp\/v2\/giftcard-category?post=60001"}],"curies":[{"name":"wp","href":"https:\/\/api.w.org\/{rel}","templated":true}]}}