{"id":60010,"date":"2024-05-27T12:13:38","date_gmt":"2024-05-27T12:13:38","guid":{"rendered":"https:\/\/skinstudio.ee\/?post_type=product&#038;p=60010"},"modified":"2025-12-29T09:56:29","modified_gmt":"2025-12-29T09:56:29","slug":"microbiome-essentials-kit","status":"publish","type":"product","link":"https:\/\/skinstudio.ee\/lv\/catalog\/image-skincare\/microbiome-essentials-kit\/","title":{"rendered":"Microbiome Essentials Kit"},"content":{"rendered":"<p data-start=\"241\" data-end=\"487\">Microbiome Essentials Kit ir tr\u012bs so\u013cu \u0101das kop\u0161anas komplekts, kas izstr\u0101d\u0101ts sausai, jut\u012bgai un viegli kairin\u0101mai \u0101dai. Maig\u0101 BIOME+ l\u012bnija pal\u012bdz mazin\u0101t aps\u0101rtumu un kairin\u0101jumu, atbalsta \u0101das dabisk\u0101s aizsargsp\u0113jas un mikrobioma l\u012bdzsvaru.<\/p>\n<p data-start=\"489\" data-end=\"746\">Komplekts \u012bpa\u0161i piem\u0113rots \u0101das atjauno\u0161anai p\u0113c saules apdegumiem, akt\u012bv\u0101m kosmetolo\u0123isk\u0101m proced\u016br\u0101m vai periodiem, kad \u0101da ir jut\u012bg\u0101ka nek\u0101 parasti. Produkti pal\u012bdz atjaunot \u0101das maigumu, svaigumu un mitrin\u0101jumu, padarot to vizu\u0101li mier\u012bg\u0101ku un kopt\u0101ku.<\/p>\n<p data-start=\"748\" data-end=\"926\">Kompaktie izm\u0113ri un caursp\u012bd\u012bg\u0101 Image Skincare kosm\u0113tikas somi\u0146a padara komplektu ide\u0101li piem\u0113rotu ce\u013cojumiem, sportam vai ikdienas lieto\u0161anai. Produktu pietiek aptuveni m\u0113nesim.<\/p>\n","protected":false},"excerpt":{"rendered":"<p data-start=\"1182\" data-end=\"1230\">Nomierino\u0161s \u0101das kop\u0161anas komplekts jut\u012bgai \u0101dai<\/p>\n<h2 data-start=\"1232\" data-end=\"1287\">IMAGE Skincare &#8211; Microbiome Essentials Kit satur:<\/h2>\n<p data-start=\"1288\" data-end=\"1437\">\u2714\ufe0f BIOME+ Cleansing Comfort Balm 50 ml<br data-start=\"1326\" data-end=\"1329\" \/>\u2714\ufe0f BIOME+ Dew Bright Serum 15 ml<br data-start=\"1361\" data-end=\"1364\" \/>\u2714\ufe0f BIOME+ Smoothing Cloud Cr\u00e8me 28 g<br data-start=\"1400\" data-end=\"1403\" \/>\u2714\ufe0f Caursp\u012bd\u012bga kosm\u0113tikas somi\u0146a<\/p>\n","protected":false},"featured_media":62297,"template":"","meta":[],"pwb-brand":[1134],"product_brand":[],"product_cat":[764,755,753],"product_tag":[],"giftcard-category":[],"class_list":{"0":"post-60010","1":"product","2":"type-product","3":"status-publish","4":"has-post-thumbnail","6":"pwb-brand-image-skincare","7":"product_cat-davanu-ideja","8":"product_cat-komplekts","9":"product_cat-travel-size-lv","11":"first","12":"instock","13":"taxable","14":"shipping-taxable","15":"purchasable","16":"product-type-simple"},"acf":[],"brands":[{"id":1134,"name":"Image Skincare","slug":"image-skincare"}],"_links":{"self":[{"href":"https:\/\/skinstudio.ee\/lv\/wp-json\/wp\/v2\/product\/60010","targetHints":{"allow":["GET"]}}],"collection":[{"href":"https:\/\/skinstudio.ee\/lv\/wp-json\/wp\/v2\/product"}],"about":[{"href":"https:\/\/skinstudio.ee\/lv\/wp-json\/wp\/v2\/types\/product"}],"version-history":[{"count":0,"href":"https:\/\/skinstudio.ee\/lv\/wp-json\/wp\/v2\/product\/60010\/revisions"}],"wp:featuredmedia":[{"embeddable":true,"href":"https:\/\/skinstudio.ee\/lv\/wp-json\/wp\/v2\/media\/62297"}],"wp:attachment":[{"href":"https:\/\/skinstudio.ee\/lv\/wp-json\/wp\/v2\/media?parent=60010"}],"wp:term":[{"taxonomy":"pwb-brand","embeddable":true,"href":"https:\/\/skinstudio.ee\/lv\/wp-json\/wp\/v2\/pwb-brand?post=60010"},{"taxonomy":"product_brand","embeddable":true,"href":"https:\/\/skinstudio.ee\/lv\/wp-json\/wp\/v2\/product_brand?post=60010"},{"taxonomy":"product_cat","embeddable":true,"href":"https:\/\/skinstudio.ee\/lv\/wp-json\/wp\/v2\/product_cat?post=60010"},{"taxonomy":"product_tag","embeddable":true,"href":"https:\/\/skinstudio.ee\/lv\/wp-json\/wp\/v2\/product_tag?post=60010"},{"taxonomy":"giftcard-category","embeddable":true,"href":"https:\/\/skinstudio.ee\/lv\/wp-json\/wp\/v2\/giftcard-category?post=60010"}],"curies":[{"name":"wp","href":"https:\/\/api.w.org\/{rel}","templated":true}]}}