{"id":60019,"date":"2024-05-27T13:54:41","date_gmt":"2024-05-27T13:54:41","guid":{"rendered":"https:\/\/skinstudio.ee\/?post_type=product&#038;p=60019"},"modified":"2025-12-29T09:56:29","modified_gmt":"2025-12-29T09:56:29","slug":"ormedic-balancing-antioxidant-serum","status":"publish","type":"product","link":"https:\/\/skinstudio.ee\/lv\/catalog\/image-skincare\/ormedic-balancing-antioxidant-serum\/","title":{"rendered":"ORMEDIC Balancing Antioxidant Serum"},"content":{"rendered":"<p data-start=\"243\" data-end=\"530\">ORMEDIC Balancing Antioxidant Serum ir ultra mitrino\u0161s un viegli atjaunojo\u0161s serums ar organisko alvejas \u017eeleju pamatn\u0113. Formul\u0101 apvienota piensk\u0101be, organisk\u0101 jap\u0101\u0146u za\u013c\u0101 t\u0113ja, polifenoli un vara pept\u012bdi, kas pal\u012bdz uzlabot \u0101das gludumu un atbalsta t\u0101s dabiskos atjauno\u0161an\u0101s procesus.<\/p>\n<p data-start=\"532\" data-end=\"899\">Organiska v\u012bnogu \u016bdens b\u0101ze, kas bag\u0101ta ar miner\u0101lviel\u0101m un mikroelementiem, uztur optim\u0101lu mitrin\u0101jumu un vesel\u012bgu pH l\u012bdzsvaru. Kakadu pl\u016bmes un bie\u0161u saknes ekstrakti sniedz sp\u0113c\u012bgu antioksidantu aizsardz\u012bbu, pal\u012bdzot pasarg\u0101t \u0101du no \u0101r\u0113j\u0101s vides ietekmes un priek\u0161laic\u012bgas noveco\u0161an\u0101s paz\u012bm\u0113m. Regul\u0101ri lietojot, \u0101da k\u013c\u016bst maig\u0101ka, svaig\u0101ka un vizu\u0101li mirdzo\u0161\u0101ka.<\/p>\n<p data-start=\"901\" data-end=\"919\"><strong data-start=\"901\" data-end=\"919\">Tilpums: 30 ml<\/strong><\/p>\n","protected":false},"excerpt":{"rendered":"<p data-start=\"1049\" data-end=\"1079\">Mitrino\u0161s antioksidantu serums<\/p>\n<h2 data-start=\"1081\" data-end=\"1148\">\u012apa\u0161\u012bbas IMAGE Skincare &#8211; ORMEDIC Balancing Antioxidant Serum<\/h2>\n<p data-start=\"1149\" data-end=\"1317\">\u2714\ufe0f Atjauno \u0101das komfortu<br data-start=\"1173\" data-end=\"1176\" \/>\u2714\ufe0f Pie\u0161\u0137ir svaig\u0101ku, vienm\u0113r\u012bg\u0101ku toni<br data-start=\"1214\" data-end=\"1217\" \/>\u2714\ufe0f Uzlabo mitrin\u0101juma saj\u016btu<br data-start=\"1245\" data-end=\"1248\" \/>\u2714\ufe0f M\u012bkstina un izl\u012bdzina \u0101du<br data-start=\"1276\" data-end=\"1279\" \/>\u2714\ufe0f Aizsarg\u0101 pret \u0101r\u0113j\u0101s vides stresu<\/p>\n","protected":false},"featured_media":62292,"template":"","meta":[],"pwb-brand":[1134],"product_brand":[],"product_cat":[723],"product_tag":[],"giftcard-category":[],"class_list":{"0":"post-60019","1":"product","2":"type-product","3":"status-publish","4":"has-post-thumbnail","6":"pwb-brand-image-skincare","7":"product_cat-serumi","9":"first","10":"instock","11":"taxable","12":"shipping-taxable","13":"purchasable","14":"product-type-simple"},"acf":[],"brands":[{"id":1134,"name":"Image Skincare","slug":"image-skincare"}],"_links":{"self":[{"href":"https:\/\/skinstudio.ee\/lv\/wp-json\/wp\/v2\/product\/60019","targetHints":{"allow":["GET"]}}],"collection":[{"href":"https:\/\/skinstudio.ee\/lv\/wp-json\/wp\/v2\/product"}],"about":[{"href":"https:\/\/skinstudio.ee\/lv\/wp-json\/wp\/v2\/types\/product"}],"version-history":[{"count":0,"href":"https:\/\/skinstudio.ee\/lv\/wp-json\/wp\/v2\/product\/60019\/revisions"}],"wp:featuredmedia":[{"embeddable":true,"href":"https:\/\/skinstudio.ee\/lv\/wp-json\/wp\/v2\/media\/62292"}],"wp:attachment":[{"href":"https:\/\/skinstudio.ee\/lv\/wp-json\/wp\/v2\/media?parent=60019"}],"wp:term":[{"taxonomy":"pwb-brand","embeddable":true,"href":"https:\/\/skinstudio.ee\/lv\/wp-json\/wp\/v2\/pwb-brand?post=60019"},{"taxonomy":"product_brand","embeddable":true,"href":"https:\/\/skinstudio.ee\/lv\/wp-json\/wp\/v2\/product_brand?post=60019"},{"taxonomy":"product_cat","embeddable":true,"href":"https:\/\/skinstudio.ee\/lv\/wp-json\/wp\/v2\/product_cat?post=60019"},{"taxonomy":"product_tag","embeddable":true,"href":"https:\/\/skinstudio.ee\/lv\/wp-json\/wp\/v2\/product_tag?post=60019"},{"taxonomy":"giftcard-category","embeddable":true,"href":"https:\/\/skinstudio.ee\/lv\/wp-json\/wp\/v2\/giftcard-category?post=60019"}],"curies":[{"name":"wp","href":"https:\/\/api.w.org\/{rel}","templated":true}]}}