{"id":60029,"date":"2024-05-27T14:13:22","date_gmt":"2024-05-27T14:13:22","guid":{"rendered":"https:\/\/skinstudio.ee\/?post_type=product&#038;p=60029"},"modified":"2025-12-29T09:56:27","modified_gmt":"2025-12-29T09:56:27","slug":"iluma-intense-facial-illuminator","status":"publish","type":"product","link":"https:\/\/skinstudio.ee\/lv\/catalog\/image-skincare\/iluma-intense-facial-illuminator\/","title":{"rendered":"ILUMA Intense Facial Illuminator"},"content":{"rendered":"<p data-start=\"265\" data-end=\"475\">ILUMA Intense Facial Illuminator ir moderns izgaismojo\u0161s serums, kas pal\u012bdz uzlabot \u0101das mirdzumu un vizu\u0101li izl\u012bdzin\u0101t nevienm\u0113r\u012bgu toni. Viegl\u0101, \u0101tri ies\u016bco\u0161\u0101 tekst\u016bra padara \u0101du maigu, mitrin\u0101tu un svaigu.<\/p>\n<p data-start=\"477\" data-end=\"693\">Formulas sast\u0101vda\u013cas pal\u012bdz mazin\u0101t bl\u0101vuma iespaidu, pie\u0161\u0137ir \u0101dai gai\u0161\u0101ku, vienm\u0113r\u012bg\u0101ku izskatu un atbalsta kop\u0113jo \u0101das mirdzumu. Regul\u0101ras lieto\u0161anas laik\u0101 \u0101da k\u013c\u016bst vizu\u0101li glud\u0101ka, svaig\u0101ka un dab\u012bgi starojo\u0161a.<\/p>\n<p data-start=\"695\" data-end=\"836\">ILUMA Intense Facial Illuminator lieliski sader ar citiem serumiem, pastiprinot ikdienas kop\u0161anu un pie\u0161\u0137irot \u0101dai vesel\u012bgu, mirdzo\u0161u efektu.<\/p>\n<p data-start=\"838\" data-end=\"856\"><strong data-start=\"838\" data-end=\"856\">Tilpums: 30 ml<\/strong><\/p>\n","protected":false},"excerpt":{"rendered":"<p data-start=\"995\" data-end=\"1014\">Izgaismojo\u0161s serums<\/p>\n<h2 data-start=\"1016\" data-end=\"1080\">IMAGE Skincare &#8211; ILUMA Intense Facial Illuminator \u012apa\u0161\u012bbas<\/h2>\n<p data-start=\"1081\" data-end=\"1250\">\u2714\ufe0f Pie\u0161\u0137ir \u0101dai vizu\u0101lu mirdzumu<br data-start=\"1113\" data-end=\"1116\" \/>\u2714\ufe0f Pal\u012bdz uzlabot kop\u0113jo toni<br data-start=\"1145\" data-end=\"1148\" \/>\u2714\ufe0f Nostiprina mitrin\u0101juma saj\u016btu<br data-start=\"1180\" data-end=\"1183\" \/>\u2714\ufe0f M\u012bkstina un izl\u012bdzina \u0101du<br data-start=\"1211\" data-end=\"1214\" \/>\u2714\ufe0f Atbalsta dabisku \u0101das starojumu<\/p>\n","protected":false},"featured_media":62287,"template":"","meta":[],"pwb-brand":[1134],"product_brand":[],"product_cat":[751,723],"product_tag":[],"giftcard-category":[],"class_list":{"0":"post-60029","1":"product","2":"type-product","3":"status-publish","4":"has-post-thumbnail","6":"pwb-brand-image-skincare","7":"product_cat-pigmentacija-lv","8":"product_cat-serumi","10":"first","11":"instock","12":"taxable","13":"shipping-taxable","14":"purchasable","15":"product-type-simple"},"acf":[],"brands":[{"id":1134,"name":"Image Skincare","slug":"image-skincare"}],"_links":{"self":[{"href":"https:\/\/skinstudio.ee\/lv\/wp-json\/wp\/v2\/product\/60029","targetHints":{"allow":["GET"]}}],"collection":[{"href":"https:\/\/skinstudio.ee\/lv\/wp-json\/wp\/v2\/product"}],"about":[{"href":"https:\/\/skinstudio.ee\/lv\/wp-json\/wp\/v2\/types\/product"}],"version-history":[{"count":0,"href":"https:\/\/skinstudio.ee\/lv\/wp-json\/wp\/v2\/product\/60029\/revisions"}],"wp:featuredmedia":[{"embeddable":true,"href":"https:\/\/skinstudio.ee\/lv\/wp-json\/wp\/v2\/media\/62287"}],"wp:attachment":[{"href":"https:\/\/skinstudio.ee\/lv\/wp-json\/wp\/v2\/media?parent=60029"}],"wp:term":[{"taxonomy":"pwb-brand","embeddable":true,"href":"https:\/\/skinstudio.ee\/lv\/wp-json\/wp\/v2\/pwb-brand?post=60029"},{"taxonomy":"product_brand","embeddable":true,"href":"https:\/\/skinstudio.ee\/lv\/wp-json\/wp\/v2\/product_brand?post=60029"},{"taxonomy":"product_cat","embeddable":true,"href":"https:\/\/skinstudio.ee\/lv\/wp-json\/wp\/v2\/product_cat?post=60029"},{"taxonomy":"product_tag","embeddable":true,"href":"https:\/\/skinstudio.ee\/lv\/wp-json\/wp\/v2\/product_tag?post=60029"},{"taxonomy":"giftcard-category","embeddable":true,"href":"https:\/\/skinstudio.ee\/lv\/wp-json\/wp\/v2\/giftcard-category?post=60029"}],"curies":[{"name":"wp","href":"https:\/\/api.w.org\/{rel}","templated":true}]}}