{"id":60038,"date":"2024-05-28T08:51:40","date_gmt":"2024-05-28T08:51:40","guid":{"rendered":"https:\/\/skinstudio.ee\/?post_type=product&#038;p=60038"},"modified":"2025-12-29T09:56:30","modified_gmt":"2025-12-29T09:56:30","slug":"the-max-masque","status":"publish","type":"product","link":"https:\/\/skinstudio.ee\/lv\/catalog\/image-skincare\/the-max-masque\/","title":{"rendered":"the MAX\u2122 Masque"},"content":{"rendered":"<p data-start=\"239\" data-end=\"620\">the MAX\u2122 Masque ir atjaunojo\u0161a, re\u0123ener\u0113jo\u0161a un intens\u012bvi barojo\u0161a maska, kas paredz\u0113ta noguru\u0161ai, pl\u0101nai un novecojo\u0161ai \u0101dai. Bag\u0101t\u012bg\u0101 formula apvieno augu cilmes \u0161\u016bnu ekstraktus, jaun\u0101k\u0101s paaudzes pept\u012bdus un mitrino\u0161as sast\u0101vda\u013cas, pal\u012bdzot \u0101dai izskat\u012bties glud\u0101kai, tvirt\u0101kai un mirdzo\u0161\u0101kai. Samtain\u0101 tekst\u016bra viegli kl\u0101jas uz \u0101das, nodro\u0161inot komfortu un intens\u012bvu kop\u0161anu.<\/p>\n<p data-start=\"622\" data-end=\"959\">Vectorize Technology\u2122 nodro\u0161ina akt\u012bvo vielu pak\u0101penisku izdal\u012b\u0161anos l\u012bdz pat 48 stund\u0101m, sniedzot ilgsto\u0161u atbalstu un redzamus uzlabojumus. Regul\u0101ras lieto\u0161anas laik\u0101 maska pal\u012bdz mazin\u0101t sausuma un bl\u0101vuma iespaidu, uzlabo \u0101das tekst\u016bru un pie\u0161\u0137ir tai svaig\u0101ku, atjaunotu izskatu. \u0100da izskat\u0101s barot\u0101ka, tvirt\u0101ka un vizu\u0101li atjaunota.<\/p>\n<p data-start=\"961\" data-end=\"979\"><strong data-start=\"961\" data-end=\"979\">Tilpums: 59 ml<\/strong><\/p>\n","protected":false},"excerpt":{"rendered":"<p data-start=\"1277\" data-end=\"1307\">Barojo\u0161a pretnoveco\u0161an\u0101s maska<\/p>\n<h2 data-start=\"1309\" data-end=\"1356\">IMAGE Skincare &#8211; the MAX\u2122 Masque \u012apa\u0161\u012bbas<\/h2>\n<p data-start=\"1357\" data-end=\"1541\">\u2714\ufe0f Sniedz glud\u0101ku un tvirt\u0101ku saj\u016btu<br data-start=\"1393\" data-end=\"1396\" \/>\u2714\ufe0f Uzlabo \u0101das vizu\u0101lo bl\u012bvumu<br data-start=\"1426\" data-end=\"1429\" \/>\u2714\ufe0f M\u012bkstina un baro noguru\u0161u \u0101du<br data-start=\"1461\" data-end=\"1464\" \/>\u2714\ufe0f Atjauno \u0101das toni un mirdzumu<br data-start=\"1496\" data-end=\"1499\" \/>\u2714\ufe0f Pie\u0161\u0137ir vesel\u012bg\u0101ku un kopt\u0101ku izskatu<\/p>\n","protected":false},"featured_media":62282,"template":"","meta":[],"pwb-brand":[1134],"product_brand":[],"product_cat":[725,749],"product_tag":[],"giftcard-category":[],"class_list":{"0":"post-60038","1":"product","2":"type-product","3":"status-publish","4":"has-post-thumbnail","6":"pwb-brand-image-skincare","7":"product_cat-maskas","8":"product_cat-novecojosa-ada","10":"first","11":"instock","12":"taxable","13":"shipping-taxable","14":"purchasable","15":"product-type-simple"},"acf":[],"brands":[{"id":1134,"name":"Image Skincare","slug":"image-skincare"}],"_links":{"self":[{"href":"https:\/\/skinstudio.ee\/lv\/wp-json\/wp\/v2\/product\/60038","targetHints":{"allow":["GET"]}}],"collection":[{"href":"https:\/\/skinstudio.ee\/lv\/wp-json\/wp\/v2\/product"}],"about":[{"href":"https:\/\/skinstudio.ee\/lv\/wp-json\/wp\/v2\/types\/product"}],"version-history":[{"count":0,"href":"https:\/\/skinstudio.ee\/lv\/wp-json\/wp\/v2\/product\/60038\/revisions"}],"wp:featuredmedia":[{"embeddable":true,"href":"https:\/\/skinstudio.ee\/lv\/wp-json\/wp\/v2\/media\/62282"}],"wp:attachment":[{"href":"https:\/\/skinstudio.ee\/lv\/wp-json\/wp\/v2\/media?parent=60038"}],"wp:term":[{"taxonomy":"pwb-brand","embeddable":true,"href":"https:\/\/skinstudio.ee\/lv\/wp-json\/wp\/v2\/pwb-brand?post=60038"},{"taxonomy":"product_brand","embeddable":true,"href":"https:\/\/skinstudio.ee\/lv\/wp-json\/wp\/v2\/product_brand?post=60038"},{"taxonomy":"product_cat","embeddable":true,"href":"https:\/\/skinstudio.ee\/lv\/wp-json\/wp\/v2\/product_cat?post=60038"},{"taxonomy":"product_tag","embeddable":true,"href":"https:\/\/skinstudio.ee\/lv\/wp-json\/wp\/v2\/product_tag?post=60038"},{"taxonomy":"giftcard-category","embeddable":true,"href":"https:\/\/skinstudio.ee\/lv\/wp-json\/wp\/v2\/giftcard-category?post=60038"}],"curies":[{"name":"wp","href":"https:\/\/api.w.org\/{rel}","templated":true}]}}