{"id":60049,"date":"2024-05-28T09:08:48","date_gmt":"2024-05-28T09:08:48","guid":{"rendered":"https:\/\/skinstudio.ee\/?post_type=product&#038;p=60049"},"modified":"2025-12-29T09:56:30","modified_gmt":"2025-12-29T09:56:30","slug":"the-max-neck-lift","status":"publish","type":"product","link":"https:\/\/skinstudio.ee\/lv\/catalog\/image-skincare\/the-max-neck-lift\/","title":{"rendered":"the MAX\u2122 Neck Lift"},"content":{"rendered":"<p data-start=\"236\" data-end=\"521\">the MAX\u2122 Neck Lift ir mitrino\u0161s liftinga kr\u0113ms kaklam un dekolt\u0113 zonai, kas pal\u012bdz \u0101dai izskat\u012bties tvirt\u0101kai, glud\u0101kai un kopt\u0101kai. Formula ar augu cilmes \u0161\u016bnu ekstraktiem pal\u012bdz mazin\u0101t \u0101das \u013cenganuma iespaidu, m\u012bkstina redzam\u0101s l\u012bnijas un pie\u0161\u0137ir \u0101dai paceltu, vienm\u0113r\u012bgu izskatu.<\/p>\n<p data-start=\"523\" data-end=\"876\">Viegl\u0101, samtain\u0101 tekst\u016bra \u0101tri ies\u016bcas, nodro\u0161inot dzi\u013cu mitrin\u0101\u0161anu un komfortu. Vectorize Technology\u2122 nodro\u0161ina akt\u012bvo vielu pak\u0101penisku izdal\u012b\u0161anos l\u012bdz 48 stund\u0101m, sniedzot ilgsto\u0161u atbalstu un pal\u012bdzot \u0101dai izskat\u012bties svaig\u0101kai un elast\u012bg\u0101kai. Regul\u0101ras lieto\u0161anas laik\u0101 kakla un dekolt\u0113 \u0101da ieg\u016bst glud\u0101ku, stingr\u0101ku un vizu\u0101li atjaunotu izskatu.<\/p>\n<p data-start=\"878\" data-end=\"896\"><strong data-start=\"878\" data-end=\"896\">Tilpums: 59 ml<\/strong><\/p>\n","protected":false},"excerpt":{"rendered":"<p data-start=\"1112\" data-end=\"1132\">Liftinga kakla kr\u0113ms<\/p>\n<h2 data-start=\"1134\" data-end=\"1184\">\u012apa\u0161\u012bbas IMAGE Skincare &#8211; the MAX\u2122 Neck Lift<\/h2>\n<p data-start=\"1185\" data-end=\"1370\">\u2714\ufe0f Sniedz tvirt\u0101ku un elast\u012bg\u0101ku saj\u016btu<br data-start=\"1224\" data-end=\"1227\" \/>\u2714\ufe0f M\u012bkstina krunci\u0146u un l\u012bniju redzam\u012bbu<br data-start=\"1267\" data-end=\"1270\" \/>\u2714\ufe0f Gludina un vienm\u0113rina \u0101das virsmu<br data-start=\"1306\" data-end=\"1309\" \/>\u2714\ufe0f Atjauno kop\u0113jo izskatu<br data-start=\"1334\" data-end=\"1337\" \/>\u2714\ufe0f Uzlabo vizu\u0101lo kakla kont\u016bru<\/p>\n","protected":false},"featured_media":62267,"template":"","meta":[],"pwb-brand":[1134],"product_brand":[],"product_cat":[735,749],"product_tag":[],"giftcard-category":[],"class_list":{"0":"post-60049","1":"product","2":"type-product","3":"status-publish","4":"has-post-thumbnail","6":"pwb-brand-image-skincare","7":"product_cat-dekolte-zona","8":"product_cat-novecojosa-ada","10":"first","11":"instock","12":"sale","13":"taxable","14":"shipping-taxable","15":"purchasable","16":"product-type-simple"},"acf":[],"brands":[{"id":1134,"name":"Image Skincare","slug":"image-skincare"}],"_links":{"self":[{"href":"https:\/\/skinstudio.ee\/lv\/wp-json\/wp\/v2\/product\/60049","targetHints":{"allow":["GET"]}}],"collection":[{"href":"https:\/\/skinstudio.ee\/lv\/wp-json\/wp\/v2\/product"}],"about":[{"href":"https:\/\/skinstudio.ee\/lv\/wp-json\/wp\/v2\/types\/product"}],"version-history":[{"count":0,"href":"https:\/\/skinstudio.ee\/lv\/wp-json\/wp\/v2\/product\/60049\/revisions"}],"wp:featuredmedia":[{"embeddable":true,"href":"https:\/\/skinstudio.ee\/lv\/wp-json\/wp\/v2\/media\/62267"}],"wp:attachment":[{"href":"https:\/\/skinstudio.ee\/lv\/wp-json\/wp\/v2\/media?parent=60049"}],"wp:term":[{"taxonomy":"pwb-brand","embeddable":true,"href":"https:\/\/skinstudio.ee\/lv\/wp-json\/wp\/v2\/pwb-brand?post=60049"},{"taxonomy":"product_brand","embeddable":true,"href":"https:\/\/skinstudio.ee\/lv\/wp-json\/wp\/v2\/product_brand?post=60049"},{"taxonomy":"product_cat","embeddable":true,"href":"https:\/\/skinstudio.ee\/lv\/wp-json\/wp\/v2\/product_cat?post=60049"},{"taxonomy":"product_tag","embeddable":true,"href":"https:\/\/skinstudio.ee\/lv\/wp-json\/wp\/v2\/product_tag?post=60049"},{"taxonomy":"giftcard-category","embeddable":true,"href":"https:\/\/skinstudio.ee\/lv\/wp-json\/wp\/v2\/giftcard-category?post=60049"}],"curies":[{"name":"wp","href":"https:\/\/api.w.org\/{rel}","templated":true}]}}