{"id":60060,"date":"2024-05-28T09:51:47","date_gmt":"2024-05-28T09:51:47","guid":{"rendered":"https:\/\/skinstudio.ee\/?post_type=product&#038;p=60060"},"modified":"2025-12-29T09:56:30","modified_gmt":"2025-12-29T09:56:30","slug":"the-max-serum","status":"publish","type":"product","link":"https:\/\/skinstudio.ee\/lv\/catalog\/image-skincare\/the-max-serum\/","title":{"rendered":"the MAX\u2122 Serum"},"content":{"rendered":"<div class=\"woocommerce-product-details__short-description\">\n<p data-start=\"248\" data-end=\"627\">the MAX\u2122 Serum ir augstas veiktsp\u0113jas atjaunojo\u0161s serums, kas paredz\u0113ts dzi\u013cai \u0101das mitrin\u0101\u0161anai un vizu\u0101lai stingr\u012bbas un gluduma uzlabo\u0161anai. Koncentr\u0113t\u0101 formula ar augu cilmes \u0161\u016bnu ekstraktiem, multipep\u012bdu kompleksiem un \u0101du atbalsto\u0161\u0101m sast\u0101vda\u013c\u0101m pal\u012bdz \u0101dai izskat\u012bties svaig\u0101kai, glud\u0101kai un kopt\u0101kai. Viegl\u0101 tekst\u016bra \u0101tri ies\u016bcas, atst\u0101jot pat\u012bkamu, komfortablu saj\u016btu.<\/p>\n<p data-start=\"629\" data-end=\"891\">Vectorize Technology\u2122 nodro\u0161ina akt\u012bvo vielu pak\u0101penisku izdal\u012b\u0161anos l\u012bdz 48 stund\u0101m, sniedzot ilgsto\u0161u atbalstu un veicinot atjaunotu, jaunekl\u012bgu \u0101das izskatu. Serums pal\u012bdz mazin\u0101t m\u012bmikas l\u012bniju redzam\u012bbu, atbalsta elast\u012bbu un pie\u0161\u0137ir \u0101dai dabisku mirdzumu.<\/p>\n<p data-start=\"893\" data-end=\"1070\">the MAX\u2122 Serum ir ide\u0101li piem\u0113rots noguru\u0161ai, novecojo\u0161ai vai stres\u0101 eso\u0161ai \u0101dai, un t\u0101 maig\u0101 iedarb\u012bba uz m\u012bmikas zon\u0101m padara to piem\u0113rotu lieto\u0161anai ar\u012b p\u0113c Botox proced\u016br\u0101m.<\/p>\n<p data-start=\"1072\" data-end=\"1090\"><strong data-start=\"1072\" data-end=\"1090\">Tilpums: 30 ml<\/strong><\/p>\n<\/div>\n","protected":false},"excerpt":{"rendered":"<p data-start=\"1285\" data-end=\"1319\">Atjaunojo\u0161s pretnoveco\u0161an\u0101s serums<\/p>\n<h2 data-start=\"1321\" data-end=\"1367\">\u012apa\u0161\u012bbas IMAGE Skincare &#8211; the MAX\u2122 Serum<\/h2>\n<p data-start=\"1368\" data-end=\"1558\">\u2714\ufe0f Sniedz glud\u0101ku un tvirt\u0101ku izskatu<br data-start=\"1405\" data-end=\"1408\" \/>\u2714\ufe0f M\u012bkstina m\u012bmikas l\u012bniju redzam\u012bbu<br data-start=\"1444\" data-end=\"1447\" \/>\u2714\ufe0f Atjauno bl\u0101vu un noguru\u0161u \u0101du<br data-start=\"1479\" data-end=\"1482\" \/>\u2714\ufe0f Nostiprina stingr\u012bbas saj\u016btu<br data-start=\"1513\" data-end=\"1516\" \/>\u2714\ufe0f Pie\u0161\u0137ir vienm\u0113r\u012bg\u0101ku, kopt\u0101ku izskatu<\/p>\n","protected":false},"featured_media":62262,"template":"","meta":[],"pwb-brand":[1134],"product_brand":[],"product_cat":[749,723],"product_tag":[],"giftcard-category":[],"class_list":{"0":"post-60060","1":"product","2":"type-product","3":"status-publish","4":"has-post-thumbnail","6":"pwb-brand-image-skincare","7":"product_cat-novecojosa-ada","8":"product_cat-serumi","10":"first","11":"instock","12":"taxable","13":"shipping-taxable","14":"purchasable","15":"product-type-simple"},"acf":[],"brands":[{"id":1134,"name":"Image Skincare","slug":"image-skincare"}],"_links":{"self":[{"href":"https:\/\/skinstudio.ee\/lv\/wp-json\/wp\/v2\/product\/60060","targetHints":{"allow":["GET"]}}],"collection":[{"href":"https:\/\/skinstudio.ee\/lv\/wp-json\/wp\/v2\/product"}],"about":[{"href":"https:\/\/skinstudio.ee\/lv\/wp-json\/wp\/v2\/types\/product"}],"version-history":[{"count":0,"href":"https:\/\/skinstudio.ee\/lv\/wp-json\/wp\/v2\/product\/60060\/revisions"}],"wp:featuredmedia":[{"embeddable":true,"href":"https:\/\/skinstudio.ee\/lv\/wp-json\/wp\/v2\/media\/62262"}],"wp:attachment":[{"href":"https:\/\/skinstudio.ee\/lv\/wp-json\/wp\/v2\/media?parent=60060"}],"wp:term":[{"taxonomy":"pwb-brand","embeddable":true,"href":"https:\/\/skinstudio.ee\/lv\/wp-json\/wp\/v2\/pwb-brand?post=60060"},{"taxonomy":"product_brand","embeddable":true,"href":"https:\/\/skinstudio.ee\/lv\/wp-json\/wp\/v2\/product_brand?post=60060"},{"taxonomy":"product_cat","embeddable":true,"href":"https:\/\/skinstudio.ee\/lv\/wp-json\/wp\/v2\/product_cat?post=60060"},{"taxonomy":"product_tag","embeddable":true,"href":"https:\/\/skinstudio.ee\/lv\/wp-json\/wp\/v2\/product_tag?post=60060"},{"taxonomy":"giftcard-category","embeddable":true,"href":"https:\/\/skinstudio.ee\/lv\/wp-json\/wp\/v2\/giftcard-category?post=60060"}],"curies":[{"name":"wp","href":"https:\/\/api.w.org\/{rel}","templated":true}]}}