{"id":60069,"date":"2024-05-28T10:02:13","date_gmt":"2024-05-28T10:02:13","guid":{"rendered":"https:\/\/skinstudio.ee\/?post_type=product&#038;p=60069"},"modified":"2025-12-29T09:56:29","modified_gmt":"2025-12-29T09:56:29","slug":"the-max-creme","status":"publish","type":"product","link":"https:\/\/skinstudio.ee\/lv\/catalog\/image-skincare\/the-max-creme\/","title":{"rendered":"the MAX\u2122 Cr\u00e8me"},"content":{"rendered":"<p data-start=\"225\" data-end=\"604\">the MAX\u2122 Cr\u00e8me ir bag\u0101t\u012bgs atjaunojo\u0161s un liftinga nakts kr\u0113ms, kas izstr\u0101d\u0101ts noguru\u0161ai, novecojo\u0161ai un atjauno\u0161anas procesus zaud\u0113ju\u0161ai \u0101dai. Uzlabot\u0101 formula apvieno tr\u012bs pept\u012bdu veidus ar vieglu \u201cBotox-like\u201d efektu, \u010detras augu cilmes \u0161\u016bnu formas, sp\u0113c\u012bgus antioksidantus un atjaunojo\u0161us augu ekstraktus, kas pal\u012bdz \u0101dai izskat\u012bties glud\u0101kai, tvirt\u0101kai un atsvaidzin\u0101t\u0101kai.<\/p>\n<p data-start=\"606\" data-end=\"976\">Kr\u0113ms dzi\u013ci baro, pal\u012bdz atjaunot ekstracelul\u0101ro matricu un uzlabo \u0101das tekst\u016bru, samazinot bl\u0101vuma un sausuma iespaidu. Roksisomas un fotosomas pastiprina vizu\u0101lo atjauno\u0161an\u0101s efektu, kam\u0113r nomierino\u0161ie fitokomponenti sniedz papildu komfortu. Vectorize Technology\u2122 nodro\u0161ina akt\u012bvo vielu pak\u0101penisku izdal\u012b\u0161anos l\u012bdz pat 48 stund\u0101m, nodro\u0161inot ilgsto\u0161u nakts kop\u0161anu.<\/p>\n<p data-start=\"978\" data-end=\"1119\">Regul\u0101ras lieto\u0161anas laik\u0101 \u0101da k\u013c\u016bst maig\u0101ka, mitrin\u0101t\u0101ka un vizu\u0101li elast\u012bg\u0101ka, savuk\u0101rt tonis un virsma izskat\u0101s vienm\u0113r\u012bg\u0101ka un atjaunota.<\/p>\n<p data-start=\"1121\" data-end=\"1138\"><strong data-start=\"1121\" data-end=\"1138\">Tilpums: 48 g<\/strong><\/p>\n","protected":false},"excerpt":{"rendered":"<p data-start=\"1246\" data-end=\"1269\">Atjaunojo\u0161s nakts kr\u0113ms<\/p>\n<h2 data-start=\"1271\" data-end=\"1317\">\u012apa\u0161\u012bbas IMAGE Skincare &#8211; the MAX\u2122 Cr\u00e8me<\/h2>\n<p data-start=\"1318\" data-end=\"1507\">\u2714\ufe0f Sniedz glud\u0101ku, kopt\u0101ku izskatu<br data-start=\"1352\" data-end=\"1355\" \/>\u2714\ufe0f Pastiprina \u0101das tvirtuma saj\u016btu<br data-start=\"1389\" data-end=\"1392\" \/>\u2714\ufe0f M\u012bkstina smalko l\u012bniju redzam\u012bbu<br data-start=\"1427\" data-end=\"1430\" \/>\u2714\ufe0f Baro un atjauno komforta saj\u016btu<br data-start=\"1464\" data-end=\"1467\" \/>\u2714\ufe0f Padara \u0101du svaig\u0101ku un vienm\u0113r\u012bg\u0101ku<\/p>\n","protected":false},"featured_media":62277,"template":"","meta":[],"pwb-brand":[1134],"product_brand":[],"product_cat":[737,749],"product_tag":[],"giftcard-category":[],"class_list":{"0":"post-60069","1":"product","2":"type-product","3":"status-publish","4":"has-post-thumbnail","6":"pwb-brand-image-skincare","7":"product_cat-mitrinasana","8":"product_cat-novecojosa-ada","10":"first","11":"instock","12":"taxable","13":"shipping-taxable","14":"purchasable","15":"product-type-simple"},"acf":[],"brands":[{"id":1134,"name":"Image Skincare","slug":"image-skincare"}],"_links":{"self":[{"href":"https:\/\/skinstudio.ee\/lv\/wp-json\/wp\/v2\/product\/60069","targetHints":{"allow":["GET"]}}],"collection":[{"href":"https:\/\/skinstudio.ee\/lv\/wp-json\/wp\/v2\/product"}],"about":[{"href":"https:\/\/skinstudio.ee\/lv\/wp-json\/wp\/v2\/types\/product"}],"version-history":[{"count":0,"href":"https:\/\/skinstudio.ee\/lv\/wp-json\/wp\/v2\/product\/60069\/revisions"}],"wp:featuredmedia":[{"embeddable":true,"href":"https:\/\/skinstudio.ee\/lv\/wp-json\/wp\/v2\/media\/62277"}],"wp:attachment":[{"href":"https:\/\/skinstudio.ee\/lv\/wp-json\/wp\/v2\/media?parent=60069"}],"wp:term":[{"taxonomy":"pwb-brand","embeddable":true,"href":"https:\/\/skinstudio.ee\/lv\/wp-json\/wp\/v2\/pwb-brand?post=60069"},{"taxonomy":"product_brand","embeddable":true,"href":"https:\/\/skinstudio.ee\/lv\/wp-json\/wp\/v2\/product_brand?post=60069"},{"taxonomy":"product_cat","embeddable":true,"href":"https:\/\/skinstudio.ee\/lv\/wp-json\/wp\/v2\/product_cat?post=60069"},{"taxonomy":"product_tag","embeddable":true,"href":"https:\/\/skinstudio.ee\/lv\/wp-json\/wp\/v2\/product_tag?post=60069"},{"taxonomy":"giftcard-category","embeddable":true,"href":"https:\/\/skinstudio.ee\/lv\/wp-json\/wp\/v2\/giftcard-category?post=60069"}],"curies":[{"name":"wp","href":"https:\/\/api.w.org\/{rel}","templated":true}]}}