{"id":60080,"date":"2024-05-28T10:11:11","date_gmt":"2024-05-28T10:11:11","guid":{"rendered":"https:\/\/skinstudio.ee\/?post_type=product&#038;p=60080"},"modified":"2025-12-29T09:56:29","modified_gmt":"2025-12-29T09:56:29","slug":"the-max-eye-creme","status":"publish","type":"product","link":"https:\/\/skinstudio.ee\/lv\/catalog\/image-skincare\/the-max-eye-creme\/","title":{"rendered":"the MAX\u2122 Eye Cr\u00e8me"},"content":{"rendered":"<p data-start=\"264\" data-end=\"581\">the MAX\u2122 Eye Cr\u00e8me ir intens\u012bvi atjaunojo\u0161s acu kr\u0113ms, kas izstr\u0101d\u0101ts, lai mazin\u0101tu redzam\u0101s noveco\u0161an\u0101s paz\u012bmes jut\u012bgaj\u0101 acu zon\u0101. Uzlabot\u0101 formula ar augstu augu cilmes \u0161\u016bnu izcelsmes aug\u0161anas faktoru koncentr\u0101ciju un multipept\u012bdu kompleksu ar vieglu \u201cBotox-like\u201d efektu pal\u012bdz atbalst\u012bt \u0101das tvirtumu un gludumu.<\/p>\n<p data-start=\"583\" data-end=\"792\">Kr\u0113ms dzi\u013ci mitrina, pal\u012bdz samazin\u0101t smalko l\u012bniju un \u201cv\u0101rnu k\u0101ji\u0146u\u201d redzam\u012bbu, k\u0101 ar\u012b uzlabo noguru\u0161as \u0101das izskatu. Antioksidantiem bag\u0101tie augu ekstrakti mazina bl\u0101vumu un sniedz svaig\u0101ku, kopts izskatu.<\/p>\n<p data-start=\"794\" data-end=\"932\">Vectorize Technology\u2122 nodro\u0161ina akt\u012bvo vielu pak\u0101penisku izdal\u012b\u0161anos l\u012bdz 48 stund\u0101m, nodro\u0161inot ilgsto\u0161u \u0101das komfortu un r\u016bp\u012bgu kop\u0161anu.<\/p>\n<p data-start=\"934\" data-end=\"952\"><strong data-start=\"934\" data-end=\"952\">Tilpums: 15 ml<\/strong><\/p>\n","protected":false},"excerpt":{"rendered":"<p data-start=\"1105\" data-end=\"1126\">Atjaunojo\u0161s acu kr\u0113ms<\/p>\n<h2 data-start=\"1128\" data-end=\"1178\">\u012apa\u0161\u012bbas IMAGE Skincare &#8211; the MAX\u2122 Eye Cr\u00e8me<\/h2>\n<p data-start=\"1179\" data-end=\"1379\">\u2714\ufe0f Atsvaidzina acu zonas izskatu<br data-start=\"1211\" data-end=\"1214\" \/>\u2714\ufe0f M\u012bkstina \u201cv\u0101rnu k\u0101ji\u0146u\u201d redzam\u012bbu<br data-start=\"1250\" data-end=\"1253\" \/>\u2714\ufe0f Atbalsta tvirt\u0101ku un elast\u012bg\u0101ku saj\u016btu<br data-start=\"1294\" data-end=\"1297\" \/>\u2714\ufe0f Mazina bl\u0101vumu un noguruma paz\u012bmes<br data-start=\"1334\" data-end=\"1337\" \/>\u2714\ufe0f Nogludina un vienm\u0113rina acu zonas \u0101du<\/p>\n","protected":false},"featured_media":62272,"template":"","meta":[],"pwb-brand":[1134],"product_brand":[],"product_cat":[733,749],"product_tag":[],"giftcard-category":[],"class_list":{"0":"post-60080","1":"product","2":"type-product","3":"status-publish","4":"has-post-thumbnail","6":"pwb-brand-image-skincare","7":"product_cat-ada-ap-acim","8":"product_cat-novecojosa-ada","10":"first","11":"instock","12":"taxable","13":"shipping-taxable","14":"purchasable","15":"product-type-simple"},"acf":[],"brands":[{"id":1134,"name":"Image Skincare","slug":"image-skincare"}],"_links":{"self":[{"href":"https:\/\/skinstudio.ee\/lv\/wp-json\/wp\/v2\/product\/60080","targetHints":{"allow":["GET"]}}],"collection":[{"href":"https:\/\/skinstudio.ee\/lv\/wp-json\/wp\/v2\/product"}],"about":[{"href":"https:\/\/skinstudio.ee\/lv\/wp-json\/wp\/v2\/types\/product"}],"version-history":[{"count":0,"href":"https:\/\/skinstudio.ee\/lv\/wp-json\/wp\/v2\/product\/60080\/revisions"}],"wp:featuredmedia":[{"embeddable":true,"href":"https:\/\/skinstudio.ee\/lv\/wp-json\/wp\/v2\/media\/62272"}],"wp:attachment":[{"href":"https:\/\/skinstudio.ee\/lv\/wp-json\/wp\/v2\/media?parent=60080"}],"wp:term":[{"taxonomy":"pwb-brand","embeddable":true,"href":"https:\/\/skinstudio.ee\/lv\/wp-json\/wp\/v2\/pwb-brand?post=60080"},{"taxonomy":"product_brand","embeddable":true,"href":"https:\/\/skinstudio.ee\/lv\/wp-json\/wp\/v2\/product_brand?post=60080"},{"taxonomy":"product_cat","embeddable":true,"href":"https:\/\/skinstudio.ee\/lv\/wp-json\/wp\/v2\/product_cat?post=60080"},{"taxonomy":"product_tag","embeddable":true,"href":"https:\/\/skinstudio.ee\/lv\/wp-json\/wp\/v2\/product_tag?post=60080"},{"taxonomy":"giftcard-category","embeddable":true,"href":"https:\/\/skinstudio.ee\/lv\/wp-json\/wp\/v2\/giftcard-category?post=60080"}],"curies":[{"name":"wp","href":"https:\/\/api.w.org\/{rel}","templated":true}]}}