{"id":60099,"date":"2024-05-28T10:24:18","date_gmt":"2024-05-28T10:24:18","guid":{"rendered":"https:\/\/skinstudio.ee\/?post_type=product&#038;p=60099"},"modified":"2025-12-29T09:56:24","modified_gmt":"2025-12-29T09:56:24","slug":"age-defying-trial-kit","status":"publish","type":"product","link":"https:\/\/skinstudio.ee\/lv\/catalog\/image-skincare\/age-defying-trial-kit\/","title":{"rendered":"Age-Defying Trial Kit"},"content":{"rendered":"<p data-start=\"228\" data-end=\"544\">Age-Defying Trial Kit ir \u010detru minis izm\u0113ra produktu komplekts, kas izstr\u0101d\u0101ts \u0101dai ar izteikt\u0101m noveco\u0161an\u0101s paz\u012bm\u0113m, tvirtuma zudumu, bl\u0101vumu un nevienm\u0113r\u012bgu tekst\u016bru. Komplekt\u0101 ir iek\u013cauti popul\u0101rie the MAX un AGELESS s\u0113riju produkti, kas darbojas siner\u0123ij\u0101, lai uzlabotu \u0101das gludumu un atbalst\u012btu t\u0101s tvirtumu.<\/p>\n<p data-start=\"546\" data-end=\"908\">Akt\u012bv\u0101s formulas apvieno n\u0101kam\u0101s paaudzes pept\u012bdus, augu cilmes \u0161\u016bnu ekstraktus, glikolsk\u0101bi un atjaunojo\u0161us kompleksus, kas pal\u012bdz pie\u0161\u0137irt \u0101dai svaig\u0101ku toni, m\u012bkstin\u0101t virsmu un uzlabot kopto izskatu. Pateicoties \u0113rtajiem mini izm\u0113riem, komplekts ir ide\u0101ls ce\u013co\u0161anai, sporta somai vai k\u0101 pirmais iepaz\u012b\u0161an\u0101s komplekts ar IMAGE Skincare profesion\u0101lo kop\u0161anu.<\/p>\n<p data-start=\"910\" data-end=\"1006\">Regul\u0101ri lietojot, \u0101da k\u013c\u016bst vienm\u0113r\u012bg\u0101ka, mitrin\u0101t\u0101ka un vizu\u0101li svaig\u0101ka jau p\u0113c da\u017e\u0101m reiz\u0113m.<\/p>\n","protected":false},"excerpt":{"rendered":"<p data-start=\"1356\" data-end=\"1385\">Pretnoveco\u0161an\u0101s minikomplekts<\/p>\n<h2 data-start=\"1636\" data-end=\"1671\">Age-Defying Trial Kit ietver:<\/h2>\n<p data-start=\"1672\" data-end=\"1815\">\u2714\ufe0f THE MAX Facial Cleanser 7.4 ml<br data-start=\"1705\" data-end=\"1708\" \/>\u2714\ufe0f AGELESS Total Anti-Aging Serum 7.4 ml<br data-start=\"1748\" data-end=\"1751\" \/>\u2714\ufe0f AGELESS Total Resurfacing Masque 7 g<br data-start=\"1790\" data-end=\"1793\" \/>\u2714\ufe0f THE MAX Cr\u00e8me 7 g<\/p>\n","protected":false},"featured_media":62257,"template":"","meta":[],"pwb-brand":[1134],"product_brand":[],"product_cat":[755,753],"product_tag":[],"giftcard-category":[],"class_list":{"0":"post-60099","1":"product","2":"type-product","3":"status-publish","4":"has-post-thumbnail","6":"pwb-brand-image-skincare","7":"product_cat-komplekts","8":"product_cat-travel-size-lv","10":"first","11":"instock","12":"taxable","13":"shipping-taxable","14":"purchasable","15":"product-type-simple"},"acf":[],"brands":[{"id":1134,"name":"Image Skincare","slug":"image-skincare"}],"_links":{"self":[{"href":"https:\/\/skinstudio.ee\/lv\/wp-json\/wp\/v2\/product\/60099","targetHints":{"allow":["GET"]}}],"collection":[{"href":"https:\/\/skinstudio.ee\/lv\/wp-json\/wp\/v2\/product"}],"about":[{"href":"https:\/\/skinstudio.ee\/lv\/wp-json\/wp\/v2\/types\/product"}],"version-history":[{"count":0,"href":"https:\/\/skinstudio.ee\/lv\/wp-json\/wp\/v2\/product\/60099\/revisions"}],"wp:featuredmedia":[{"embeddable":true,"href":"https:\/\/skinstudio.ee\/lv\/wp-json\/wp\/v2\/media\/62257"}],"wp:attachment":[{"href":"https:\/\/skinstudio.ee\/lv\/wp-json\/wp\/v2\/media?parent=60099"}],"wp:term":[{"taxonomy":"pwb-brand","embeddable":true,"href":"https:\/\/skinstudio.ee\/lv\/wp-json\/wp\/v2\/pwb-brand?post=60099"},{"taxonomy":"product_brand","embeddable":true,"href":"https:\/\/skinstudio.ee\/lv\/wp-json\/wp\/v2\/product_brand?post=60099"},{"taxonomy":"product_cat","embeddable":true,"href":"https:\/\/skinstudio.ee\/lv\/wp-json\/wp\/v2\/product_cat?post=60099"},{"taxonomy":"product_tag","embeddable":true,"href":"https:\/\/skinstudio.ee\/lv\/wp-json\/wp\/v2\/product_tag?post=60099"},{"taxonomy":"giftcard-category","embeddable":true,"href":"https:\/\/skinstudio.ee\/lv\/wp-json\/wp\/v2\/giftcard-category?post=60099"}],"curies":[{"name":"wp","href":"https:\/\/api.w.org\/{rel}","templated":true}]}}