{"id":60111,"date":"2024-05-28T10:45:15","date_gmt":"2024-05-28T10:45:15","guid":{"rendered":"https:\/\/skinstudio.ee\/?post_type=product&#038;p=60111"},"modified":"2025-12-29T09:56:25","modified_gmt":"2025-12-29T09:56:25","slug":"ageless-total-resurfacing-masque","status":"publish","type":"product","link":"https:\/\/skinstudio.ee\/lv\/catalog\/image-skincare\/ageless-total-resurfacing-masque\/","title":{"rendered":"AGELESS Total Resurfacing Masque"},"content":{"rendered":"<p data-start=\"217\" data-end=\"594\">AGELESS Total Resurfacing Masque ir intens\u012bvi atjaunojo\u0161a AHA sk\u0101bju maska, kas paredz\u0113ta dzi\u013cai eksfoli\u0101cijai, \u0101das tekst\u016bras izl\u012bdzin\u0101\u0161anai un svaig\u0101ka, glud\u0101ka un mirdzo\u0161\u0101ka izskata ieg\u016b\u0161anai. Mikroeksfoli\u0113jo\u0161\u0101 formula apvieno gan \u0137\u012bmisko, gan meh\u0101nisko p\u012blingu, pal\u012bdzot m\u012bkstin\u0101t nel\u012bdzenumus, mazin\u0101t bl\u0101vumu un padar\u012bt \u0101du vienm\u0113r\u012bg\u0101ku jau p\u0113c da\u017e\u0101m lieto\u0161anas reiz\u0113m.<\/p>\n<p data-start=\"596\" data-end=\"889\">Maska efekt\u012bvi no\u0146em atmiru\u0161\u0101s \u0161\u016bnas, att\u012bra poras un uzlabo \u0101das toni, radot saj\u016btu k\u0101 p\u0113c viz\u012btes pie kosmetologa. T\u0101 ir piem\u0113rota noguru\u0161ai, nevienm\u0113r\u012bgai, bl\u0101vai un ar\u012b problem\u0101tiskai \u0101dai. Viegl\u0101 tekst\u016bra \u013cauj masku iemas\u0113t, lai pastiprin\u0101tu pul\u0113\u0161anas efektu un pan\u0101ktu maksim\u0101lu gludumu.<\/p>\n<p data-start=\"891\" data-end=\"908\"><strong data-start=\"891\" data-end=\"908\">Tilpums: 57 g<\/strong><\/p>\n","protected":false},"excerpt":{"rendered":"<p data-start=\"1126\" data-end=\"1138\">Kooriv maska<\/p>\n<h2 data-start=\"1140\" data-end=\"1204\">\u012apa\u0161\u012bbas IMAGE Skincare &#8211; AGELESS Total Resurfacing Masque<\/h2>\n<p data-start=\"1205\" data-end=\"1401\">\u2714\ufe0f Uzlabo \u0101das gludumu un maigumu<br data-start=\"1238\" data-end=\"1241\" \/>\u2714\ufe0f Veicina vienm\u0113r\u012bg\u0101ku toni<br data-start=\"1269\" data-end=\"1272\" \/>\u2714\ufe0f Att\u012bra un atsvaidzina poru izskatu<br data-start=\"1309\" data-end=\"1312\" \/>\u2714\ufe0f Pie\u0161\u0137ir kopt\u0101ku un viendab\u012bg\u0101ku virsmu<br data-start=\"1353\" data-end=\"1356\" \/>\u2714\ufe0f Atjauno svaig\u0101ku un gai\u0161\u0101ku \u0101das izskatu<\/p>\n","protected":false},"featured_media":62615,"template":"","meta":[],"pwb-brand":[1134],"product_brand":[],"product_cat":[725,749,743,751,719,747],"product_tag":[],"giftcard-category":[],"class_list":{"0":"post-60111","1":"product","2":"type-product","3":"status-publish","4":"has-post-thumbnail","6":"pwb-brand-image-skincare","7":"product_cat-maskas","8":"product_cat-novecojosa-ada","9":"product_cat-paplasinatas-poras","10":"product_cat-pigmentacija-lv","11":"product_cat-skrubji-un-pilingi","12":"product_cat-taukainai-adai","14":"first","15":"instock","16":"taxable","17":"shipping-taxable","18":"purchasable","19":"product-type-simple"},"acf":[],"brands":[{"id":1134,"name":"Image Skincare","slug":"image-skincare"}],"_links":{"self":[{"href":"https:\/\/skinstudio.ee\/lv\/wp-json\/wp\/v2\/product\/60111","targetHints":{"allow":["GET"]}}],"collection":[{"href":"https:\/\/skinstudio.ee\/lv\/wp-json\/wp\/v2\/product"}],"about":[{"href":"https:\/\/skinstudio.ee\/lv\/wp-json\/wp\/v2\/types\/product"}],"version-history":[{"count":0,"href":"https:\/\/skinstudio.ee\/lv\/wp-json\/wp\/v2\/product\/60111\/revisions"}],"wp:featuredmedia":[{"embeddable":true,"href":"https:\/\/skinstudio.ee\/lv\/wp-json\/wp\/v2\/media\/62615"}],"wp:attachment":[{"href":"https:\/\/skinstudio.ee\/lv\/wp-json\/wp\/v2\/media?parent=60111"}],"wp:term":[{"taxonomy":"pwb-brand","embeddable":true,"href":"https:\/\/skinstudio.ee\/lv\/wp-json\/wp\/v2\/pwb-brand?post=60111"},{"taxonomy":"product_brand","embeddable":true,"href":"https:\/\/skinstudio.ee\/lv\/wp-json\/wp\/v2\/product_brand?post=60111"},{"taxonomy":"product_cat","embeddable":true,"href":"https:\/\/skinstudio.ee\/lv\/wp-json\/wp\/v2\/product_cat?post=60111"},{"taxonomy":"product_tag","embeddable":true,"href":"https:\/\/skinstudio.ee\/lv\/wp-json\/wp\/v2\/product_tag?post=60111"},{"taxonomy":"giftcard-category","embeddable":true,"href":"https:\/\/skinstudio.ee\/lv\/wp-json\/wp\/v2\/giftcard-category?post=60111"}],"curies":[{"name":"wp","href":"https:\/\/api.w.org\/{rel}","templated":true}]}}