{"id":60120,"date":"2024-05-28T10:59:11","date_gmt":"2024-05-28T10:59:11","guid":{"rendered":"https:\/\/skinstudio.ee\/?post_type=product&#038;p=60120"},"modified":"2025-12-29T09:56:25","modified_gmt":"2025-12-29T09:56:25","slug":"ageless-total-pure-hyaluronic-filler","status":"publish","type":"product","link":"https:\/\/skinstudio.ee\/lv\/catalog\/image-skincare\/ageless-total-pure-hyaluronic-filler\/","title":{"rendered":"AGELESS Total Pure Hyaluronic Filler"},"content":{"rendered":"<p data-start=\"226\" data-end=\"611\">AGELESS Total Pure Hyaluronic Filler ir n\u0101kam\u0101s paaudzes koncentr\u0113ts hialuronsk\u0101bes serums, kas paredz\u0113ts dzi\u013cai \u0101das mitrin\u0101\u0161anai un gluduma atjauno\u0161anai. Formula satur se\u0161as zemas un augstas molekulmasas hialuronsk\u0101bes formas, kas darbojas da\u017e\u0101dos \u0101das sl\u0101\u0146os, nodro\u0161inot \u0101tru, past\u0101v\u012bgu un ilgsto\u0161u mitrin\u0101\u0161anas efektu. Apels\u012bnu un apriko\u017eu e\u013c\u013cas pie\u0161\u0137ir \u0101dai maigumu un komfortu.<\/p>\n<p data-start=\"613\" data-end=\"943\">Serums pal\u012bdz atjaunot mitruma l\u012bmeni, samazin\u0101t sausuma un savilkuma saj\u016btu, k\u0101 ar\u012b uzlabo \u0101das kop\u0113jo svaigumu. Regul\u0101ras lieto\u0161anas laik\u0101 \u0101da k\u013c\u016bst glud\u0101ka, elast\u012bg\u0101ka un mirdzo\u0161\u0101ka. Piem\u0113rots sausai, jut\u012bgai, aps\u0101rtuma tendencei pak\u013cautai \u0101dai, k\u0101 ar\u012b taukainai un kombin\u0113tai \u0101dai, kas prasa mitrin\u0101\u0161anu bez smaguma saj\u016btas.<\/p>\n<p data-start=\"945\" data-end=\"1109\">Serums lieliski iek\u013caujas jebkur\u0101 ikdienas rut\u012bn\u0101 &#8211; to var lietot atsevi\u0161\u0137i, zem kr\u0113ma vai sajaukt ar jebkuru IMAGE Skincare produktu, lai pastiprin\u0101tu mitrin\u0101\u0161anu.<\/p>\n<p data-start=\"1111\" data-end=\"1129\"><strong data-start=\"1111\" data-end=\"1129\">Tilpums: 30 ml<\/strong><\/p>\n","protected":false},"excerpt":{"rendered":"<p data-start=\"1452\" data-end=\"1483\">Mitrino\u0161s hialuronsk\u0101bes serums<\/p>\n<h2 data-start=\"1485\" data-end=\"1553\">\u012apa\u0161\u012bbas IMAGE Skincare &#8211; AGELESS Total Pure Hyaluronic Filler<\/h2>\n<p data-start=\"1554\" data-end=\"1749\">\u2714\ufe0f Nodro\u0161ina dzi\u013cu un ilgsto\u0161u mitrin\u0101\u0161anu<br data-start=\"1596\" data-end=\"1599\" \/>\u2714\ufe0f Padara \u0101du glud\u0101ku un maig\u0101ku<br data-start=\"1631\" data-end=\"1634\" \/>\u2714\ufe0f Mazina sausuma un savilkuma saj\u016btu<br data-start=\"1671\" data-end=\"1674\" \/>\u2714\ufe0f M\u012bkstina smalko l\u012bniju redzam\u012bbu<br data-start=\"1709\" data-end=\"1712\" \/>\u2714\ufe0f Uzlabo \u0101das komfortu un svaigumu<\/p>\n","protected":false},"featured_media":62237,"template":"","meta":[],"pwb-brand":[1134],"product_brand":[],"product_cat":[745,737,739,723,747],"product_tag":[],"giftcard-category":[],"class_list":{"0":"post-60120","1":"product","2":"type-product","3":"status-publish","4":"has-post-thumbnail","6":"pwb-brand-image-skincare","7":"product_cat-jutiga-ada","8":"product_cat-mitrinasana","9":"product_cat-sausa-ada","10":"product_cat-serumi","11":"product_cat-taukaina-ada","13":"first","14":"instock","15":"sale","16":"taxable","17":"shipping-taxable","18":"purchasable","19":"product-type-simple"},"acf":[],"brands":[{"id":1134,"name":"Image Skincare","slug":"image-skincare"}],"_links":{"self":[{"href":"https:\/\/skinstudio.ee\/lv\/wp-json\/wp\/v2\/product\/60120","targetHints":{"allow":["GET"]}}],"collection":[{"href":"https:\/\/skinstudio.ee\/lv\/wp-json\/wp\/v2\/product"}],"about":[{"href":"https:\/\/skinstudio.ee\/lv\/wp-json\/wp\/v2\/types\/product"}],"version-history":[{"count":0,"href":"https:\/\/skinstudio.ee\/lv\/wp-json\/wp\/v2\/product\/60120\/revisions"}],"wp:featuredmedia":[{"embeddable":true,"href":"https:\/\/skinstudio.ee\/lv\/wp-json\/wp\/v2\/media\/62237"}],"wp:attachment":[{"href":"https:\/\/skinstudio.ee\/lv\/wp-json\/wp\/v2\/media?parent=60120"}],"wp:term":[{"taxonomy":"pwb-brand","embeddable":true,"href":"https:\/\/skinstudio.ee\/lv\/wp-json\/wp\/v2\/pwb-brand?post=60120"},{"taxonomy":"product_brand","embeddable":true,"href":"https:\/\/skinstudio.ee\/lv\/wp-json\/wp\/v2\/product_brand?post=60120"},{"taxonomy":"product_cat","embeddable":true,"href":"https:\/\/skinstudio.ee\/lv\/wp-json\/wp\/v2\/product_cat?post=60120"},{"taxonomy":"product_tag","embeddable":true,"href":"https:\/\/skinstudio.ee\/lv\/wp-json\/wp\/v2\/product_tag?post=60120"},{"taxonomy":"giftcard-category","embeddable":true,"href":"https:\/\/skinstudio.ee\/lv\/wp-json\/wp\/v2\/giftcard-category?post=60120"}],"curies":[{"name":"wp","href":"https:\/\/api.w.org\/{rel}","templated":true}]}}