{"id":60131,"date":"2024-05-28T11:17:44","date_gmt":"2024-05-28T11:17:44","guid":{"rendered":"https:\/\/skinstudio.ee\/?post_type=product&#038;p=60131"},"modified":"2025-12-29T09:56:24","modified_gmt":"2025-12-29T09:56:24","slug":"ageless-total-eye-lift-creme","status":"publish","type":"product","link":"https:\/\/skinstudio.ee\/lv\/catalog\/image-skincare\/ageless-total-eye-lift-creme\/","title":{"rendered":"AGELESS Total Eye Lift Cr\u00e8me"},"content":{"rendered":"<p data-start=\"234\" data-end=\"595\">AGELESS Total Eye Lift Cr\u00e8me ir liftinga nakts kr\u0113ms acu zonai, kas izstr\u0101d\u0101ts, lai samazin\u0101tu grumbi\u0146u redzam\u012bbu, uzlabotu \u0101das tvirtumu un mazin\u0101tu noguruma paz\u012bmes. Formula apvieno retinolu, augu cilmes \u0161\u016bnu ekstraktus un nomierino\u0161us augu komponentus \u2013 kumel\u012btes, za\u013co t\u0113ju un ehin\u0101ciju \u2013, kas pal\u012bdz acu zonai izskat\u012bties glud\u0101kai, svaig\u0101kai un kopt\u0101kai.<\/p>\n<p data-start=\"597\" data-end=\"894\">Retinols veicina \u0101das atjauno\u0161anos, padarot pl\u0101no acu zonas \u0101du stipr\u0101ku un mazinot smalk\u0101s l\u012bnijas. Nomierino\u0161ie ekstrakti mazina sausuma un noguruma saj\u016btu, savuk\u0101rt antioksidanti pal\u012bdz uztur\u0113t komfortu un kopto izskatu. Regul\u0101ri lietojot, acu zona k\u013c\u016bst gai\u0161\u0101ka, glud\u0101ka un vizu\u0101li atp\u016btusies.<\/p>\n<p data-start=\"896\" data-end=\"914\"><strong data-start=\"896\" data-end=\"914\">Tilpums: 15 ml<\/strong><\/p>\n","protected":false},"excerpt":{"rendered":"<p data-start=\"1142\" data-end=\"1160\">Liftinga acu kr\u0113ms<\/p>\n<h2 data-start=\"1162\" data-end=\"1222\">\u012apa\u0161\u012bbas IMAGE Skincare &#8211; AGELESS Total Eye Lift Cr\u00e8me<\/h2>\n<p data-start=\"1223\" data-end=\"1427\">\u2714\ufe0f Atbalsta svaig\u0101ku un atp\u016btusies izskatu<br data-start=\"1265\" data-end=\"1268\" \/>\u2714\ufe0f M\u012bkstina smalko l\u012bniju redzam\u012bbu<br data-start=\"1303\" data-end=\"1306\" \/>\u2714\ufe0f Pal\u012bdz samazin\u0101t noguruma paz\u012bmes<br data-start=\"1342\" data-end=\"1345\" \/>\u2714\ufe0f Nogludina un uzlabo acu zonas \u0101du<br data-start=\"1381\" data-end=\"1384\" \/>\u2714\ufe0f Atbalsta tvirt\u0101ku un toniz\u0113t\u0101ku saj\u016btu<\/p>\n","protected":false},"featured_media":62232,"template":"","meta":[],"pwb-brand":[1134],"product_brand":[],"product_cat":[727,733,749],"product_tag":[],"giftcard-category":[],"class_list":{"0":"post-60131","1":"product","2":"type-product","3":"status-publish","4":"has-post-thumbnail","6":"pwb-brand-image-skincare","7":"product_cat-a-vitamins-retinols","8":"product_cat-ada-ap-acim","9":"product_cat-novecojosa-ada","11":"first","12":"instock","13":"taxable","14":"shipping-taxable","15":"purchasable","16":"product-type-simple"},"acf":[],"brands":[{"id":1134,"name":"Image Skincare","slug":"image-skincare"}],"_links":{"self":[{"href":"https:\/\/skinstudio.ee\/lv\/wp-json\/wp\/v2\/product\/60131","targetHints":{"allow":["GET"]}}],"collection":[{"href":"https:\/\/skinstudio.ee\/lv\/wp-json\/wp\/v2\/product"}],"about":[{"href":"https:\/\/skinstudio.ee\/lv\/wp-json\/wp\/v2\/types\/product"}],"version-history":[{"count":0,"href":"https:\/\/skinstudio.ee\/lv\/wp-json\/wp\/v2\/product\/60131\/revisions"}],"wp:featuredmedia":[{"embeddable":true,"href":"https:\/\/skinstudio.ee\/lv\/wp-json\/wp\/v2\/media\/62232"}],"wp:attachment":[{"href":"https:\/\/skinstudio.ee\/lv\/wp-json\/wp\/v2\/media?parent=60131"}],"wp:term":[{"taxonomy":"pwb-brand","embeddable":true,"href":"https:\/\/skinstudio.ee\/lv\/wp-json\/wp\/v2\/pwb-brand?post=60131"},{"taxonomy":"product_brand","embeddable":true,"href":"https:\/\/skinstudio.ee\/lv\/wp-json\/wp\/v2\/product_brand?post=60131"},{"taxonomy":"product_cat","embeddable":true,"href":"https:\/\/skinstudio.ee\/lv\/wp-json\/wp\/v2\/product_cat?post=60131"},{"taxonomy":"product_tag","embeddable":true,"href":"https:\/\/skinstudio.ee\/lv\/wp-json\/wp\/v2\/product_tag?post=60131"},{"taxonomy":"giftcard-category","embeddable":true,"href":"https:\/\/skinstudio.ee\/lv\/wp-json\/wp\/v2\/giftcard-category?post=60131"}],"curies":[{"name":"wp","href":"https:\/\/api.w.org\/{rel}","templated":true}]}}