{"id":60143,"date":"2024-05-28T14:52:43","date_gmt":"2024-05-28T14:52:43","guid":{"rendered":"https:\/\/skinstudio.ee\/?post_type=product&#038;p=60143"},"modified":"2025-12-29T09:56:24","modified_gmt":"2025-12-29T09:56:24","slug":"ageless-total-anti-aging-serum","status":"publish","type":"product","link":"https:\/\/skinstudio.ee\/lv\/catalog\/image-skincare\/ageless-total-anti-aging-serum\/","title":{"rendered":"AGELESS Total Anti-aging Serum"},"content":{"rendered":"<p data-start=\"217\" data-end=\"538\">AGELESS Total Anti-Aging Serum ir vieglas konsistences atjaunojo\u0161s serums nobriedu\u0161ai, noguru\u0161ai un bl\u0101vai \u0101dai. Tas \u0101tri ies\u016bcas, pal\u012bdz mazin\u0101t sausumu, uzlabo \u0101das gludumu un pie\u0161\u0137ir svaig\u0101ku, vesel\u012bg\u0101ku izskatu. Formula pal\u012bdz pasarg\u0101t \u0101du no oksidat\u012bv\u0101 stresa, atbalsta vienm\u0113r\u012bg\u0101ku toni un uzlabo \u0101das vitalit\u0101ti.<\/p>\n<p data-start=\"540\" data-end=\"726\">Aug\u013cu sk\u0101bes, antioksidanti un stiprino\u0161as sast\u0101vda\u013cas pal\u012bdz kori\u0123\u0113t \u0101das virsmu un atjaunot koptu, svaigu izskatu. Regul\u0101ri lietojot, \u0101da k\u013c\u016bst komfortabl\u0101ka, mitrin\u0101t\u0101ka un glud\u0101ka.<\/p>\n<p data-start=\"728\" data-end=\"858\">Vectorize Technology\u2122 nodro\u0161ina akt\u012bvo vielu pak\u0101penisku izdal\u012b\u0161anos l\u012bdz 48 stund\u0101m, ilgsto\u0161i saglab\u0101jot \u0101das mitrumu un maigumu.<\/p>\n<p data-start=\"860\" data-end=\"878\"><strong data-start=\"860\" data-end=\"878\">Tilpums: 50 ml<\/strong><\/p>\n","protected":false},"excerpt":{"rendered":"<p data-start=\"1127\" data-end=\"1145\">Atjaunojo\u0161s serums<\/p>\n<h2 data-start=\"1147\" data-end=\"1209\">\u012apa\u0161\u012bbas IMAGE Skincare &#8211; AGELESS Total Anti-Aging Serum<\/h2>\n<p data-start=\"1210\" data-end=\"1383\">\u2714\ufe0f Uzlabo \u0101das gludumu un vienm\u0113r\u012bgumu<br data-start=\"1248\" data-end=\"1251\" \/>\u2714\ufe0f Pastiprina mitruma saj\u016btu<br data-start=\"1279\" data-end=\"1282\" \/>\u2714\ufe0f Mazina bl\u0101vumu un noguruma paz\u012bmes<br data-start=\"1319\" data-end=\"1322\" \/>\u2714\ufe0f Atsvaidzina \u0101das toni<br data-start=\"1346\" data-end=\"1349\" \/>\u2714\ufe0f Padara \u0101du maig\u0101ku un kopt\u0101ku<\/p>\n","protected":false},"featured_media":62227,"template":"","meta":[],"pwb-brand":[1134],"product_brand":[],"product_cat":[749,723],"product_tag":[],"giftcard-category":[],"class_list":{"0":"post-60143","1":"product","2":"type-product","3":"status-publish","4":"has-post-thumbnail","6":"pwb-brand-image-skincare","7":"product_cat-novecojosa-ada","8":"product_cat-serumi","10":"first","11":"instock","12":"taxable","13":"shipping-taxable","14":"purchasable","15":"product-type-simple"},"acf":[],"brands":[{"id":1134,"name":"Image Skincare","slug":"image-skincare"}],"_links":{"self":[{"href":"https:\/\/skinstudio.ee\/lv\/wp-json\/wp\/v2\/product\/60143","targetHints":{"allow":["GET"]}}],"collection":[{"href":"https:\/\/skinstudio.ee\/lv\/wp-json\/wp\/v2\/product"}],"about":[{"href":"https:\/\/skinstudio.ee\/lv\/wp-json\/wp\/v2\/types\/product"}],"version-history":[{"count":0,"href":"https:\/\/skinstudio.ee\/lv\/wp-json\/wp\/v2\/product\/60143\/revisions"}],"wp:featuredmedia":[{"embeddable":true,"href":"https:\/\/skinstudio.ee\/lv\/wp-json\/wp\/v2\/media\/62227"}],"wp:attachment":[{"href":"https:\/\/skinstudio.ee\/lv\/wp-json\/wp\/v2\/media?parent=60143"}],"wp:term":[{"taxonomy":"pwb-brand","embeddable":true,"href":"https:\/\/skinstudio.ee\/lv\/wp-json\/wp\/v2\/pwb-brand?post=60143"},{"taxonomy":"product_brand","embeddable":true,"href":"https:\/\/skinstudio.ee\/lv\/wp-json\/wp\/v2\/product_brand?post=60143"},{"taxonomy":"product_cat","embeddable":true,"href":"https:\/\/skinstudio.ee\/lv\/wp-json\/wp\/v2\/product_cat?post=60143"},{"taxonomy":"product_tag","embeddable":true,"href":"https:\/\/skinstudio.ee\/lv\/wp-json\/wp\/v2\/product_tag?post=60143"},{"taxonomy":"giftcard-category","embeddable":true,"href":"https:\/\/skinstudio.ee\/lv\/wp-json\/wp\/v2\/giftcard-category?post=60143"}],"curies":[{"name":"wp","href":"https:\/\/api.w.org\/{rel}","templated":true}]}}