{"id":60176,"date":"2024-06-03T13:15:16","date_gmt":"2024-06-03T13:15:16","guid":{"rendered":"https:\/\/skinstudio.ee\/?post_type=product&#038;p=60176"},"modified":"2025-12-29T09:56:28","modified_gmt":"2025-12-29T09:56:28","slug":"image-md-restoring-youth-serum","status":"publish","type":"product","link":"https:\/\/skinstudio.ee\/lv\/catalog\/image-skincare\/image-md-restoring-youth-serum\/","title":{"rendered":"MD Restoring Youth Serum"},"content":{"rendered":"<div class=\"woocommerce-product-details__short-description\">\n<p data-start=\"249\" data-end=\"533\">IMAGE MD Restoring Youth Serum ir augstas efektivit\u0101tes ikdienas atjaunojo\u0161s serums, kas pal\u012bdz atjaunot \u0101das elast\u012bbu, mirdzumu un gludumu. T\u0101 maig\u0101, viegl\u0101 tekst\u016bra \u0101tri ies\u016bcas, atjaunojot noguru\u0161as, bl\u0101vas un novecojo\u0161as \u0101das izskatu un pie\u0161\u0137irot vienm\u0113r\u012bg\u0101ku, stingr\u0101ku efektu.<\/p>\n<p data-start=\"535\" data-end=\"783\">Formula apvieno n\u0101kam\u0101s paaudzes pept\u012bdus, augu cilmes \u0161\u016bnas un stabiliz\u0113tu C vitam\u012bnu, kuri veicina kolag\u0113na atbalstu, uzlabo \u0101das elast\u012bbu un pal\u012bdz mazin\u0101t grumbi\u0146u redzam\u012bbu. Regul\u0101ri lietojot, \u0101da k\u013c\u016bst stingr\u0101ka, gai\u0161\u0101ka un vizu\u0101li kopt\u0101ka.<\/p>\n<p data-start=\"785\" data-end=\"941\">IMAGE Skincare ekskluz\u012bv\u0101 pieg\u0101des tehnolo\u0123ija nodro\u0161ina akt\u012bvo sast\u0101vda\u013cu efekt\u012bv\u0101ku iek\u013c\u016b\u0161anu dzi\u013c\u0101kajos \u0101das sl\u0101\u0146os, pastiprinot seruma kop\u0113jo iedarb\u012bbu.<\/p>\n<p data-start=\"943\" data-end=\"961\"><strong data-start=\"943\" data-end=\"961\">Tilpums: 30 ml<\/strong><\/p>\n<\/div>\n","protected":false},"excerpt":{"rendered":"<p data-start=\"1122\" data-end=\"1155\">Atjaunojo\u0161s un atjaunino\u0161s serums<\/p>\n<h2 data-start=\"1157\" data-end=\"1219\">\u012apa\u0161\u012bbas IMAGE Skincare &#8211; IMAGE MD Restoring Youth Serum<\/h2>\n<p data-start=\"1220\" data-end=\"1427\">\u2714\ufe0f Padara \u0101du glud\u0101ku un stingr\u0101ku<br data-start=\"1254\" data-end=\"1257\" \/>\u2714\ufe0f Mazina smalk\u0101s l\u012bnijas un noveco\u0161an\u0101s paz\u012bmes<br data-start=\"1305\" data-end=\"1308\" \/>\u2714\ufe0f Uzlabo elast\u012bbas un bl\u012bvuma saj\u016btu<br data-start=\"1345\" data-end=\"1348\" \/>\u2714\ufe0f Atjauno un izl\u012bdzina \u0101das toni<br data-start=\"1381\" data-end=\"1384\" \/>\u2714\ufe0f Pept\u012bdu komplekss uzlabo \u0101das tekst\u016bru<\/p>\n","protected":false},"featured_media":62197,"template":"","meta":[],"pwb-brand":[1134],"product_brand":[],"product_cat":[749,723],"product_tag":[],"giftcard-category":[],"class_list":{"0":"post-60176","1":"product","2":"type-product","3":"status-publish","4":"has-post-thumbnail","6":"pwb-brand-image-skincare","7":"product_cat-novecojosa-ada","8":"product_cat-serumi","10":"first","11":"instock","12":"taxable","13":"shipping-taxable","14":"purchasable","15":"product-type-simple"},"acf":[],"brands":[{"id":1134,"name":"Image Skincare","slug":"image-skincare"}],"_links":{"self":[{"href":"https:\/\/skinstudio.ee\/lv\/wp-json\/wp\/v2\/product\/60176","targetHints":{"allow":["GET"]}}],"collection":[{"href":"https:\/\/skinstudio.ee\/lv\/wp-json\/wp\/v2\/product"}],"about":[{"href":"https:\/\/skinstudio.ee\/lv\/wp-json\/wp\/v2\/types\/product"}],"version-history":[{"count":0,"href":"https:\/\/skinstudio.ee\/lv\/wp-json\/wp\/v2\/product\/60176\/revisions"}],"wp:featuredmedia":[{"embeddable":true,"href":"https:\/\/skinstudio.ee\/lv\/wp-json\/wp\/v2\/media\/62197"}],"wp:attachment":[{"href":"https:\/\/skinstudio.ee\/lv\/wp-json\/wp\/v2\/media?parent=60176"}],"wp:term":[{"taxonomy":"pwb-brand","embeddable":true,"href":"https:\/\/skinstudio.ee\/lv\/wp-json\/wp\/v2\/pwb-brand?post=60176"},{"taxonomy":"product_brand","embeddable":true,"href":"https:\/\/skinstudio.ee\/lv\/wp-json\/wp\/v2\/product_brand?post=60176"},{"taxonomy":"product_cat","embeddable":true,"href":"https:\/\/skinstudio.ee\/lv\/wp-json\/wp\/v2\/product_cat?post=60176"},{"taxonomy":"product_tag","embeddable":true,"href":"https:\/\/skinstudio.ee\/lv\/wp-json\/wp\/v2\/product_tag?post=60176"},{"taxonomy":"giftcard-category","embeddable":true,"href":"https:\/\/skinstudio.ee\/lv\/wp-json\/wp\/v2\/giftcard-category?post=60176"}],"curies":[{"name":"wp","href":"https:\/\/api.w.org\/{rel}","templated":true}]}}