{"id":60189,"date":"2024-06-03T13:29:16","date_gmt":"2024-06-03T13:29:16","guid":{"rendered":"https:\/\/skinstudio.ee\/?post_type=product&#038;p=60189"},"modified":"2025-12-29T09:56:28","modified_gmt":"2025-12-29T09:56:28","slug":"image-md-restoring-eye-masks","status":"publish","type":"product","link":"https:\/\/skinstudio.ee\/lv\/catalog\/image-skincare\/image-md-restoring-eye-masks\/","title":{"rendered":"MD\u00ae Restoring Eye Masks"},"content":{"rendered":"<p data-start=\"243\" data-end=\"481\">IMAGE MD\u00ae Restoring Eye Masks ir intens\u012bvas, nomierino\u0161as un mitrino\u0161as hidrogelu acu maskas, kas paredz\u0113tas jut\u012bgajai \u0101dai ap ac\u012bm. T\u0101s pal\u012bdz mazin\u0101t noguruma paz\u012bmes, uzlabot \u0101das tvirtumu un pie\u0161\u0137irt svaig\u0101ku, glud\u0101ku kop\u0113jo izskatu.<\/p>\n<p data-start=\"483\" data-end=\"773\">Sast\u0101v\u0101 eso\u0161ais alvejas ekstrakts un kofe\u012bns atmodina \u0101du un pal\u012bdz mazin\u0101t piet\u016bkuma saj\u016btu, savuk\u0101rt antioksidanti un pept\u012bdi atbalsta \u0101das barjeru un samazina smalko krunci\u0146u redzam\u012bbu. Tr\u012bsk\u0101r\u0161s hialuronsk\u0101bes komplekss nodro\u0161ina intens\u012bvu mitrin\u0101\u0161anu, padarot \u0101du maig\u0101ku un kopt\u0101ku.<\/p>\n<p data-start=\"775\" data-end=\"997\">Maskas stingri turas sav\u0101 viet\u0101 un nesl\u012bd, \u013caujot turpin\u0101t ikdienas gaitas to iedarb\u012bbas laik\u0101. Lieliski piem\u0113rotas lieto\u0161anai no r\u012bta, lai atsvaidzin\u0101tu acu zonu, vai pirms svar\u012bga pas\u0101kuma \u0101trai, atsvaidzino\u0161ai kop\u0161anai.<\/p>\n<p data-start=\"999\" data-end=\"1019\"><strong data-start=\"999\" data-end=\"1019\">Tilpums: 22 p\u0101ri<\/strong><\/p>\n","protected":false},"excerpt":{"rendered":"<p data-start=\"1266\" data-end=\"1299\">Nomierino\u0161as hidrogelu acu maskas<\/p>\n<h2 data-start=\"1301\" data-end=\"1361\">\u012apa\u0161\u012bbas IMAGE Skincare &#8211; IMAGE MD\u00ae Restoring Eye Masks<\/h2>\n<p data-start=\"1362\" data-end=\"1547\">\u2714\ufe0f Atsvaidzina un mazina noguruma paz\u012bmes<br data-start=\"1403\" data-end=\"1406\" \/>\u2714\ufe0f Uzlabo \u0101das mitrin\u0101\u0161anu un maigumu<br data-start=\"1443\" data-end=\"1446\" \/>\u2714\ufe0f Samazina smalko l\u012bniju redzam\u012bbu<br data-start=\"1481\" data-end=\"1484\" \/>\u2714\ufe0f Mazina piet\u016bkuma saj\u016btu<br data-start=\"1510\" data-end=\"1513\" \/>\u2714\ufe0f Atst\u0101j \u0101du glud\u0101ku un kopt\u0101ku<\/p>\n","protected":false},"featured_media":62192,"template":"","meta":[],"pwb-brand":[1134],"product_brand":[],"product_cat":[733],"product_tag":[],"giftcard-category":[],"class_list":{"0":"post-60189","1":"product","2":"type-product","3":"status-publish","4":"has-post-thumbnail","6":"pwb-brand-image-skincare","7":"product_cat-ada-ap-acim","9":"first","10":"instock","11":"taxable","12":"shipping-taxable","13":"purchasable","14":"product-type-simple"},"acf":[],"brands":[{"id":1134,"name":"Image Skincare","slug":"image-skincare"}],"_links":{"self":[{"href":"https:\/\/skinstudio.ee\/lv\/wp-json\/wp\/v2\/product\/60189","targetHints":{"allow":["GET"]}}],"collection":[{"href":"https:\/\/skinstudio.ee\/lv\/wp-json\/wp\/v2\/product"}],"about":[{"href":"https:\/\/skinstudio.ee\/lv\/wp-json\/wp\/v2\/types\/product"}],"version-history":[{"count":0,"href":"https:\/\/skinstudio.ee\/lv\/wp-json\/wp\/v2\/product\/60189\/revisions"}],"wp:featuredmedia":[{"embeddable":true,"href":"https:\/\/skinstudio.ee\/lv\/wp-json\/wp\/v2\/media\/62192"}],"wp:attachment":[{"href":"https:\/\/skinstudio.ee\/lv\/wp-json\/wp\/v2\/media?parent=60189"}],"wp:term":[{"taxonomy":"pwb-brand","embeddable":true,"href":"https:\/\/skinstudio.ee\/lv\/wp-json\/wp\/v2\/pwb-brand?post=60189"},{"taxonomy":"product_brand","embeddable":true,"href":"https:\/\/skinstudio.ee\/lv\/wp-json\/wp\/v2\/product_brand?post=60189"},{"taxonomy":"product_cat","embeddable":true,"href":"https:\/\/skinstudio.ee\/lv\/wp-json\/wp\/v2\/product_cat?post=60189"},{"taxonomy":"product_tag","embeddable":true,"href":"https:\/\/skinstudio.ee\/lv\/wp-json\/wp\/v2\/product_tag?post=60189"},{"taxonomy":"giftcard-category","embeddable":true,"href":"https:\/\/skinstudio.ee\/lv\/wp-json\/wp\/v2\/giftcard-category?post=60189"}],"curies":[{"name":"wp","href":"https:\/\/api.w.org\/{rel}","templated":true}]}}