{"id":60201,"date":"2024-06-13T10:17:03","date_gmt":"2024-06-13T10:17:03","guid":{"rendered":"https:\/\/skinstudio.ee\/?post_type=product&#038;p=60201"},"modified":"2025-12-29T09:56:28","modified_gmt":"2025-12-29T09:56:28","slug":"image-md-restoring-eye-recovery-gel","status":"publish","type":"product","link":"https:\/\/skinstudio.ee\/lv\/catalog\/image-skincare\/image-md-restoring-eye-recovery-gel\/","title":{"rendered":"MD\u00ae Restoring Eye Recovery Gel"},"content":{"rendered":"<p data-start=\"222\" data-end=\"534\">IMAGE MD\u00ae Restoring Eye Recovery Gel ir augstas efektivit\u0101tes acu zonas kr\u0113mg\u0113ls ar pept\u012bdiem un kolag\u0113nu, kas pal\u012bdz samazin\u0101t grumbi\u0146as, piet\u016bkumu un tum\u0161os lokus, vienlaikus nodro\u0161inot intens\u012bvu mitrin\u0101\u0161anu jut\u012bgajai acu zonai. Viegl\u0101 tekst\u016bra \u0101tri ies\u016bcas, padarot \u0101du glud\u0101ku, gai\u0161\u0101ku un redzami atp\u016btu\u0161os.<\/p>\n<p data-start=\"536\" data-end=\"779\">Formula ietver divas ekskluz\u012bvas akt\u012bvo vielu pieg\u0101des sist\u0113mas, kas izstr\u0101d\u0101tas \u012bpa\u0161i MD kolekcijai, nodro\u0161inot efekt\u012bv\u0101ku sast\u0101vda\u013cu nok\u013c\u016b\u0161anu dzi\u013c\u0101kajos \u0101das sl\u0101\u0146os. Regul\u0101ri lietojot, acu zona k\u013c\u016bst stingr\u0101ka, toniz\u0113t\u0101ka un revitaliz\u0113ta.<\/p>\n<p data-start=\"781\" data-end=\"874\">Lieliski piem\u0113rots \u0101dai ar sausumu, bl\u0101vumu, elast\u012bbas zudumu vai izteikt\u0101m noguruma paz\u012bm\u0113m.<\/p>\n<p data-start=\"876\" data-end=\"894\"><strong data-start=\"876\" data-end=\"894\">Tilpums: 15 ml<\/strong><\/p>\n","protected":false},"excerpt":{"rendered":"<p data-start=\"1050\" data-end=\"1071\">Kolag\u0113na acu kr\u0113mg\u0113ls<\/p>\n<h2 data-start=\"1073\" data-end=\"1140\">\u012apa\u0161\u012bbas IMAGE Skincare &#8211; IMAGE MD\u00ae Restoring Eye Recovery Gel<\/h2>\n<p data-start=\"1141\" data-end=\"1355\">\u2714\ufe0f Padara acu zonu glud\u0101ku un stingr\u0101ku<br data-start=\"1180\" data-end=\"1183\" \/>\u2714\ufe0f Samazina smalk\u0101s l\u012bnijas un grumbi\u0146as<br data-start=\"1223\" data-end=\"1226\" \/>\u2714\ufe0f Atsvaidzina un izgaismo noguru\u0161u acu zonu<br data-start=\"1270\" data-end=\"1273\" \/>\u2714\ufe0f Mazina piet\u016bkumu un noguruma paz\u012bmes<br data-start=\"1312\" data-end=\"1315\" \/>\u2714\ufe0f Uzlabo mitrin\u0101\u0161anu un \u0101das komfortu<\/p>\n","protected":false},"featured_media":62187,"template":"","meta":[],"pwb-brand":[1134],"product_brand":[],"product_cat":[733],"product_tag":[],"giftcard-category":[],"class_list":{"0":"post-60201","1":"product","2":"type-product","3":"status-publish","4":"has-post-thumbnail","6":"pwb-brand-image-skincare","7":"product_cat-ada-ap-acim","9":"first","10":"outofstock","11":"taxable","12":"shipping-taxable","13":"purchasable","14":"product-type-simple"},"acf":[],"brands":[{"id":1134,"name":"Image Skincare","slug":"image-skincare"}],"_links":{"self":[{"href":"https:\/\/skinstudio.ee\/lv\/wp-json\/wp\/v2\/product\/60201","targetHints":{"allow":["GET"]}}],"collection":[{"href":"https:\/\/skinstudio.ee\/lv\/wp-json\/wp\/v2\/product"}],"about":[{"href":"https:\/\/skinstudio.ee\/lv\/wp-json\/wp\/v2\/types\/product"}],"version-history":[{"count":0,"href":"https:\/\/skinstudio.ee\/lv\/wp-json\/wp\/v2\/product\/60201\/revisions"}],"wp:featuredmedia":[{"embeddable":true,"href":"https:\/\/skinstudio.ee\/lv\/wp-json\/wp\/v2\/media\/62187"}],"wp:attachment":[{"href":"https:\/\/skinstudio.ee\/lv\/wp-json\/wp\/v2\/media?parent=60201"}],"wp:term":[{"taxonomy":"pwb-brand","embeddable":true,"href":"https:\/\/skinstudio.ee\/lv\/wp-json\/wp\/v2\/pwb-brand?post=60201"},{"taxonomy":"product_brand","embeddable":true,"href":"https:\/\/skinstudio.ee\/lv\/wp-json\/wp\/v2\/product_brand?post=60201"},{"taxonomy":"product_cat","embeddable":true,"href":"https:\/\/skinstudio.ee\/lv\/wp-json\/wp\/v2\/product_cat?post=60201"},{"taxonomy":"product_tag","embeddable":true,"href":"https:\/\/skinstudio.ee\/lv\/wp-json\/wp\/v2\/product_tag?post=60201"},{"taxonomy":"giftcard-category","embeddable":true,"href":"https:\/\/skinstudio.ee\/lv\/wp-json\/wp\/v2\/giftcard-category?post=60201"}],"curies":[{"name":"wp","href":"https:\/\/api.w.org\/{rel}","templated":true}]}}