{"id":60213,"date":"2024-06-13T10:33:01","date_gmt":"2024-06-13T10:33:01","guid":{"rendered":"https:\/\/skinstudio.ee\/?post_type=product&#038;p=60213"},"modified":"2026-02-24T15:02:11","modified_gmt":"2026-02-24T15:02:11","slug":"image-md-restoring-power-c-serum","status":"publish","type":"product","link":"https:\/\/skinstudio.ee\/lv\/catalog\/image-skincare\/image-md-restoring-power-c-serum\/","title":{"rendered":"MD\u00ae Restoring Power-C Serum"},"content":{"rendered":"<p data-start=\"3057\" data-end=\"3341\">MD\u00ae Restoring Power-C Serum ir vismodern\u0101kais C vitam\u012bna serums IMAGE Skincare kl\u0101st\u0101. T\u0101 augstas koncentr\u0101cijas formula apvieno stabiliz\u0113tu 20% C vitam\u012bna formu (tetraheksildecilaskorb\u0101tu) ar hialuronsk\u0101bes kompleksu, kas pal\u012bdz stiprin\u0101t, izgaismot un ilgsto\u0161i mitrin\u0101t \u0101du.<\/p>\n<p data-start=\"3343\" data-end=\"3600\">Ferul\u012bnsk\u0101be un acetilcingerons darbojas k\u0101 sp\u0113c\u012bgi antioksidanti, pastiprinot C vitam\u012bna izl\u012bdzino\u0161o un uzlabojo\u0161o iedarb\u012bbu. Hialuronsk\u0101bes komplekss pal\u012bdz samazin\u0101t mitruma zudumu dzi\u013c\u0101kajos \u0101das sl\u0101\u0146os, padarot \u0101du glud\u0101ku, mitrin\u0101t\u0101ku un mirdzo\u0161\u0101ku.<\/p>\n<p data-start=\"3602\" data-end=\"3750\">Ide\u0101li piem\u0113rots lieto\u0161anai no r\u012bta, kad \u0101dai nepiecie\u0161ama aizsardz\u012bba, svaigums un vienm\u0113r\u012bgs tonis. Var lietot ar\u012b lok\u0101li uz problem\u0101tisk\u0101m zon\u0101m.<\/p>\n<p data-start=\"3752\" data-end=\"3770\"><strong data-start=\"3752\" data-end=\"3770\">Tilpums: 15 ml \/ 30 ml<\/strong><\/p>\n","protected":false},"excerpt":{"rendered":"<p data-start=\"4084\" data-end=\"4113\">Atjaunojo\u0161s C vitam\u012bna serums<\/p>\n<h2 data-start=\"4115\" data-end=\"4180\">\u012apa\u0161\u012bbas IMAGE Skincare &#8211; MD\u00ae Restoring Power-C Serum<\/h2>\n<p data-start=\"4181\" data-end=\"4379\">\u2714\ufe0f Uzlabo \u0101das toni un svaigumu<br data-start=\"4212\" data-end=\"4215\" \/>\u2714\ufe0f Pie\u0161\u0137ir mirdzumu un koptu izskatu<br data-start=\"4251\" data-end=\"4254\" \/>\u2714\ufe0f Veicina gludumu un mitrin\u0101\u0161anu<br data-start=\"4287\" data-end=\"4290\" \/>\u2714\ufe0f Palielina \u0101das komfortu un elast\u012bbu<br data-start=\"4328\" data-end=\"4331\" \/>\u2714\ufe0f Stiprina un atsvaidzina \u0101das kop\u0113jo izskatu<\/p>\n","protected":false},"featured_media":62181,"template":"","meta":[],"pwb-brand":[1134],"product_brand":[],"product_cat":[729,723,753],"product_tag":[],"giftcard-category":[],"class_list":{"0":"post-60213","1":"product","2":"type-product","3":"status-publish","4":"has-post-thumbnail","6":"pwb-brand-image-skincare","7":"product_cat-c-vitamins","8":"product_cat-serumi","9":"product_cat-travel-size-lv","10":"pa_suurus-15ml-lv","11":"pa_suurus-30ml-lv","13":"first","14":"instock","15":"taxable","16":"shipping-taxable","17":"purchasable","18":"product-type-variable"},"acf":[],"brands":[{"id":1134,"name":"Image Skincare","slug":"image-skincare"}],"_links":{"self":[{"href":"https:\/\/skinstudio.ee\/lv\/wp-json\/wp\/v2\/product\/60213","targetHints":{"allow":["GET"]}}],"collection":[{"href":"https:\/\/skinstudio.ee\/lv\/wp-json\/wp\/v2\/product"}],"about":[{"href":"https:\/\/skinstudio.ee\/lv\/wp-json\/wp\/v2\/types\/product"}],"version-history":[{"count":1,"href":"https:\/\/skinstudio.ee\/lv\/wp-json\/wp\/v2\/product\/60213\/revisions"}],"predecessor-version":[{"id":83354,"href":"https:\/\/skinstudio.ee\/lv\/wp-json\/wp\/v2\/product\/60213\/revisions\/83354"}],"wp:featuredmedia":[{"embeddable":true,"href":"https:\/\/skinstudio.ee\/lv\/wp-json\/wp\/v2\/media\/62181"}],"wp:attachment":[{"href":"https:\/\/skinstudio.ee\/lv\/wp-json\/wp\/v2\/media?parent=60213"}],"wp:term":[{"taxonomy":"pwb-brand","embeddable":true,"href":"https:\/\/skinstudio.ee\/lv\/wp-json\/wp\/v2\/pwb-brand?post=60213"},{"taxonomy":"product_brand","embeddable":true,"href":"https:\/\/skinstudio.ee\/lv\/wp-json\/wp\/v2\/product_brand?post=60213"},{"taxonomy":"product_cat","embeddable":true,"href":"https:\/\/skinstudio.ee\/lv\/wp-json\/wp\/v2\/product_cat?post=60213"},{"taxonomy":"product_tag","embeddable":true,"href":"https:\/\/skinstudio.ee\/lv\/wp-json\/wp\/v2\/product_tag?post=60213"},{"taxonomy":"giftcard-category","embeddable":true,"href":"https:\/\/skinstudio.ee\/lv\/wp-json\/wp\/v2\/giftcard-category?post=60213"}],"curies":[{"name":"wp","href":"https:\/\/api.w.org\/{rel}","templated":true}]}}